{"id":19,"date":"2020-12-15T18:43:12","date_gmt":"2020-12-15T18:43:12","guid":{"rendered":"https:\/\/isclientes.com.br\/deep\/?page_id=19"},"modified":"2026-03-07T09:54:34","modified_gmt":"2026-03-07T12:54:34","slug":"alerta-online","status":"publish","type":"page","link":"https:\/\/deepseguros.com.br\/?page_id=19","title":{"rendered":"Alerta OnLine"},"content":{"rendered":"<p style=\"text-align: center;\"><span style=\"color: #0000ff;\">Seguros feitos por aplicativos, sites ou sistemas diretos,<\/span><br \/>\n<span style=\"color: #0000ff;\">sem a orienta\u00e7\u00e3o de um corretor, n\u00e3o s\u00e3o mais baratos, mas sim:<\/span><\/p>\n<p style=\"text-align: center;\"><span style=\"color: #ff0000;\">1<\/span><br \/>\n<span style=\"color: #0000ff;\">N\u00e3o lhe d\u00e3o atendimento especializado e diferenciado, <\/span><span style=\"color: #0000ff;\">em caso de sinistro;<\/span><\/p>\n<p style=\"text-align: center;\"><span style=\"color: #ff0000;\">2<\/span><br \/>\n<span style=\"color: #0000ff;\">Mesmo em caso de uma pane, o que dependendo do hor\u00e1rio e local, <\/span><span style=\"color: #0000ff;\">at\u00e9 por um pneu furado,<\/span><br \/>\n<span style=\"color: #0000ff;\">sua vida pode passar imediatamente a estar sob imenso risco,<\/span><br \/>\n<span style=\"color: #0000ff;\">entretanto, onde poder contar com um corretor, <\/span><span style=\"color: #0000ff;\">pode fazer toda a diferen\u00e7a, para melhor;<\/span><span style=\"color: #ffffff;\">.<\/span><\/p>\n<p style=\"text-align: center;\"><span style=\"color: #ff0000;\">3<\/span><br \/>\n<span style=\"color: #0000ff;\">Pior ainda, ao ligar para a central, n\u00e3o h\u00e1 com quem falar, sen\u00e3o com uma IA<\/span><br \/>\n<span style=\"color: #0000ff;\">que em v\u00e1rias seguradoras, pasme ou n\u00e3o,<\/span><br \/>\n<span style=\"color: #0000ff;\">o acionamento para emerg\u00eancia \u00e9 a 5\u00ba op\u00e7\u00e3o do menu de escolha<\/span><span style=\"color: #0000ff;\">;<\/span><\/p>\n<p style=\"text-align: center;\"><span style=\"color: #ff0000;\">4<\/span><br \/>\n<span style=\"color: #0000ff;\">Como se n\u00e3o bastasse tudo isso, que estes seguros n\u00e3o tem em seguran\u00e7a,<\/span><br \/>\n<span style=\"color: #0000ff;\">some-se, pasme ou n\u00e3o,<\/span><br \/>\n<span style=\"color: #0000ff;\">neles n\u00e3o se tem todas as coberturas de que se pode realmente necessitar;<\/span><\/p>\n<p style=\"text-align: center;\"><span style=\"color: #ff0000;\">5<\/span><br \/>\n<span style=\"color: #0000ff;\">E em v\u00e1rios casos, algumas verbas de coberturas fundamentais<\/span><br \/>\n<span style=\"color: #0000ff;\">s\u00e3o at\u00e9 limitadas a valores extremamente perigosos, <\/span><span style=\"color: #0000ff;\">na verdade,<\/span> <span style=\"color: #ff0000;\">pior que isso<\/span><span style=\"color: #0000ff;\">,<\/span><br \/>\n<span style=\"color: #0000ff;\">mas que est\u00e3o assim disponibilizadas e s\u00e3o as \u00fanicas op\u00e7\u00f5es do segurado,<\/span><br \/>\n<span style=\"color: #0000ff;\">na sua contrata\u00e7\u00e3ozinha online,<\/span> <span style=\"color: #ff0000;\">mais barata<\/span><span style=\"color: #0000ff;\">,<\/span><br \/>\n<span style=\"color: #0000ff;\">saiba ele ou n\u00e3o que um erro ou falha no seu seguro auto,<\/span><br \/>\n<span style=\"color: #0000ff;\">por exemplo, ELE pode vir a comprometer n\u00e3o somente sua vida, <\/span><span style=\"color: #0000ff;\">mas a se seus familiares,<\/span><br \/>\n<span style=\"color: #0000ff;\">por causa de um seguro mal feito ou contratado com verbas baixas,<\/span><br \/>\n<span style=\"color: #ff0000;\">economia que pode vir a se tornar uma desgra\u00e7a<\/span><span style=\"color: #0000ff;\">, e n\u00e3o menos que isso, <\/span><span style=\"color: #0000ff;\">para todos.<\/span><\/p>\n<p style=\"text-align: center;\"><span style=\"color: #ffffff;\">.<\/span><br \/>\n<span style=\"color: #0000ff;\">H\u00e1 outras quest\u00f5es mais, aqui n\u00e3o consideradas.<\/span><\/p>\n<p style=\"text-align: center;\"><span style=\"color: #0000ff;\">O seguro feito com um excelente corretor n\u00e3o \u00e9 mais caro, <\/span><span style=\"color: #0000ff;\">mas sim, <\/span><span style=\"color: #ff0000;\">v\u00e1rias vezes MELHOR<\/span><span style=\"color: #0000ff;\">, em TUDO.<\/span><span style=\"color: #ffffff;\">.<\/span><\/p>\n<p><img fetchpriority=\"high\" decoding=\"async\" class=\"size-medium wp-image-1285 aligncenter\" src=\"http:\/\/deepseguros.com.br\/wp-content\/uploads\/2022\/06\/LOGO-300x167.png\" alt=\"\" width=\"300\" height=\"167\" srcset=\"https:\/\/deepseguros.com.br\/wp-content\/uploads\/2022\/06\/LOGO-300x167.png 300w, https:\/\/deepseguros.com.br\/wp-content\/uploads\/2022\/06\/LOGO-1024x570.png 1024w, https:\/\/deepseguros.com.br\/wp-content\/uploads\/2022\/06\/LOGO-768x427.png 768w, https:\/\/deepseguros.com.br\/wp-content\/uploads\/2022\/06\/LOGO.png 1080w\" sizes=\"(max-width: 300px) 100vw, 300px\" \/><\/p>\n","protected":false},"excerpt":{"rendered":"<p>Seguros feitos por aplicativos, sites ou sistemas diretos, sem a orienta\u00e7\u00e3o de um corretor, n\u00e3o s\u00e3o mais baratos, mas sim: 1 N\u00e3o lhe d\u00e3o atendimento especializado e diferenciado, em caso de sinistro; 2 Mesmo em caso de uma pane, o que dependendo do hor\u00e1rio e local, at\u00e9 por um pneu furado, sua vida pode passar [&hellip;]<\/p>\n","protected":false},"author":1,"featured_media":0,"parent":0,"menu_order":0,"comment_status":"closed","ping_status":"closed","template":"","meta":{"site-sidebar-layout":"default","site-content-layout":"default","ast-site-content-layout":"default","site-content-style":"default","site-sidebar-style":"default","ast-global-header-display":"","ast-banner-title-visibility":"","ast-main-header-display":"","ast-hfb-above-header-display":"","ast-hfb-below-header-display":"","ast-hfb-mobile-header-display":"","site-post-title":"","ast-breadcrumbs-content":"","ast-featured-img":"","footer-sml-layout":"","ast-disable-related-posts":"","theme-transparent-header-meta":"default","adv-header-id-meta":"","stick-header-meta":"","header-above-stick-meta":"","header-main-stick-meta":"","header-below-stick-meta":"","astra-migrate-meta-layouts":"set","ast-page-background-enabled":"default","ast-page-background-meta":{"desktop":{"background-color":"var(--ast-global-color-4)","background-image":"","background-repeat":"repeat","background-position":"center center","background-size":"auto","background-attachment":"scroll","background-type":"","background-media":"","overlay-type":"","overlay-color":"","overlay-opacity":"","overlay-gradient":""},"tablet":{"background-color":"","background-image":"","background-repeat":"repeat","background-position":"center center","background-size":"auto","background-attachment":"scroll","background-type":"","background-media":"","overlay-type":"","overlay-color":"","overlay-opacity":"","overlay-gradient":""},"mobile":{"background-color":"","background-image":"","background-repeat":"repeat","background-position":"center center","background-size":"auto","background-attachment":"scroll","background-type":"","background-media":"","overlay-type":"","overlay-color":"","overlay-opacity":"","overlay-gradient":""}},"ast-content-background-meta":{"desktop":{"background-color":"var(--ast-global-color-5)","background-image":"","background-repeat":"repeat","background-position":"center center","background-size":"auto","background-attachment":"scroll","background-type":"","background-media":"","overlay-type":"","overlay-color":"","overlay-opacity":"","overlay-gradient":""},"tablet":{"background-color":"var(--ast-global-color-5)","background-image":"","background-repeat":"repeat","background-position":"center center","background-size":"auto","background-attachment":"scroll","background-type":"","background-media":"","overlay-type":"","overlay-color":"","overlay-opacity":"","overlay-gradient":""},"mobile":{"background-color":"var(--ast-global-color-5)","background-image":"","background-repeat":"repeat","background-position":"center center","background-size":"auto","background-attachment":"scroll","background-type":"","background-media":"","overlay-type":"","overlay-color":"","overlay-opacity":"","overlay-gradient":""}},"footnotes":""},"class_list":["post-19","page","type-page","status-publish","hentry"],"yoast_head":"<!-- This site is optimized with the Yoast SEO plugin v27.4 - https:\/\/yoast.com\/product\/yoast-seo-wordpress\/ -->\n<title>Alerta OnLine - Deep Seguros<\/title>\n<meta name=\"robots\" content=\"index, follow, max-snippet:-1, max-image-preview:large, max-video-preview:-1\" \/>\n<link rel=\"canonical\" href=\"https:\/\/deepseguros.com.br\/?page_id=19\" \/>\n<meta property=\"og:locale\" content=\"pt_BR\" \/>\n<meta property=\"og:type\" content=\"article\" \/>\n<meta property=\"og:title\" content=\"Alerta OnLine - Deep Seguros\" \/>\n<meta property=\"og:description\" content=\"Seguros feitos por aplicativos, sites ou sistemas diretos, sem a orienta\u00e7\u00e3o de um corretor, n\u00e3o s\u00e3o mais baratos, mas sim: 1 N\u00e3o lhe d\u00e3o atendimento especializado e diferenciado, em caso de sinistro; 2 Mesmo em caso de uma pane, o que dependendo do hor\u00e1rio e local, at\u00e9 por um pneu furado, sua vida pode passar [&hellip;]\" \/>\n<meta property=\"og:url\" content=\"https:\/\/deepseguros.com.br\/?page_id=19\" \/>\n<meta property=\"og:site_name\" content=\"Deep Seguros\" \/>\n<meta property=\"article:modified_time\" content=\"2026-03-07T12:54:34+00:00\" \/>\n<meta property=\"og:image\" content=\"https:\/\/deepseguros.com.br\/wp-content\/uploads\/2022\/06\/LOGO.png\" \/>\n\t<meta property=\"og:image:width\" content=\"1080\" \/>\n\t<meta property=\"og:image:height\" content=\"601\" \/>\n\t<meta property=\"og:image:type\" content=\"image\/png\" \/>\n<meta name=\"twitter:card\" content=\"summary_large_image\" \/>\n<meta name=\"twitter:label1\" content=\"Est. tempo de leitura\" \/>\n\t<meta name=\"twitter:data1\" content=\"2 minutos\" \/>\n<script type=\"application\/ld+json\" class=\"yoast-schema-graph\">{\"@context\":\"https:\\\/\\\/schema.org\",\"@graph\":[{\"@type\":\"WebPage\",\"@id\":\"https:\\\/\\\/deepseguros.com.br\\\/?page_id=19\",\"url\":\"https:\\\/\\\/deepseguros.com.br\\\/?page_id=19\",\"name\":\"Alerta OnLine - Deep Seguros\",\"isPartOf\":{\"@id\":\"https:\\\/\\\/deepseguros.com.br\\\/#website\"},\"primaryImageOfPage\":{\"@id\":\"https:\\\/\\\/deepseguros.com.br\\\/?page_id=19#primaryimage\"},\"image\":{\"@id\":\"https:\\\/\\\/deepseguros.com.br\\\/?page_id=19#primaryimage\"},\"thumbnailUrl\":\"http:\\\/\\\/deepseguros.com.br\\\/wp-content\\\/uploads\\\/2022\\\/06\\\/LOGO-300x167.png\",\"datePublished\":\"2020-12-15T18:43:12+00:00\",\"dateModified\":\"2026-03-07T12:54:34+00:00\",\"breadcrumb\":{\"@id\":\"https:\\\/\\\/deepseguros.com.br\\\/?page_id=19#breadcrumb\"},\"inLanguage\":\"pt-BR\",\"potentialAction\":[{\"@type\":\"ReadAction\",\"target\":[\"https:\\\/\\\/deepseguros.com.br\\\/?page_id=19\"]}]},{\"@type\":\"ImageObject\",\"inLanguage\":\"pt-BR\",\"@id\":\"https:\\\/\\\/deepseguros.com.br\\\/?page_id=19#primaryimage\",\"url\":\"https:\\\/\\\/deepseguros.com.br\\\/wp-content\\\/uploads\\\/2022\\\/06\\\/LOGO.png\",\"contentUrl\":\"https:\\\/\\\/deepseguros.com.br\\\/wp-content\\\/uploads\\\/2022\\\/06\\\/LOGO.png\",\"width\":1080,\"height\":601},{\"@type\":\"BreadcrumbList\",\"@id\":\"https:\\\/\\\/deepseguros.com.br\\\/?page_id=19#breadcrumb\",\"itemListElement\":[{\"@type\":\"ListItem\",\"position\":1,\"name\":\"In\u00edcio\",\"item\":\"https:\\\/\\\/deepseguros.com.br\\\/\"},{\"@type\":\"ListItem\",\"position\":2,\"name\":\"Alerta OnLine\"}]},{\"@type\":\"WebSite\",\"@id\":\"https:\\\/\\\/deepseguros.com.br\\\/#website\",\"url\":\"https:\\\/\\\/deepseguros.com.br\\\/\",\"name\":\"Deep Seguros\",\"description\":\"24h de tranquilidade, todos os dias\",\"potentialAction\":[{\"@type\":\"SearchAction\",\"target\":{\"@type\":\"EntryPoint\",\"urlTemplate\":\"https:\\\/\\\/deepseguros.com.br\\\/?s={search_term_string}\"},\"query-input\":{\"@type\":\"PropertyValueSpecification\",\"valueRequired\":true,\"valueName\":\"search_term_string\"}}],\"inLanguage\":\"pt-BR\"}]}<\/script>\n<!-- \/ Yoast SEO plugin. -->","yoast_head_json":{"title":"Alerta OnLine - Deep Seguros","robots":{"index":"index","follow":"follow","max-snippet":"max-snippet:-1","max-image-preview":"max-image-preview:large","max-video-preview":"max-video-preview:-1"},"canonical":"https:\/\/deepseguros.com.br\/?page_id=19","og_locale":"pt_BR","og_type":"article","og_title":"Alerta OnLine - Deep Seguros","og_description":"Seguros feitos por aplicativos, sites ou sistemas diretos, sem a orienta\u00e7\u00e3o de um corretor, n\u00e3o s\u00e3o mais baratos, mas sim: 1 N\u00e3o lhe d\u00e3o atendimento especializado e diferenciado, em caso de sinistro; 2 Mesmo em caso de uma pane, o que dependendo do hor\u00e1rio e local, at\u00e9 por um pneu furado, sua vida pode passar [&hellip;]","og_url":"https:\/\/deepseguros.com.br\/?page_id=19","og_site_name":"Deep Seguros","article_modified_time":"2026-03-07T12:54:34+00:00","og_image":[{"width":1080,"height":601,"url":"https:\/\/deepseguros.com.br\/wp-content\/uploads\/2022\/06\/LOGO.png","type":"image\/png"}],"twitter_card":"summary_large_image","twitter_misc":{"Est. tempo de leitura":"2 minutos"},"schema":{"@context":"https:\/\/schema.org","@graph":[{"@type":"WebPage","@id":"https:\/\/deepseguros.com.br\/?page_id=19","url":"https:\/\/deepseguros.com.br\/?page_id=19","name":"Alerta OnLine - Deep Seguros","isPartOf":{"@id":"https:\/\/deepseguros.com.br\/#website"},"primaryImageOfPage":{"@id":"https:\/\/deepseguros.com.br\/?page_id=19#primaryimage"},"image":{"@id":"https:\/\/deepseguros.com.br\/?page_id=19#primaryimage"},"thumbnailUrl":"http:\/\/deepseguros.com.br\/wp-content\/uploads\/2022\/06\/LOGO-300x167.png","datePublished":"2020-12-15T18:43:12+00:00","dateModified":"2026-03-07T12:54:34+00:00","breadcrumb":{"@id":"https:\/\/deepseguros.com.br\/?page_id=19#breadcrumb"},"inLanguage":"pt-BR","potentialAction":[{"@type":"ReadAction","target":["https:\/\/deepseguros.com.br\/?page_id=19"]}]},{"@type":"ImageObject","inLanguage":"pt-BR","@id":"https:\/\/deepseguros.com.br\/?page_id=19#primaryimage","url":"https:\/\/deepseguros.com.br\/wp-content\/uploads\/2022\/06\/LOGO.png","contentUrl":"https:\/\/deepseguros.com.br\/wp-content\/uploads\/2022\/06\/LOGO.png","width":1080,"height":601},{"@type":"BreadcrumbList","@id":"https:\/\/deepseguros.com.br\/?page_id=19#breadcrumb","itemListElement":[{"@type":"ListItem","position":1,"name":"In\u00edcio","item":"https:\/\/deepseguros.com.br\/"},{"@type":"ListItem","position":2,"name":"Alerta OnLine"}]},{"@type":"WebSite","@id":"https:\/\/deepseguros.com.br\/#website","url":"https:\/\/deepseguros.com.br\/","name":"Deep Seguros","description":"24h de tranquilidade, todos os dias","potentialAction":[{"@type":"SearchAction","target":{"@type":"EntryPoint","urlTemplate":"https:\/\/deepseguros.com.br\/?s={search_term_string}"},"query-input":{"@type":"PropertyValueSpecification","valueRequired":true,"valueName":"search_term_string"}}],"inLanguage":"pt-BR"}]}},"_links":{"self":[{"href":"https:\/\/deepseguros.com.br\/index.php?rest_route=\/wp\/v2\/pages\/19","targetHints":{"allow":["GET"]}}],"collection":[{"href":"https:\/\/deepseguros.com.br\/index.php?rest_route=\/wp\/v2\/pages"}],"about":[{"href":"https:\/\/deepseguros.com.br\/index.php?rest_route=\/wp\/v2\/types\/page"}],"author":[{"embeddable":true,"href":"https:\/\/deepseguros.com.br\/index.php?rest_route=\/wp\/v2\/users\/1"}],"replies":[{"embeddable":true,"href":"https:\/\/deepseguros.com.br\/index.php?rest_route=%2Fwp%2Fv2%2Fcomments&post=19"}],"version-history":[{"count":9,"href":"https:\/\/deepseguros.com.br\/index.php?rest_route=\/wp\/v2\/pages\/19\/revisions"}],"predecessor-version":[{"id":1386,"href":"https:\/\/deepseguros.com.br\/index.php?rest_route=\/wp\/v2\/pages\/19\/revisions\/1386"}],"wp:attachment":[{"href":"https:\/\/deepseguros.com.br\/index.php?rest_route=%2Fwp%2Fv2%2Fmedia&parent=19"}],"curies":[{"name":"wp","href":"https:\/\/api.w.org\/{rel}","templated":true}]}}