{"id":21,"date":"2020-12-15T18:45:15","date_gmt":"2020-12-15T18:45:15","guid":{"rendered":"https:\/\/isclientes.com.br\/deep\/?page_id=21"},"modified":"2026-03-08T19:00:40","modified_gmt":"2026-03-08T22:00:40","slug":"como-proceder","status":"publish","type":"page","link":"https:\/\/deepseguros.com.br\/?page_id=21","title":{"rendered":"Acidentes"},"content":{"rendered":"\n<p><\/p>\n\n\n<p><img decoding=\"async\" class=\"alignnone  wp-image-1392 aligncenter\" src=\"http:\/\/deepseguros.com.br\/wp-content\/uploads\/2026\/03\/z-0001-300x153.png\" alt=\"\" width=\"259\" height=\"132\" srcset=\"https:\/\/deepseguros.com.br\/wp-content\/uploads\/2026\/03\/z-0001-300x153.png 300w, https:\/\/deepseguros.com.br\/wp-content\/uploads\/2026\/03\/z-0001.png 435w\" sizes=\"(max-width: 259px) 100vw, 259px\" \/><\/p>\n<p style=\"text-align: center;\"><span style=\"color: #ff0000;\">Como proceder<\/span><\/p>\n<p>.<\/p>\n<p><img fetchpriority=\"high\" decoding=\"async\" class=\"alignnone  wp-image-1396 aligncenter\" src=\"http:\/\/deepseguros.com.br\/wp-content\/uploads\/2026\/03\/z-0002-300x199.png\" alt=\"\" width=\"509\" height=\"338\" srcset=\"https:\/\/deepseguros.com.br\/wp-content\/uploads\/2026\/03\/z-0002-300x199.png 300w, https:\/\/deepseguros.com.br\/wp-content\/uploads\/2026\/03\/z-0002.png 638w\" sizes=\"(max-width: 509px) 100vw, 509px\" \/><\/p>\n<p style=\"text-align: center;\"><span style=\"color: #0000ff;\">Se voc\u00ea for<\/span> <span style=\"color: #ff0000;\">culpado<\/span> <span style=\"color: #0000ff;\">pelo evento, d\u00ea nossos n\u00fameros de telefones<\/span><br \/><span style=\"color: #0000ff;\">ao propriet\u00e1rio ou condutor do outro ve\u00edculo,<\/span><br \/><span style=\"color: #0000ff;\">e o tranquilize, <\/span><span style=\"color: #0000ff;\">pois seu seguro cobre os danos causados.<\/span><\/p>\n<p style=\"text-align: center;\"><span style=\"color: #0000ff;\">Em ele(a) querendo que seja feita ocorr\u00eancia e h\u00e1 possibilidade,<\/span><br \/><span style=\"color: #0000ff;\">\u00e9 bom que seja realizada no local.<\/span><\/p>\n<p style=\"text-align: center;\"><span style=\"color: #0000ff;\">Havendo acordo das partes de quem \u00e9 culpado ou n\u00e3o,<\/span><br \/><span style=\"color: #0000ff;\">e desde que n\u00e3o tenha ocorrido les\u00e3o corporal,<\/span><br \/><span style=\"color: #0000ff;\">o B.O. poder\u00e1 ser feito pela internet<\/span><br \/><a href=\"https:\/\/www.delegaciaonline.rs.gov.br\/dol\/#!\/index\/main\">https:\/\/www.delegaciaonline.rs.gov.br\/dol\/#!\/index\/main<\/a><\/p>\n<p><img decoding=\"async\" class=\"alignnone size-full wp-image-1399 aligncenter\" src=\"http:\/\/deepseguros.com.br\/wp-content\/uploads\/2026\/03\/z-0004.png\" alt=\"\" width=\"260\" height=\"142\" \/><\/p>\n<p style=\"text-align: center;\"><span style=\"color: #0000ff;\">Em caso de acidente com motocicletas,<\/span><br \/><span style=\"color: #0000ff;\">sempre chame a ambul\u00e2ncia, fa\u00e7a a ocorr\u00eancia policial no local <\/span><span style=\"color: #0000ff;\">e avise-nos,<\/span><br \/><span style=\"color: #0000ff;\">para que entremos em contato com o acidentado e verifiquemos<\/span><br \/><span style=\"color: #0000ff;\">o que \u00e9 necess\u00e1rio fazer,<\/span><br \/><span style=\"color: #0000ff;\">principalmente para que n\u00e3o seja criada situa\u00e7\u00e3o,<\/span><br \/><span style=\"color: #0000ff;\">posterior,<\/span><br \/><span style=\"color: #0000ff;\">de que n\u00e3o foi dado atendimento de socorro e aten\u00e7\u00e3o ao caso.<\/span><\/p>\n<p><img loading=\"lazy\" decoding=\"async\" class=\"alignnone size-medium wp-image-1400 aligncenter\" src=\"http:\/\/deepseguros.com.br\/wp-content\/uploads\/2026\/03\/z-0005-300x297.png\" alt=\"\" width=\"300\" height=\"297\" srcset=\"https:\/\/deepseguros.com.br\/wp-content\/uploads\/2026\/03\/z-0005-300x297.png 300w, https:\/\/deepseguros.com.br\/wp-content\/uploads\/2026\/03\/z-0005-150x150.png 150w, https:\/\/deepseguros.com.br\/wp-content\/uploads\/2026\/03\/z-0005.png 355w\" sizes=\"(max-width: 300px) 100vw, 300px\" \/><\/p>\n<p>.<\/p>\n<p><span style=\"color: #ffffff;\">.<\/span><\/p>\n<p style=\"text-align: center;\"><span style=\"color: #0000ff;\">Se voc\u00ea for<\/span> <span style=\"color: #ff0000;\">v\u00edtima<\/span><span style=\"color: #0000ff;\">, ou seja, caso tenham colidido em seu ve\u00edculo,<\/span><br \/><span style=\"color: #0000ff;\">\u00e9 importante fazer a ocorr\u00eancia no local,<\/span><br \/><span style=\"color: #0000ff;\">pois em v\u00e1rios casos as pessoas,<\/span><br \/><span style=\"color: #0000ff;\">depois,<\/span><br \/><span style=\"color: #0000ff;\">n\u00e3o querem mais se responsabilizar pelos danos.<\/span><\/p>\n<p style=\"text-align: center;\"><img loading=\"lazy\" decoding=\"async\" class=\"alignnone size-medium wp-image-1401\" src=\"http:\/\/deepseguros.com.br\/wp-content\/uploads\/2026\/03\/z-0006-300x300.png\" alt=\"\" width=\"300\" height=\"300\" srcset=\"https:\/\/deepseguros.com.br\/wp-content\/uploads\/2026\/03\/z-0006-300x300.png 300w, https:\/\/deepseguros.com.br\/wp-content\/uploads\/2026\/03\/z-0006-150x150.png 150w, https:\/\/deepseguros.com.br\/wp-content\/uploads\/2026\/03\/z-0006.png 385w\" sizes=\"(max-width: 300px) 100vw, 300px\" \/><\/p>\n<p style=\"text-align: center;\"><span style=\"color: #0000ff;\">No momento, n\u00e3o havendo como chamar a EPTC ou Brigada Militar,<\/span><br \/><span style=\"color: #0000ff;\">tire v\u00e1rias fotos dos ve\u00edculos.<\/span><\/p>\n<p style=\"text-align: center;\"><span style=\"color: #0000ff;\">Algumas devem ser de longe, aparecendo bem<\/span><br \/><span style=\"color: #0000ff;\">os ve\u00edculos envolvidos,<\/span><br \/><span style=\"color: #0000ff;\">e outras<\/span><br \/><span style=\"color: #0000ff;\">mais de perto, mostrando bem os danos,<\/span><br \/><span style=\"color: #0000ff;\">e \u201cprincipalmente\u201d aparecendo a<\/span> <span style=\"color: #ff0000;\">placa dos ve\u00edculos<\/span><span style=\"color: #0000ff;\">.<\/span><\/p>\n<p style=\"text-align: center;\"><span style=\"color: #0000ff;\">Com isso,<\/span><br \/><span style=\"color: #0000ff;\">caso o causador se negue a fazer o pagamento dos danos,<\/span><br \/><span style=\"color: #0000ff;\">j\u00e1 se ter\u00e1 uma importante prova em ju\u00edzo, o que for\u00e7ar\u00e1 o causador<\/span><br \/><span style=\"color: #0000ff;\">a fazer o acerto devido.<\/span><\/p>\n<p style=\"text-align: center;\"><span style=\"color: #0000ff;\">Esse \u00e9 um recurso, que dever\u00e1 resolver na maioria dos casos.<\/span><\/p>\n<p style=\"text-align: center;\"><span style=\"color: #0000ff;\">Mas lembre-se, sempre que algo ocorrer, o ideal \u00e9 fazer o BO no local.<\/span><\/p>\n<p style=\"text-align: center;\"><span style=\"color: #0000ff;\">Ligue a qualquer momento,<\/span><br \/><span style=\"color: #0000ff;\">e decidiremos, juntos, os melhores passos a serem dados.<\/span><\/p>\n<p style=\"text-align: center;\"><img loading=\"lazy\" decoding=\"async\" class=\"alignnone size-medium wp-image-1285\" src=\"http:\/\/deepseguros.com.br\/wp-content\/uploads\/2022\/06\/LOGO-300x167.png\" alt=\"\" width=\"300\" height=\"167\" srcset=\"https:\/\/deepseguros.com.br\/wp-content\/uploads\/2022\/06\/LOGO-300x167.png 300w, https:\/\/deepseguros.com.br\/wp-content\/uploads\/2022\/06\/LOGO-1024x570.png 1024w, https:\/\/deepseguros.com.br\/wp-content\/uploads\/2022\/06\/LOGO-768x427.png 768w, https:\/\/deepseguros.com.br\/wp-content\/uploads\/2022\/06\/LOGO.png 1080w\" sizes=\"(max-width: 300px) 100vw, 300px\" \/><\/p>\n<p style=\"text-align: center;\"><span style=\"color: #0000ff;\">Dener\u00a0 \u00a0 \u00a0Diogo<\/span><br \/><span style=\"color: #ff0000;\">51-9.9113.0004\u00a0 \u00a0 \u00a051-9.9927.9091<\/span><br \/><a href=\"dener@deepseguros.com.br\">dener@deepseguros.com.br<\/a>\u00a0 \u00a0 \u00a0<a href=\"diogo@deepseguros.com.br\">diogo@deepseguros.com.br<\/a><\/p>\n<p style=\"text-align: center;\"><span style=\"color: #27a127;\">Desde 1994, 24h de tranquilidade, todos os dias.<\/span><\/p>\n\n\n<p><\/p>\n","protected":false},"excerpt":{"rendered":"<p>Como proceder . Se voc\u00ea for culpado pelo evento, d\u00ea nossos n\u00fameros de telefonesao propriet\u00e1rio ou condutor do outro ve\u00edculo,e o tranquilize, pois seu seguro cobre os danos causados. Em ele(a) querendo que seja feita ocorr\u00eancia e h\u00e1 possibilidade,\u00e9 bom que seja realizada no local. Havendo acordo das partes de quem \u00e9 culpado ou n\u00e3o,e [&hellip;]<\/p>\n","protected":false},"author":1,"featured_media":0,"parent":0,"menu_order":0,"comment_status":"closed","ping_status":"closed","template":"","meta":{"site-sidebar-layout":"default","site-content-layout":"default","ast-site-content-layout":"default","site-content-style":"default","site-sidebar-style":"default","ast-global-header-display":"","ast-banner-title-visibility":"","ast-main-header-display":"","ast-hfb-above-header-display":"","ast-hfb-below-header-display":"","ast-hfb-mobile-header-display":"","site-post-title":"","ast-breadcrumbs-content":"","ast-featured-img":"","footer-sml-layout":"","ast-disable-related-posts":"","theme-transparent-header-meta":"default","adv-header-id-meta":"","stick-header-meta":"","header-above-stick-meta":"","header-main-stick-meta":"","header-below-stick-meta":"","astra-migrate-meta-layouts":"set","ast-page-background-enabled":"default","ast-page-background-meta":{"desktop":{"background-color":"var(--ast-global-color-4)","background-image":"","background-repeat":"repeat","background-position":"center center","background-size":"auto","background-attachment":"scroll","background-type":"","background-media":"","overlay-type":"","overlay-color":"","overlay-opacity":"","overlay-gradient":""},"tablet":{"background-color":"","background-image":"","background-repeat":"repeat","background-position":"center center","background-size":"auto","background-attachment":"scroll","background-type":"","background-media":"","overlay-type":"","overlay-color":"","overlay-opacity":"","overlay-gradient":""},"mobile":{"background-color":"","background-image":"","background-repeat":"repeat","background-position":"center center","background-size":"auto","background-attachment":"scroll","background-type":"","background-media":"","overlay-type":"","overlay-color":"","overlay-opacity":"","overlay-gradient":""}},"ast-content-background-meta":{"desktop":{"background-color":"var(--ast-global-color-5)","background-image":"","background-repeat":"repeat","background-position":"center center","background-size":"auto","background-attachment":"scroll","background-type":"","background-media":"","overlay-type":"","overlay-color":"","overlay-opacity":"","overlay-gradient":""},"tablet":{"background-color":"var(--ast-global-color-5)","background-image":"","background-repeat":"repeat","background-position":"center center","background-size":"auto","background-attachment":"scroll","background-type":"","background-media":"","overlay-type":"","overlay-color":"","overlay-opacity":"","overlay-gradient":""},"mobile":{"background-color":"var(--ast-global-color-5)","background-image":"","background-repeat":"repeat","background-position":"center center","background-size":"auto","background-attachment":"scroll","background-type":"","background-media":"","overlay-type":"","overlay-color":"","overlay-opacity":"","overlay-gradient":""}},"footnotes":""},"class_list":["post-21","page","type-page","status-publish","hentry"],"yoast_head":"<!-- This site is optimized with the Yoast SEO plugin v27.4 - https:\/\/yoast.com\/product\/yoast-seo-wordpress\/ -->\n<title>Acidentes - Deep Seguros<\/title>\n<meta name=\"robots\" content=\"index, follow, max-snippet:-1, max-image-preview:large, max-video-preview:-1\" \/>\n<link rel=\"canonical\" href=\"https:\/\/deepseguros.com.br\/?page_id=21\" \/>\n<meta property=\"og:locale\" content=\"pt_BR\" \/>\n<meta property=\"og:type\" content=\"article\" \/>\n<meta property=\"og:title\" content=\"Acidentes - Deep Seguros\" \/>\n<meta property=\"og:description\" content=\"Como proceder . Se voc\u00ea for culpado pelo evento, d\u00ea nossos n\u00fameros de telefonesao propriet\u00e1rio ou condutor do outro ve\u00edculo,e o tranquilize, pois seu seguro cobre os danos causados. Em ele(a) querendo que seja feita ocorr\u00eancia e h\u00e1 possibilidade,\u00e9 bom que seja realizada no local. Havendo acordo das partes de quem \u00e9 culpado ou n\u00e3o,e [&hellip;]\" \/>\n<meta property=\"og:url\" content=\"https:\/\/deepseguros.com.br\/?page_id=21\" \/>\n<meta property=\"og:site_name\" content=\"Deep Seguros\" \/>\n<meta property=\"article:modified_time\" content=\"2026-03-08T22:00:40+00:00\" \/>\n<meta property=\"og:image\" content=\"https:\/\/deepseguros.com.br\/wp-content\/uploads\/2026\/03\/z-0001.png\" \/>\n\t<meta property=\"og:image:width\" content=\"435\" \/>\n\t<meta property=\"og:image:height\" content=\"222\" \/>\n\t<meta property=\"og:image:type\" content=\"image\/png\" \/>\n<meta name=\"twitter:card\" content=\"summary_large_image\" \/>\n<meta name=\"twitter:label1\" content=\"Est. tempo de leitura\" \/>\n\t<meta name=\"twitter:data1\" content=\"3 minutos\" \/>\n<script type=\"application\/ld+json\" class=\"yoast-schema-graph\">{\"@context\":\"https:\\\/\\\/schema.org\",\"@graph\":[{\"@type\":\"WebPage\",\"@id\":\"https:\\\/\\\/deepseguros.com.br\\\/?page_id=21\",\"url\":\"https:\\\/\\\/deepseguros.com.br\\\/?page_id=21\",\"name\":\"Acidentes - Deep Seguros\",\"isPartOf\":{\"@id\":\"https:\\\/\\\/deepseguros.com.br\\\/#website\"},\"primaryImageOfPage\":{\"@id\":\"https:\\\/\\\/deepseguros.com.br\\\/?page_id=21#primaryimage\"},\"image\":{\"@id\":\"https:\\\/\\\/deepseguros.com.br\\\/?page_id=21#primaryimage\"},\"thumbnailUrl\":\"http:\\\/\\\/deepseguros.com.br\\\/wp-content\\\/uploads\\\/2026\\\/03\\\/z-0001-300x153.png\",\"datePublished\":\"2020-12-15T18:45:15+00:00\",\"dateModified\":\"2026-03-08T22:00:40+00:00\",\"breadcrumb\":{\"@id\":\"https:\\\/\\\/deepseguros.com.br\\\/?page_id=21#breadcrumb\"},\"inLanguage\":\"pt-BR\",\"potentialAction\":[{\"@type\":\"ReadAction\",\"target\":[\"https:\\\/\\\/deepseguros.com.br\\\/?page_id=21\"]}]},{\"@type\":\"ImageObject\",\"inLanguage\":\"pt-BR\",\"@id\":\"https:\\\/\\\/deepseguros.com.br\\\/?page_id=21#primaryimage\",\"url\":\"https:\\\/\\\/deepseguros.com.br\\\/wp-content\\\/uploads\\\/2026\\\/03\\\/z-0001.png\",\"contentUrl\":\"https:\\\/\\\/deepseguros.com.br\\\/wp-content\\\/uploads\\\/2026\\\/03\\\/z-0001.png\",\"width\":435,\"height\":222},{\"@type\":\"BreadcrumbList\",\"@id\":\"https:\\\/\\\/deepseguros.com.br\\\/?page_id=21#breadcrumb\",\"itemListElement\":[{\"@type\":\"ListItem\",\"position\":1,\"name\":\"In\u00edcio\",\"item\":\"https:\\\/\\\/deepseguros.com.br\\\/\"},{\"@type\":\"ListItem\",\"position\":2,\"name\":\"Acidentes\"}]},{\"@type\":\"WebSite\",\"@id\":\"https:\\\/\\\/deepseguros.com.br\\\/#website\",\"url\":\"https:\\\/\\\/deepseguros.com.br\\\/\",\"name\":\"Deep Seguros\",\"description\":\"24h de tranquilidade, todos os dias\",\"potentialAction\":[{\"@type\":\"SearchAction\",\"target\":{\"@type\":\"EntryPoint\",\"urlTemplate\":\"https:\\\/\\\/deepseguros.com.br\\\/?s={search_term_string}\"},\"query-input\":{\"@type\":\"PropertyValueSpecification\",\"valueRequired\":true,\"valueName\":\"search_term_string\"}}],\"inLanguage\":\"pt-BR\"}]}<\/script>\n<!-- \/ Yoast SEO plugin. -->","yoast_head_json":{"title":"Acidentes - Deep Seguros","robots":{"index":"index","follow":"follow","max-snippet":"max-snippet:-1","max-image-preview":"max-image-preview:large","max-video-preview":"max-video-preview:-1"},"canonical":"https:\/\/deepseguros.com.br\/?page_id=21","og_locale":"pt_BR","og_type":"article","og_title":"Acidentes - Deep Seguros","og_description":"Como proceder . Se voc\u00ea for culpado pelo evento, d\u00ea nossos n\u00fameros de telefonesao propriet\u00e1rio ou condutor do outro ve\u00edculo,e o tranquilize, pois seu seguro cobre os danos causados. Em ele(a) querendo que seja feita ocorr\u00eancia e h\u00e1 possibilidade,\u00e9 bom que seja realizada no local. Havendo acordo das partes de quem \u00e9 culpado ou n\u00e3o,e [&hellip;]","og_url":"https:\/\/deepseguros.com.br\/?page_id=21","og_site_name":"Deep Seguros","article_modified_time":"2026-03-08T22:00:40+00:00","og_image":[{"width":435,"height":222,"url":"https:\/\/deepseguros.com.br\/wp-content\/uploads\/2026\/03\/z-0001.png","type":"image\/png"}],"twitter_card":"summary_large_image","twitter_misc":{"Est. tempo de leitura":"3 minutos"},"schema":{"@context":"https:\/\/schema.org","@graph":[{"@type":"WebPage","@id":"https:\/\/deepseguros.com.br\/?page_id=21","url":"https:\/\/deepseguros.com.br\/?page_id=21","name":"Acidentes - Deep Seguros","isPartOf":{"@id":"https:\/\/deepseguros.com.br\/#website"},"primaryImageOfPage":{"@id":"https:\/\/deepseguros.com.br\/?page_id=21#primaryimage"},"image":{"@id":"https:\/\/deepseguros.com.br\/?page_id=21#primaryimage"},"thumbnailUrl":"http:\/\/deepseguros.com.br\/wp-content\/uploads\/2026\/03\/z-0001-300x153.png","datePublished":"2020-12-15T18:45:15+00:00","dateModified":"2026-03-08T22:00:40+00:00","breadcrumb":{"@id":"https:\/\/deepseguros.com.br\/?page_id=21#breadcrumb"},"inLanguage":"pt-BR","potentialAction":[{"@type":"ReadAction","target":["https:\/\/deepseguros.com.br\/?page_id=21"]}]},{"@type":"ImageObject","inLanguage":"pt-BR","@id":"https:\/\/deepseguros.com.br\/?page_id=21#primaryimage","url":"https:\/\/deepseguros.com.br\/wp-content\/uploads\/2026\/03\/z-0001.png","contentUrl":"https:\/\/deepseguros.com.br\/wp-content\/uploads\/2026\/03\/z-0001.png","width":435,"height":222},{"@type":"BreadcrumbList","@id":"https:\/\/deepseguros.com.br\/?page_id=21#breadcrumb","itemListElement":[{"@type":"ListItem","position":1,"name":"In\u00edcio","item":"https:\/\/deepseguros.com.br\/"},{"@type":"ListItem","position":2,"name":"Acidentes"}]},{"@type":"WebSite","@id":"https:\/\/deepseguros.com.br\/#website","url":"https:\/\/deepseguros.com.br\/","name":"Deep Seguros","description":"24h de tranquilidade, todos os dias","potentialAction":[{"@type":"SearchAction","target":{"@type":"EntryPoint","urlTemplate":"https:\/\/deepseguros.com.br\/?s={search_term_string}"},"query-input":{"@type":"PropertyValueSpecification","valueRequired":true,"valueName":"search_term_string"}}],"inLanguage":"pt-BR"}]}},"_links":{"self":[{"href":"https:\/\/deepseguros.com.br\/index.php?rest_route=\/wp\/v2\/pages\/21","targetHints":{"allow":["GET"]}}],"collection":[{"href":"https:\/\/deepseguros.com.br\/index.php?rest_route=\/wp\/v2\/pages"}],"about":[{"href":"https:\/\/deepseguros.com.br\/index.php?rest_route=\/wp\/v2\/types\/page"}],"author":[{"embeddable":true,"href":"https:\/\/deepseguros.com.br\/index.php?rest_route=\/wp\/v2\/users\/1"}],"replies":[{"embeddable":true,"href":"https:\/\/deepseguros.com.br\/index.php?rest_route=%2Fwp%2Fv2%2Fcomments&post=21"}],"version-history":[{"count":10,"href":"https:\/\/deepseguros.com.br\/index.php?rest_route=\/wp\/v2\/pages\/21\/revisions"}],"predecessor-version":[{"id":1403,"href":"https:\/\/deepseguros.com.br\/index.php?rest_route=\/wp\/v2\/pages\/21\/revisions\/1403"}],"wp:attachment":[{"href":"https:\/\/deepseguros.com.br\/index.php?rest_route=%2Fwp%2Fv2%2Fmedia&parent=21"}],"curies":[{"name":"wp","href":"https:\/\/api.w.org\/{rel}","templated":true}]}}