{"id":35,"date":"2020-12-15T18:57:32","date_gmt":"2020-12-15T18:57:32","guid":{"rendered":"https:\/\/isclientes.com.br\/deep\/?page_id=35"},"modified":"2026-03-08T19:24:48","modified_gmt":"2026-03-08T22:24:48","slug":"viagens","status":"publish","type":"page","link":"https:\/\/deepseguros.com.br\/?page_id=35","title":{"rendered":"Viagens"},"content":{"rendered":"<p><img fetchpriority=\"high\" decoding=\"async\" class=\"alignnone  wp-image-1406 aligncenter\" src=\"http:\/\/deepseguros.com.br\/wp-content\/uploads\/2026\/03\/v-0001-300x202.png\" alt=\"\" width=\"529\" height=\"356\" srcset=\"https:\/\/deepseguros.com.br\/wp-content\/uploads\/2026\/03\/v-0001-300x202.png 300w, https:\/\/deepseguros.com.br\/wp-content\/uploads\/2026\/03\/v-0001.png 582w\" sizes=\"(max-width: 529px) 100vw, 529px\" \/><\/p>\n<p style=\"text-align: center;\"><span style=\"color: #ff0000;\">Viagens<\/span><\/p>\n<p style=\"text-align: center;\"><span style=\"color: #0000ff;\">Face toda a tecnologia que hoje os ve\u00edculos est\u00e3o apresentando,<\/span><br \/>\n<span style=\"color: #0000ff;\">\u00e9 recomend\u00e1vel que,<\/span><br \/>\n<span style=\"color: #0000ff;\">ao sair para viagens ou at\u00e9 passeios longos,<\/span><br \/>\n<span style=\"color: #0000ff;\">sempre seja<\/span> <span style=\"color: #ff0000;\">levada a c\u00f3pia<\/span> <span style=\"color: #0000ff;\">das chaves de seu ve\u00edculo.<\/span><\/p>\n<p style=\"text-align: center;\"><span style=\"color: #0000ff;\">Outra pessoa deve as levar, a fim de que, em sendo perdida uma,<\/span><br \/>\n<span style=\"color: #0000ff;\">a outra lhe seja de f\u00e1cil acesso.<\/span><\/p>\n<p style=\"text-align: center;\"><span style=\"color: #0000ff;\">Ao chegar ao outro local como, por exemplo, em casa da praia,<\/span><br \/>\n<span style=\"color: #0000ff;\">deixe a c\u00f3pia guardada em seguran\u00e7a,<\/span><br \/>\n<span style=\"color: #0000ff;\">para que, em sendo necess\u00e1rio, facilmente a tenha a m\u00e3o.<\/span><\/p>\n<p style=\"text-align: center;\"><span style=\"color: #0000ff;\">Este procedimento \u00e9 importante, pois que,<\/span><br \/>\n<span style=\"color: #0000ff;\">embora nossas ap\u00f3lices de seguro auto sempre contemplem, tamb\u00e9m,<\/span><br \/>\n<span style=\"color: #0000ff;\">atendimento em casos de perda,<\/span><br \/>\n<span style=\"color: #0000ff;\">quebra, ou roubo das chaves do ve\u00edculo,<\/span><br \/>\n<span style=\"color: #0000ff;\">ainda assim, como em grande parte delas s\u00e3o codificadas,<\/span><br \/>\n<span style=\"color: #0000ff;\">o segurado continuar\u00e1 sem recursos<\/span><br \/>\n<span style=\"color: #0000ff;\">para recolocar seu ve\u00edculo rapidamente em funcionamento.<\/span><\/p>\n<p style=\"text-align: center;\"><span style=\"color: #0000ff;\">Isso ocorre, pois que, em v\u00e1rios casos,<\/span><br \/>\n<span style=\"color: #0000ff;\">o ve\u00edculo ter\u00e1 de ser recolhido para a revenda autorizada da marca<\/span><br \/>\n<span style=\"color: #0000ff;\">e solicitada a codifica\u00e7\u00e3o para a f\u00e1brica,<\/span><br \/>\n<span style=\"color: #0000ff;\">a fim de que seja poss\u00edvel fazer novas c\u00f3pias para o mesmo.<\/span><\/p>\n<p style=\"text-align: center;\"><span style=\"color: #0000ff;\">Por isso,<\/span><br \/>\n<span style=\"color: #0000ff;\">at\u00e9 mesmo o cart\u00e3o c\u00f3digo da chave deve ser mantido<\/span><br \/>\n<span style=\"color: #0000ff;\">em f\u00e1cil acesso,<\/span><br \/>\n<span style=\"color: #0000ff;\">caso se dirija para outro local longe de sua casa.<\/span><\/p>\n<p><img decoding=\"async\" class=\"size-medium wp-image-1285 aligncenter\" src=\"http:\/\/deepseguros.com.br\/wp-content\/uploads\/2022\/06\/LOGO-300x167.png\" alt=\"\" width=\"300\" height=\"167\" srcset=\"https:\/\/deepseguros.com.br\/wp-content\/uploads\/2022\/06\/LOGO-300x167.png 300w, https:\/\/deepseguros.com.br\/wp-content\/uploads\/2022\/06\/LOGO-1024x570.png 1024w, https:\/\/deepseguros.com.br\/wp-content\/uploads\/2022\/06\/LOGO-768x427.png 768w, https:\/\/deepseguros.com.br\/wp-content\/uploads\/2022\/06\/LOGO.png 1080w\" sizes=\"(max-width: 300px) 100vw, 300px\" \/><\/p>\n","protected":false},"excerpt":{"rendered":"<p>Viagens Face toda a tecnologia que hoje os ve\u00edculos est\u00e3o apresentando, \u00e9 recomend\u00e1vel que, ao sair para viagens ou at\u00e9 passeios longos, sempre seja levada a c\u00f3pia das chaves de seu ve\u00edculo. Outra pessoa deve as levar, a fim de que, em sendo perdida uma, a outra lhe seja de f\u00e1cil acesso. Ao chegar ao [&hellip;]<\/p>\n","protected":false},"author":1,"featured_media":0,"parent":0,"menu_order":0,"comment_status":"closed","ping_status":"closed","template":"","meta":{"site-sidebar-layout":"default","site-content-layout":"default","ast-site-content-layout":"default","site-content-style":"default","site-sidebar-style":"default","ast-global-header-display":"","ast-banner-title-visibility":"","ast-main-header-display":"","ast-hfb-above-header-display":"","ast-hfb-below-header-display":"","ast-hfb-mobile-header-display":"","site-post-title":"","ast-breadcrumbs-content":"","ast-featured-img":"","footer-sml-layout":"","ast-disable-related-posts":"","theme-transparent-header-meta":"default","adv-header-id-meta":"","stick-header-meta":"","header-above-stick-meta":"","header-main-stick-meta":"","header-below-stick-meta":"","astra-migrate-meta-layouts":"set","ast-page-background-enabled":"default","ast-page-background-meta":{"desktop":{"background-color":"var(--ast-global-color-4)","background-image":"","background-repeat":"repeat","background-position":"center center","background-size":"auto","background-attachment":"scroll","background-type":"","background-media":"","overlay-type":"","overlay-color":"","overlay-opacity":"","overlay-gradient":""},"tablet":{"background-color":"","background-image":"","background-repeat":"repeat","background-position":"center center","background-size":"auto","background-attachment":"scroll","background-type":"","background-media":"","overlay-type":"","overlay-color":"","overlay-opacity":"","overlay-gradient":""},"mobile":{"background-color":"","background-image":"","background-repeat":"repeat","background-position":"center center","background-size":"auto","background-attachment":"scroll","background-type":"","background-media":"","overlay-type":"","overlay-color":"","overlay-opacity":"","overlay-gradient":""}},"ast-content-background-meta":{"desktop":{"background-color":"var(--ast-global-color-5)","background-image":"","background-repeat":"repeat","background-position":"center center","background-size":"auto","background-attachment":"scroll","background-type":"","background-media":"","overlay-type":"","overlay-color":"","overlay-opacity":"","overlay-gradient":""},"tablet":{"background-color":"var(--ast-global-color-5)","background-image":"","background-repeat":"repeat","background-position":"center center","background-size":"auto","background-attachment":"scroll","background-type":"","background-media":"","overlay-type":"","overlay-color":"","overlay-opacity":"","overlay-gradient":""},"mobile":{"background-color":"var(--ast-global-color-5)","background-image":"","background-repeat":"repeat","background-position":"center center","background-size":"auto","background-attachment":"scroll","background-type":"","background-media":"","overlay-type":"","overlay-color":"","overlay-opacity":"","overlay-gradient":""}},"footnotes":""},"class_list":["post-35","page","type-page","status-publish","hentry"],"yoast_head":"<!-- This site is optimized with the Yoast SEO plugin v27.4 - https:\/\/yoast.com\/product\/yoast-seo-wordpress\/ -->\n<title>Viagens - Deep Seguros<\/title>\n<meta name=\"robots\" content=\"index, follow, max-snippet:-1, max-image-preview:large, max-video-preview:-1\" \/>\n<link rel=\"canonical\" href=\"https:\/\/deepseguros.com.br\/?page_id=35\" \/>\n<meta property=\"og:locale\" content=\"pt_BR\" \/>\n<meta property=\"og:type\" content=\"article\" \/>\n<meta property=\"og:title\" content=\"Viagens - Deep Seguros\" \/>\n<meta property=\"og:description\" content=\"Viagens Face toda a tecnologia que hoje os ve\u00edculos est\u00e3o apresentando, \u00e9 recomend\u00e1vel que, ao sair para viagens ou at\u00e9 passeios longos, sempre seja levada a c\u00f3pia das chaves de seu ve\u00edculo. Outra pessoa deve as levar, a fim de que, em sendo perdida uma, a outra lhe seja de f\u00e1cil acesso. Ao chegar ao [&hellip;]\" \/>\n<meta property=\"og:url\" content=\"https:\/\/deepseguros.com.br\/?page_id=35\" \/>\n<meta property=\"og:site_name\" content=\"Deep Seguros\" \/>\n<meta property=\"article:modified_time\" content=\"2026-03-08T22:24:48+00:00\" \/>\n<meta property=\"og:image\" content=\"https:\/\/deepseguros.com.br\/wp-content\/uploads\/2026\/03\/v-0001.png\" \/>\n\t<meta property=\"og:image:width\" content=\"582\" \/>\n\t<meta property=\"og:image:height\" content=\"391\" \/>\n\t<meta property=\"og:image:type\" content=\"image\/png\" \/>\n<meta name=\"twitter:card\" content=\"summary_large_image\" \/>\n<meta name=\"twitter:label1\" content=\"Est. tempo de leitura\" \/>\n\t<meta name=\"twitter:data1\" content=\"2 minutos\" \/>\n<script type=\"application\/ld+json\" class=\"yoast-schema-graph\">{\"@context\":\"https:\\\/\\\/schema.org\",\"@graph\":[{\"@type\":\"WebPage\",\"@id\":\"https:\\\/\\\/deepseguros.com.br\\\/?page_id=35\",\"url\":\"https:\\\/\\\/deepseguros.com.br\\\/?page_id=35\",\"name\":\"Viagens - Deep Seguros\",\"isPartOf\":{\"@id\":\"https:\\\/\\\/deepseguros.com.br\\\/#website\"},\"primaryImageOfPage\":{\"@id\":\"https:\\\/\\\/deepseguros.com.br\\\/?page_id=35#primaryimage\"},\"image\":{\"@id\":\"https:\\\/\\\/deepseguros.com.br\\\/?page_id=35#primaryimage\"},\"thumbnailUrl\":\"http:\\\/\\\/deepseguros.com.br\\\/wp-content\\\/uploads\\\/2026\\\/03\\\/v-0001-300x202.png\",\"datePublished\":\"2020-12-15T18:57:32+00:00\",\"dateModified\":\"2026-03-08T22:24:48+00:00\",\"breadcrumb\":{\"@id\":\"https:\\\/\\\/deepseguros.com.br\\\/?page_id=35#breadcrumb\"},\"inLanguage\":\"pt-BR\",\"potentialAction\":[{\"@type\":\"ReadAction\",\"target\":[\"https:\\\/\\\/deepseguros.com.br\\\/?page_id=35\"]}]},{\"@type\":\"ImageObject\",\"inLanguage\":\"pt-BR\",\"@id\":\"https:\\\/\\\/deepseguros.com.br\\\/?page_id=35#primaryimage\",\"url\":\"https:\\\/\\\/deepseguros.com.br\\\/wp-content\\\/uploads\\\/2026\\\/03\\\/v-0001.png\",\"contentUrl\":\"https:\\\/\\\/deepseguros.com.br\\\/wp-content\\\/uploads\\\/2026\\\/03\\\/v-0001.png\",\"width\":582,\"height\":391},{\"@type\":\"BreadcrumbList\",\"@id\":\"https:\\\/\\\/deepseguros.com.br\\\/?page_id=35#breadcrumb\",\"itemListElement\":[{\"@type\":\"ListItem\",\"position\":1,\"name\":\"In\u00edcio\",\"item\":\"https:\\\/\\\/deepseguros.com.br\\\/\"},{\"@type\":\"ListItem\",\"position\":2,\"name\":\"Viagens\"}]},{\"@type\":\"WebSite\",\"@id\":\"https:\\\/\\\/deepseguros.com.br\\\/#website\",\"url\":\"https:\\\/\\\/deepseguros.com.br\\\/\",\"name\":\"Deep Seguros\",\"description\":\"24h de tranquilidade, todos os dias\",\"potentialAction\":[{\"@type\":\"SearchAction\",\"target\":{\"@type\":\"EntryPoint\",\"urlTemplate\":\"https:\\\/\\\/deepseguros.com.br\\\/?s={search_term_string}\"},\"query-input\":{\"@type\":\"PropertyValueSpecification\",\"valueRequired\":true,\"valueName\":\"search_term_string\"}}],\"inLanguage\":\"pt-BR\"}]}<\/script>\n<!-- \/ Yoast SEO plugin. -->","yoast_head_json":{"title":"Viagens - Deep Seguros","robots":{"index":"index","follow":"follow","max-snippet":"max-snippet:-1","max-image-preview":"max-image-preview:large","max-video-preview":"max-video-preview:-1"},"canonical":"https:\/\/deepseguros.com.br\/?page_id=35","og_locale":"pt_BR","og_type":"article","og_title":"Viagens - Deep Seguros","og_description":"Viagens Face toda a tecnologia que hoje os ve\u00edculos est\u00e3o apresentando, \u00e9 recomend\u00e1vel que, ao sair para viagens ou at\u00e9 passeios longos, sempre seja levada a c\u00f3pia das chaves de seu ve\u00edculo. Outra pessoa deve as levar, a fim de que, em sendo perdida uma, a outra lhe seja de f\u00e1cil acesso. Ao chegar ao [&hellip;]","og_url":"https:\/\/deepseguros.com.br\/?page_id=35","og_site_name":"Deep Seguros","article_modified_time":"2026-03-08T22:24:48+00:00","og_image":[{"width":582,"height":391,"url":"https:\/\/deepseguros.com.br\/wp-content\/uploads\/2026\/03\/v-0001.png","type":"image\/png"}],"twitter_card":"summary_large_image","twitter_misc":{"Est. tempo de leitura":"2 minutos"},"schema":{"@context":"https:\/\/schema.org","@graph":[{"@type":"WebPage","@id":"https:\/\/deepseguros.com.br\/?page_id=35","url":"https:\/\/deepseguros.com.br\/?page_id=35","name":"Viagens - Deep Seguros","isPartOf":{"@id":"https:\/\/deepseguros.com.br\/#website"},"primaryImageOfPage":{"@id":"https:\/\/deepseguros.com.br\/?page_id=35#primaryimage"},"image":{"@id":"https:\/\/deepseguros.com.br\/?page_id=35#primaryimage"},"thumbnailUrl":"http:\/\/deepseguros.com.br\/wp-content\/uploads\/2026\/03\/v-0001-300x202.png","datePublished":"2020-12-15T18:57:32+00:00","dateModified":"2026-03-08T22:24:48+00:00","breadcrumb":{"@id":"https:\/\/deepseguros.com.br\/?page_id=35#breadcrumb"},"inLanguage":"pt-BR","potentialAction":[{"@type":"ReadAction","target":["https:\/\/deepseguros.com.br\/?page_id=35"]}]},{"@type":"ImageObject","inLanguage":"pt-BR","@id":"https:\/\/deepseguros.com.br\/?page_id=35#primaryimage","url":"https:\/\/deepseguros.com.br\/wp-content\/uploads\/2026\/03\/v-0001.png","contentUrl":"https:\/\/deepseguros.com.br\/wp-content\/uploads\/2026\/03\/v-0001.png","width":582,"height":391},{"@type":"BreadcrumbList","@id":"https:\/\/deepseguros.com.br\/?page_id=35#breadcrumb","itemListElement":[{"@type":"ListItem","position":1,"name":"In\u00edcio","item":"https:\/\/deepseguros.com.br\/"},{"@type":"ListItem","position":2,"name":"Viagens"}]},{"@type":"WebSite","@id":"https:\/\/deepseguros.com.br\/#website","url":"https:\/\/deepseguros.com.br\/","name":"Deep Seguros","description":"24h de tranquilidade, todos os dias","potentialAction":[{"@type":"SearchAction","target":{"@type":"EntryPoint","urlTemplate":"https:\/\/deepseguros.com.br\/?s={search_term_string}"},"query-input":{"@type":"PropertyValueSpecification","valueRequired":true,"valueName":"search_term_string"}}],"inLanguage":"pt-BR"}]}},"_links":{"self":[{"href":"https:\/\/deepseguros.com.br\/index.php?rest_route=\/wp\/v2\/pages\/35","targetHints":{"allow":["GET"]}}],"collection":[{"href":"https:\/\/deepseguros.com.br\/index.php?rest_route=\/wp\/v2\/pages"}],"about":[{"href":"https:\/\/deepseguros.com.br\/index.php?rest_route=\/wp\/v2\/types\/page"}],"author":[{"embeddable":true,"href":"https:\/\/deepseguros.com.br\/index.php?rest_route=\/wp\/v2\/users\/1"}],"replies":[{"embeddable":true,"href":"https:\/\/deepseguros.com.br\/index.php?rest_route=%2Fwp%2Fv2%2Fcomments&post=35"}],"version-history":[{"count":5,"href":"https:\/\/deepseguros.com.br\/index.php?rest_route=\/wp\/v2\/pages\/35\/revisions"}],"predecessor-version":[{"id":1408,"href":"https:\/\/deepseguros.com.br\/index.php?rest_route=\/wp\/v2\/pages\/35\/revisions\/1408"}],"wp:attachment":[{"href":"https:\/\/deepseguros.com.br\/index.php?rest_route=%2Fwp%2Fv2%2Fmedia&parent=35"}],"curies":[{"name":"wp","href":"https:\/\/api.w.org\/{rel}","templated":true}]}}