{"id":37,"date":"2020-12-15T18:57:54","date_gmt":"2020-12-15T18:57:54","guid":{"rendered":"https:\/\/isclientes.com.br\/deep\/?page_id=37"},"modified":"2026-03-08T19:56:17","modified_gmt":"2026-03-08T22:56:17","slug":"roubo-de-veiculos","status":"publish","type":"page","link":"https:\/\/deepseguros.com.br\/?page_id=37","title":{"rendered":"Roubo de ve\u00edculos"},"content":{"rendered":"<p><img fetchpriority=\"high\" decoding=\"async\" class=\"alignnone  wp-image-1410 aligncenter\" src=\"http:\/\/deepseguros.com.br\/wp-content\/uploads\/2026\/03\/ladrao-0001-300x155.png\" alt=\"\" width=\"472\" height=\"244\" srcset=\"https:\/\/deepseguros.com.br\/wp-content\/uploads\/2026\/03\/ladrao-0001-300x155.png 300w, https:\/\/deepseguros.com.br\/wp-content\/uploads\/2026\/03\/ladrao-0001.png 693w\" sizes=\"(max-width: 472px) 100vw, 472px\" \/><\/p>\n<p style=\"text-align: center;\"><span style=\"color: #ff0000;\">Roubo de ve\u00edculos<\/span><br \/><span style=\"color: #0000ff;\">Cuidados a mais, que podem fazer toda diferen\u00e7a:<\/span><\/p>\n<p style=\"text-align: center;\"><span style=\"color: #ffffff;\">.<\/span><\/p>\n<p style=\"text-align: center;\"><span style=\"color: #ffffff;\">.<\/span><\/p>\n<p style=\"text-align: center;\"><span style=\"color: #ff0000;\">Calibrar o pneu estepe<\/span><\/p>\n<p style=\"text-align: center;\"><span style=\"color: #0000ff;\">S\u00e3o v\u00e1rios os casos de pessoas assaltadas,<\/span><br \/><span style=\"color: #0000ff;\">exatamente por precisar trocar um pneu, mas o estepe estar<\/span> <span style=\"color: #ff0000;\">vazio<\/span><span style=\"color: #0000ff;\">.<\/span><\/p>\n<p style=\"text-align: center;\"><span style=\"color: #0000ff;\">A assist\u00eancia 24 horas das seguradoras fazem esta troca,<\/span><br \/><span style=\"color: #0000ff;\">bastando acionar o sistema, que demora, em m\u00e9dia, de 30 a 60 minutos,<\/span><br \/><span style=\"color: #0000ff;\">contudo, ainda assim,<\/span><br \/><span style=\"color: #0000ff;\">\u00e9 necess\u00e1rio que o estepe esteja em condi\u00e7\u00f5es de ser utilizado.<\/span><\/p>\n<p style=\"text-align: center;\"><span style=\"color: #ffffff;\">.<\/span><\/p>\n<p style=\"text-align: center;\"><span style=\"color: #ffffff;\">.<\/span><\/p>\n<p><img decoding=\"async\" class=\"alignnone size-medium wp-image-1413 aligncenter\" src=\"http:\/\/deepseguros.com.br\/wp-content\/uploads\/2026\/03\/ladrao-0002-300x156.png\" alt=\"\" width=\"300\" height=\"156\" srcset=\"https:\/\/deepseguros.com.br\/wp-content\/uploads\/2026\/03\/ladrao-0002-300x156.png 300w, https:\/\/deepseguros.com.br\/wp-content\/uploads\/2026\/03\/ladrao-0002.png 543w\" sizes=\"(max-width: 300px) 100vw, 300px\" \/><\/p>\n<p style=\"text-align: center;\"><span style=\"color: #ff0000;\">Acordando<\/span> <span style=\"color: #0000ff;\">ou<\/span> <span style=\"color: #ff0000;\">p\u00f3s-refei\u00e7\u00f5es<\/span><\/p>\n<p style=\"text-align: center;\"><span style=\"color: #0000ff;\">Lembramos que, como j\u00e1 citado na m\u00eddia, mas aqui refor\u00e7amos,<\/span><br \/><span style=\"color: #0000ff;\">o roubo de ve\u00edculos tende a ser mais intenso<\/span><br \/><span style=\"color: #0000ff;\">nas<\/span><br \/><span style=\"color: #ff0000;\">primeiras horas da manh\u00e3<\/span> <span style=\"color: #0000ff;\">e<\/span> <span style=\"color: #ff0000;\">da tarde<\/span><span style=\"color: #0000ff;\">,<\/span><br \/><span style=\"color: #0000ff;\">conforme informa\u00e7\u00f5es de pessoas, foras da lei,<\/span><br \/><span style=\"color: #0000ff;\">especializadas em roubo de ve\u00edculos.<\/span><\/p>\n<p style=\"text-align: center;\"><span style=\"color: #0000ff;\">Os desvelos que estes deram s\u00e3o de que,<\/span><br \/><span style=\"color: #0000ff;\">ao amanhecer as pessoas ainda n\u00e3o est\u00e3o totalmente despertas,<\/span><br \/><span style=\"color: #0000ff;\">logo,<\/span><br \/><span style=\"color: #0000ff;\">bem<\/span> <span style=\"color: #ff0000;\">mais desatentas<\/span><span style=\"color: #0000ff;\">, o que facilita a a\u00e7\u00e3o.<\/span><\/p>\n<p style=\"text-align: center;\"><span style=\"color: #ffffff;\">.<\/span><\/p>\n<p style=\"text-align: center;\"><span style=\"color: #0000ff;\">No inicio da tarde, pelo motivo de que, ap\u00f3s refei\u00e7\u00f5es,<\/span><br \/><span style=\"color: #0000ff;\">as pessoas ficam mais lentas para se movimentar e<\/span> <span style=\"color: #ff0000;\">percebem menos<\/span><br \/><span style=\"color: #0000ff;\">tudo a sua volta,<\/span><br \/><span style=\"color: #0000ff;\">o que, devido \u00e0 digest\u00e3o, realmente ocorre,<\/span><br \/><span style=\"color: #0000ff;\">pois o corpo direciona suas atividades e aten\u00e7\u00e3o<\/span><br \/><span style=\"color: #0000ff;\">para o processamento dos alimentos,<\/span><br \/><span style=\"color: #0000ff;\">o que em v\u00e1rios chega a exigir uns minutos de sono.<\/span><\/p>\n<p style=\"text-align: center;\"><span style=\"color: #ffffff;\">.<\/span><\/p>\n<p style=\"text-align: center;\"><span style=\"color: #ffffff;\">.<\/span><\/p>\n<p><img decoding=\"async\" class=\"alignnone  wp-image-1414 aligncenter\" src=\"http:\/\/deepseguros.com.br\/wp-content\/uploads\/2026\/03\/ladrao-0003-300x202.png\" alt=\"\" width=\"212\" height=\"143\" srcset=\"https:\/\/deepseguros.com.br\/wp-content\/uploads\/2026\/03\/ladrao-0003-300x202.png 300w, https:\/\/deepseguros.com.br\/wp-content\/uploads\/2026\/03\/ladrao-0003.png 582w\" sizes=\"(max-width: 212px) 100vw, 212px\" \/><\/p>\n<p style=\"text-align: center;\"><span style=\"color: #0000ff;\">N\u00e3o fique dentro do carro decidindo<\/span> <span style=\"color: #ff0000;\">que trajeto fazer<\/span><span style=\"color: #0000ff;\">.<\/span><\/p>\n<p style=\"text-align: center;\"><span style=\"color: #0000ff;\">Antes de sair donde est\u00e1, em seguran\u00e7a, j\u00e1 defina<\/span> <span style=\"color: #ff0000;\">por onde vai<\/span><br \/><span style=\"color: #0000ff;\">e torne o tempo de entrar e sair com o ve\u00edculo o menor poss\u00edvel, pois que,<\/span><br \/><span style=\"color: #0000ff;\">assaltos com o ve\u00edculo em movimento s\u00e3o bem mais dif\u00edceis de ocorrer.<\/span><\/p>\n<p style=\"text-align: center;\"><span style=\"color: #ffffff;\">.<\/span><\/p>\n<p><span style=\"color: #ffffff;\">.<\/span><\/p>\n<p><img loading=\"lazy\" decoding=\"async\" class=\"alignnone  wp-image-1415 aligncenter\" src=\"http:\/\/deepseguros.com.br\/wp-content\/uploads\/2026\/03\/lardao-0004-300x154.png\" alt=\"\" width=\"422\" height=\"217\" srcset=\"https:\/\/deepseguros.com.br\/wp-content\/uploads\/2026\/03\/lardao-0004-300x154.png 300w, https:\/\/deepseguros.com.br\/wp-content\/uploads\/2026\/03\/lardao-0004.png 492w\" sizes=\"(max-width: 422px) 100vw, 422px\" \/><\/p>\n<p style=\"text-align: center;\"><span style=\"color: #0000ff;\">O mesmo se d\u00e1 com as mulheres, que nunca devem<\/span><br \/><span style=\"color: #0000ff;\">ficar paradas, dentro do ve\u00edculo,<\/span><br \/><span style=\"color: #0000ff;\">fazendo retoques de maquiagem e demais acertos, para,<\/span><br \/><span style=\"color: #ff0000;\">depois<\/span> <span style=\"color: #0000ff;\">come\u00e7ar a andar com o ve\u00edculo,<\/span><br \/><span style=\"color: #0000ff;\">pois que, nesses momentos de distra\u00e7\u00e3o a<\/span> <span style=\"color: #ff0000;\">vulnerabilidade \u00e9 total<\/span><span style=\"color: #0000ff;\">.<\/span><\/p>\n<p style=\"text-align: center;\"><span style=\"color: #ffffff;\">.<\/span><\/p>\n<p style=\"text-align: center;\"><span style=\"color: #ffffff;\">.<\/span><\/p>\n<p style=\"text-align: center;\"><span style=\"color: #0000ff;\">Estes s\u00e3o somente alguns coment\u00e1rios pr\u00e1ticos que,<\/span><br \/><span style=\"color: #0000ff;\">pela avalia\u00e7\u00e3o di\u00e1ria, estat\u00edsticas<\/span><br \/><span style=\"color: #0000ff;\">e pesquisas,<\/span><br \/><span style=\"color: #0000ff;\">tem um fundo de verdade e, portanto, algo a mais que, se observado,<\/span><br \/><span style=\"color: #0000ff;\">pode ajudar a evitar maiores problemas.<\/span><\/p>\n<p><img loading=\"lazy\" decoding=\"async\" class=\"size-medium wp-image-1285 aligncenter\" src=\"http:\/\/deepseguros.com.br\/wp-content\/uploads\/2022\/06\/LOGO-300x167.png\" alt=\"\" width=\"300\" height=\"167\" srcset=\"https:\/\/deepseguros.com.br\/wp-content\/uploads\/2022\/06\/LOGO-300x167.png 300w, https:\/\/deepseguros.com.br\/wp-content\/uploads\/2022\/06\/LOGO-1024x570.png 1024w, https:\/\/deepseguros.com.br\/wp-content\/uploads\/2022\/06\/LOGO-768x427.png 768w, https:\/\/deepseguros.com.br\/wp-content\/uploads\/2022\/06\/LOGO.png 1080w\" sizes=\"(max-width: 300px) 100vw, 300px\" \/><\/p>\n\n\n<p><\/p>\n","protected":false},"excerpt":{"rendered":"<p>Roubo de ve\u00edculosCuidados a mais, que podem fazer toda diferen\u00e7a: . . Calibrar o pneu estepe S\u00e3o v\u00e1rios os casos de pessoas assaltadas,exatamente por precisar trocar um pneu, mas o estepe estar vazio. A assist\u00eancia 24 horas das seguradoras fazem esta troca,bastando acionar o sistema, que demora, em m\u00e9dia, de 30 a 60 minutos,contudo, ainda [&hellip;]<\/p>\n","protected":false},"author":1,"featured_media":0,"parent":0,"menu_order":0,"comment_status":"closed","ping_status":"closed","template":"","meta":{"site-sidebar-layout":"default","site-content-layout":"default","ast-site-content-layout":"default","site-content-style":"default","site-sidebar-style":"default","ast-global-header-display":"","ast-banner-title-visibility":"","ast-main-header-display":"","ast-hfb-above-header-display":"","ast-hfb-below-header-display":"","ast-hfb-mobile-header-display":"","site-post-title":"","ast-breadcrumbs-content":"","ast-featured-img":"","footer-sml-layout":"","ast-disable-related-posts":"","theme-transparent-header-meta":"default","adv-header-id-meta":"","stick-header-meta":"","header-above-stick-meta":"","header-main-stick-meta":"","header-below-stick-meta":"","astra-migrate-meta-layouts":"set","ast-page-background-enabled":"default","ast-page-background-meta":{"desktop":{"background-color":"var(--ast-global-color-4)","background-image":"","background-repeat":"repeat","background-position":"center center","background-size":"auto","background-attachment":"scroll","background-type":"","background-media":"","overlay-type":"","overlay-color":"","overlay-opacity":"","overlay-gradient":""},"tablet":{"background-color":"","background-image":"","background-repeat":"repeat","background-position":"center center","background-size":"auto","background-attachment":"scroll","background-type":"","background-media":"","overlay-type":"","overlay-color":"","overlay-opacity":"","overlay-gradient":""},"mobile":{"background-color":"","background-image":"","background-repeat":"repeat","background-position":"center center","background-size":"auto","background-attachment":"scroll","background-type":"","background-media":"","overlay-type":"","overlay-color":"","overlay-opacity":"","overlay-gradient":""}},"ast-content-background-meta":{"desktop":{"background-color":"var(--ast-global-color-5)","background-image":"","background-repeat":"repeat","background-position":"center center","background-size":"auto","background-attachment":"scroll","background-type":"","background-media":"","overlay-type":"","overlay-color":"","overlay-opacity":"","overlay-gradient":""},"tablet":{"background-color":"var(--ast-global-color-5)","background-image":"","background-repeat":"repeat","background-position":"center center","background-size":"auto","background-attachment":"scroll","background-type":"","background-media":"","overlay-type":"","overlay-color":"","overlay-opacity":"","overlay-gradient":""},"mobile":{"background-color":"var(--ast-global-color-5)","background-image":"","background-repeat":"repeat","background-position":"center center","background-size":"auto","background-attachment":"scroll","background-type":"","background-media":"","overlay-type":"","overlay-color":"","overlay-opacity":"","overlay-gradient":""}},"footnotes":""},"class_list":["post-37","page","type-page","status-publish","hentry"],"yoast_head":"<!-- This site is optimized with the Yoast SEO plugin v27.4 - https:\/\/yoast.com\/product\/yoast-seo-wordpress\/ -->\n<title>Roubo de ve\u00edculos - Deep Seguros<\/title>\n<meta name=\"robots\" content=\"index, follow, max-snippet:-1, max-image-preview:large, max-video-preview:-1\" \/>\n<link rel=\"canonical\" href=\"https:\/\/deepseguros.com.br\/?page_id=37\" \/>\n<meta property=\"og:locale\" content=\"pt_BR\" \/>\n<meta property=\"og:type\" content=\"article\" \/>\n<meta property=\"og:title\" content=\"Roubo de ve\u00edculos - Deep Seguros\" \/>\n<meta property=\"og:description\" content=\"Roubo de ve\u00edculosCuidados a mais, que podem fazer toda diferen\u00e7a: . . Calibrar o pneu estepe S\u00e3o v\u00e1rios os casos de pessoas assaltadas,exatamente por precisar trocar um pneu, mas o estepe estar vazio. A assist\u00eancia 24 horas das seguradoras fazem esta troca,bastando acionar o sistema, que demora, em m\u00e9dia, de 30 a 60 minutos,contudo, ainda [&hellip;]\" \/>\n<meta property=\"og:url\" content=\"https:\/\/deepseguros.com.br\/?page_id=37\" \/>\n<meta property=\"og:site_name\" content=\"Deep Seguros\" \/>\n<meta property=\"article:modified_time\" content=\"2026-03-08T22:56:17+00:00\" \/>\n<meta property=\"og:image\" content=\"https:\/\/deepseguros.com.br\/wp-content\/uploads\/2026\/03\/ladrao-0001.png\" \/>\n\t<meta property=\"og:image:width\" content=\"693\" \/>\n\t<meta property=\"og:image:height\" content=\"357\" \/>\n\t<meta property=\"og:image:type\" content=\"image\/png\" \/>\n<meta name=\"twitter:card\" content=\"summary_large_image\" \/>\n<meta name=\"twitter:label1\" content=\"Est. tempo de leitura\" \/>\n\t<meta name=\"twitter:data1\" content=\"3 minutos\" \/>\n<script type=\"application\/ld+json\" class=\"yoast-schema-graph\">{\"@context\":\"https:\\\/\\\/schema.org\",\"@graph\":[{\"@type\":\"WebPage\",\"@id\":\"https:\\\/\\\/deepseguros.com.br\\\/?page_id=37\",\"url\":\"https:\\\/\\\/deepseguros.com.br\\\/?page_id=37\",\"name\":\"Roubo de ve\u00edculos - Deep Seguros\",\"isPartOf\":{\"@id\":\"https:\\\/\\\/deepseguros.com.br\\\/#website\"},\"primaryImageOfPage\":{\"@id\":\"https:\\\/\\\/deepseguros.com.br\\\/?page_id=37#primaryimage\"},\"image\":{\"@id\":\"https:\\\/\\\/deepseguros.com.br\\\/?page_id=37#primaryimage\"},\"thumbnailUrl\":\"http:\\\/\\\/deepseguros.com.br\\\/wp-content\\\/uploads\\\/2026\\\/03\\\/ladrao-0001-300x155.png\",\"datePublished\":\"2020-12-15T18:57:54+00:00\",\"dateModified\":\"2026-03-08T22:56:17+00:00\",\"breadcrumb\":{\"@id\":\"https:\\\/\\\/deepseguros.com.br\\\/?page_id=37#breadcrumb\"},\"inLanguage\":\"pt-BR\",\"potentialAction\":[{\"@type\":\"ReadAction\",\"target\":[\"https:\\\/\\\/deepseguros.com.br\\\/?page_id=37\"]}]},{\"@type\":\"ImageObject\",\"inLanguage\":\"pt-BR\",\"@id\":\"https:\\\/\\\/deepseguros.com.br\\\/?page_id=37#primaryimage\",\"url\":\"https:\\\/\\\/deepseguros.com.br\\\/wp-content\\\/uploads\\\/2026\\\/03\\\/ladrao-0001.png\",\"contentUrl\":\"https:\\\/\\\/deepseguros.com.br\\\/wp-content\\\/uploads\\\/2026\\\/03\\\/ladrao-0001.png\",\"width\":693,\"height\":357},{\"@type\":\"BreadcrumbList\",\"@id\":\"https:\\\/\\\/deepseguros.com.br\\\/?page_id=37#breadcrumb\",\"itemListElement\":[{\"@type\":\"ListItem\",\"position\":1,\"name\":\"In\u00edcio\",\"item\":\"https:\\\/\\\/deepseguros.com.br\\\/\"},{\"@type\":\"ListItem\",\"position\":2,\"name\":\"Roubo de ve\u00edculos\"}]},{\"@type\":\"WebSite\",\"@id\":\"https:\\\/\\\/deepseguros.com.br\\\/#website\",\"url\":\"https:\\\/\\\/deepseguros.com.br\\\/\",\"name\":\"Deep Seguros\",\"description\":\"24h de tranquilidade, todos os dias\",\"potentialAction\":[{\"@type\":\"SearchAction\",\"target\":{\"@type\":\"EntryPoint\",\"urlTemplate\":\"https:\\\/\\\/deepseguros.com.br\\\/?s={search_term_string}\"},\"query-input\":{\"@type\":\"PropertyValueSpecification\",\"valueRequired\":true,\"valueName\":\"search_term_string\"}}],\"inLanguage\":\"pt-BR\"}]}<\/script>\n<!-- \/ Yoast SEO plugin. -->","yoast_head_json":{"title":"Roubo de ve\u00edculos - Deep Seguros","robots":{"index":"index","follow":"follow","max-snippet":"max-snippet:-1","max-image-preview":"max-image-preview:large","max-video-preview":"max-video-preview:-1"},"canonical":"https:\/\/deepseguros.com.br\/?page_id=37","og_locale":"pt_BR","og_type":"article","og_title":"Roubo de ve\u00edculos - Deep Seguros","og_description":"Roubo de ve\u00edculosCuidados a mais, que podem fazer toda diferen\u00e7a: . . Calibrar o pneu estepe S\u00e3o v\u00e1rios os casos de pessoas assaltadas,exatamente por precisar trocar um pneu, mas o estepe estar vazio. A assist\u00eancia 24 horas das seguradoras fazem esta troca,bastando acionar o sistema, que demora, em m\u00e9dia, de 30 a 60 minutos,contudo, ainda [&hellip;]","og_url":"https:\/\/deepseguros.com.br\/?page_id=37","og_site_name":"Deep Seguros","article_modified_time":"2026-03-08T22:56:17+00:00","og_image":[{"width":693,"height":357,"url":"https:\/\/deepseguros.com.br\/wp-content\/uploads\/2026\/03\/ladrao-0001.png","type":"image\/png"}],"twitter_card":"summary_large_image","twitter_misc":{"Est. tempo de leitura":"3 minutos"},"schema":{"@context":"https:\/\/schema.org","@graph":[{"@type":"WebPage","@id":"https:\/\/deepseguros.com.br\/?page_id=37","url":"https:\/\/deepseguros.com.br\/?page_id=37","name":"Roubo de ve\u00edculos - Deep Seguros","isPartOf":{"@id":"https:\/\/deepseguros.com.br\/#website"},"primaryImageOfPage":{"@id":"https:\/\/deepseguros.com.br\/?page_id=37#primaryimage"},"image":{"@id":"https:\/\/deepseguros.com.br\/?page_id=37#primaryimage"},"thumbnailUrl":"http:\/\/deepseguros.com.br\/wp-content\/uploads\/2026\/03\/ladrao-0001-300x155.png","datePublished":"2020-12-15T18:57:54+00:00","dateModified":"2026-03-08T22:56:17+00:00","breadcrumb":{"@id":"https:\/\/deepseguros.com.br\/?page_id=37#breadcrumb"},"inLanguage":"pt-BR","potentialAction":[{"@type":"ReadAction","target":["https:\/\/deepseguros.com.br\/?page_id=37"]}]},{"@type":"ImageObject","inLanguage":"pt-BR","@id":"https:\/\/deepseguros.com.br\/?page_id=37#primaryimage","url":"https:\/\/deepseguros.com.br\/wp-content\/uploads\/2026\/03\/ladrao-0001.png","contentUrl":"https:\/\/deepseguros.com.br\/wp-content\/uploads\/2026\/03\/ladrao-0001.png","width":693,"height":357},{"@type":"BreadcrumbList","@id":"https:\/\/deepseguros.com.br\/?page_id=37#breadcrumb","itemListElement":[{"@type":"ListItem","position":1,"name":"In\u00edcio","item":"https:\/\/deepseguros.com.br\/"},{"@type":"ListItem","position":2,"name":"Roubo de ve\u00edculos"}]},{"@type":"WebSite","@id":"https:\/\/deepseguros.com.br\/#website","url":"https:\/\/deepseguros.com.br\/","name":"Deep Seguros","description":"24h de tranquilidade, todos os dias","potentialAction":[{"@type":"SearchAction","target":{"@type":"EntryPoint","urlTemplate":"https:\/\/deepseguros.com.br\/?s={search_term_string}"},"query-input":{"@type":"PropertyValueSpecification","valueRequired":true,"valueName":"search_term_string"}}],"inLanguage":"pt-BR"}]}},"_links":{"self":[{"href":"https:\/\/deepseguros.com.br\/index.php?rest_route=\/wp\/v2\/pages\/37","targetHints":{"allow":["GET"]}}],"collection":[{"href":"https:\/\/deepseguros.com.br\/index.php?rest_route=\/wp\/v2\/pages"}],"about":[{"href":"https:\/\/deepseguros.com.br\/index.php?rest_route=\/wp\/v2\/types\/page"}],"author":[{"embeddable":true,"href":"https:\/\/deepseguros.com.br\/index.php?rest_route=\/wp\/v2\/users\/1"}],"replies":[{"embeddable":true,"href":"https:\/\/deepseguros.com.br\/index.php?rest_route=%2Fwp%2Fv2%2Fcomments&post=37"}],"version-history":[{"count":6,"href":"https:\/\/deepseguros.com.br\/index.php?rest_route=\/wp\/v2\/pages\/37\/revisions"}],"predecessor-version":[{"id":1417,"href":"https:\/\/deepseguros.com.br\/index.php?rest_route=\/wp\/v2\/pages\/37\/revisions\/1417"}],"wp:attachment":[{"href":"https:\/\/deepseguros.com.br\/index.php?rest_route=%2Fwp%2Fv2%2Fmedia&parent=37"}],"curies":[{"name":"wp","href":"https:\/\/api.w.org\/{rel}","templated":true}]}}