{"id":49,"date":"2020-12-15T19:05:55","date_gmt":"2020-12-15T19:05:55","guid":{"rendered":"https:\/\/isclientes.com.br\/deep\/?page_id=49"},"modified":"2026-03-17T12:22:04","modified_gmt":"2026-03-17T15:22:04","slug":"consorcio","status":"publish","type":"page","link":"https:\/\/deepseguros.com.br\/?page_id=49","title":{"rendered":"Cons\u00f3rcio"},"content":{"rendered":"<p style=\"text-align: center;\"><span style=\"color: #ff0000;\"><img decoding=\"async\" class=\"alignnone  wp-image-1435\" src=\"http:\/\/deepseguros.com.br\/wp-content\/uploads\/2026\/03\/imagens-consorcio-porto-300x67.png\" alt=\"\" width=\"399\" height=\"89\" srcset=\"https:\/\/deepseguros.com.br\/wp-content\/uploads\/2026\/03\/imagens-consorcio-porto-300x67.png 300w, https:\/\/deepseguros.com.br\/wp-content\/uploads\/2026\/03\/imagens-consorcio-porto.png 610w\" sizes=\"(max-width: 399px) 100vw, 399px\" \/><\/span><br \/>\n<span style=\"color: #0000ff;\">Ainda que algo bem antigo e conhecido por todos, o cons\u00f3rcio<\/span> <span style=\"color: #ff0000;\">continua sendo<\/span><br \/>\n<span style=\"color: #ff0000;\">uma das melhores formas de conquistar<\/span><span style=\"color: #0000ff;\"> o que se quer.<\/span><\/p>\n<p style=\"text-align: center;\"><span style=\"color: #0000ff;\">Seu sonho pode j\u00e1 estar dentro de seu or\u00e7amento; <\/span><span style=\"color: #ff0000;\">fale conosco<\/span>.<\/p>\n<p style=\"text-align: center;\"><span style=\"color: #0000ff;\">Trabalhamos somente com o cons\u00f3rcio da Porto Seguro, por v\u00e1rias quest\u00f5es, sendo uma delas<\/span><br \/>\n<span style=\"color: #0000ff;\">a seguran\u00e7a a longo prazo e a \u00f3tima administra\u00e7\u00e3o em todo o processo, logo,<\/span><br \/>\n<span style=\"color: #0000ff;\">visamos o menor custo, mas com total seguran\u00e7a e certeza de que ao final, tudo ser\u00e1 alegre e tranquilo.<\/span><\/p>\n<p style=\"text-align: center;\"><span style=\"color: #0000ff;\">Por isso optamos pela Porto Seguro.<\/span><br \/>\n<span style=\"color: #0000ff;\">Sabemos que h\u00e1 outros cons\u00f3rcios mais em conta, um pouquinho a menos, mas, n\u00f3s da deep seguros<\/span><br \/>\n<span style=\"color: #0000ff;\">optamos por eliminar qualquer vari\u00e1vel de poss\u00edvel problema, ao final.<\/span><\/p>\n<p style=\"text-align: center;\"><span style=\"color: #0000ff;\">Por isso nosso cons\u00f3rcio \u00e9 Porto Seguro.<\/span><span style=\"color: #ffffff;\">.<\/span><\/p>\n<p style=\"text-align: center;\">Casa, Apartamento, Pr\u00e9dio Comercial, Loja,&#8230;<br \/>\nCarro, Moto,&#8230;<br \/>\nCaminh\u00e3o Leve, M\u00e9dio e Pesado,&#8230;<br \/>\nTrator, Maquinas, Implementos Agr\u00edcolas, Linha Amarela,&#8230;<br \/>\n\u00d4nibus e Vans,&#8230;<br \/>\nN\u00e1utico,&#8230;<\/p>\n<p><img fetchpriority=\"high\" decoding=\"async\" class=\"size-medium wp-image-1285 aligncenter\" src=\"http:\/\/deepseguros.com.br\/wp-content\/uploads\/2022\/06\/LOGO-300x167.png\" alt=\"\" width=\"300\" height=\"167\" srcset=\"https:\/\/deepseguros.com.br\/wp-content\/uploads\/2022\/06\/LOGO-300x167.png 300w, https:\/\/deepseguros.com.br\/wp-content\/uploads\/2022\/06\/LOGO-1024x570.png 1024w, https:\/\/deepseguros.com.br\/wp-content\/uploads\/2022\/06\/LOGO-768x427.png 768w, https:\/\/deepseguros.com.br\/wp-content\/uploads\/2022\/06\/LOGO.png 1080w\" sizes=\"(max-width: 300px) 100vw, 300px\" \/><\/p>\n","protected":false},"excerpt":{"rendered":"<p>Ainda que algo bem antigo e conhecido por todos, o cons\u00f3rcio continua sendo uma das melhores formas de conquistar o que se quer. Seu sonho pode j\u00e1 estar dentro de seu or\u00e7amento; fale conosco. Trabalhamos somente com o cons\u00f3rcio da Porto Seguro, por v\u00e1rias quest\u00f5es, sendo uma delas a seguran\u00e7a a longo prazo e a [&hellip;]<\/p>\n","protected":false},"author":1,"featured_media":0,"parent":0,"menu_order":0,"comment_status":"closed","ping_status":"closed","template":"","meta":{"site-sidebar-layout":"default","site-content-layout":"default","ast-site-content-layout":"default","site-content-style":"default","site-sidebar-style":"default","ast-global-header-display":"","ast-banner-title-visibility":"","ast-main-header-display":"","ast-hfb-above-header-display":"","ast-hfb-below-header-display":"","ast-hfb-mobile-header-display":"","site-post-title":"","ast-breadcrumbs-content":"","ast-featured-img":"","footer-sml-layout":"","ast-disable-related-posts":"","theme-transparent-header-meta":"default","adv-header-id-meta":"","stick-header-meta":"","header-above-stick-meta":"","header-main-stick-meta":"","header-below-stick-meta":"","astra-migrate-meta-layouts":"set","ast-page-background-enabled":"default","ast-page-background-meta":{"desktop":{"background-color":"var(--ast-global-color-4)","background-image":"","background-repeat":"repeat","background-position":"center center","background-size":"auto","background-attachment":"scroll","background-type":"","background-media":"","overlay-type":"","overlay-color":"","overlay-opacity":"","overlay-gradient":""},"tablet":{"background-color":"","background-image":"","background-repeat":"repeat","background-position":"center center","background-size":"auto","background-attachment":"scroll","background-type":"","background-media":"","overlay-type":"","overlay-color":"","overlay-opacity":"","overlay-gradient":""},"mobile":{"background-color":"","background-image":"","background-repeat":"repeat","background-position":"center center","background-size":"auto","background-attachment":"scroll","background-type":"","background-media":"","overlay-type":"","overlay-color":"","overlay-opacity":"","overlay-gradient":""}},"ast-content-background-meta":{"desktop":{"background-color":"var(--ast-global-color-5)","background-image":"","background-repeat":"repeat","background-position":"center center","background-size":"auto","background-attachment":"scroll","background-type":"","background-media":"","overlay-type":"","overlay-color":"","overlay-opacity":"","overlay-gradient":""},"tablet":{"background-color":"var(--ast-global-color-5)","background-image":"","background-repeat":"repeat","background-position":"center center","background-size":"auto","background-attachment":"scroll","background-type":"","background-media":"","overlay-type":"","overlay-color":"","overlay-opacity":"","overlay-gradient":""},"mobile":{"background-color":"var(--ast-global-color-5)","background-image":"","background-repeat":"repeat","background-position":"center center","background-size":"auto","background-attachment":"scroll","background-type":"","background-media":"","overlay-type":"","overlay-color":"","overlay-opacity":"","overlay-gradient":""}},"footnotes":""},"class_list":["post-49","page","type-page","status-publish","hentry"],"yoast_head":"<!-- This site is optimized with the Yoast SEO plugin v27.4 - https:\/\/yoast.com\/product\/yoast-seo-wordpress\/ -->\n<title>Cons\u00f3rcio - Deep Seguros<\/title>\n<meta name=\"robots\" content=\"index, follow, max-snippet:-1, max-image-preview:large, max-video-preview:-1\" \/>\n<link rel=\"canonical\" href=\"https:\/\/deepseguros.com.br\/?page_id=49\" \/>\n<meta property=\"og:locale\" content=\"pt_BR\" \/>\n<meta property=\"og:type\" content=\"article\" \/>\n<meta property=\"og:title\" content=\"Cons\u00f3rcio - Deep Seguros\" \/>\n<meta property=\"og:description\" content=\"Ainda que algo bem antigo e conhecido por todos, o cons\u00f3rcio continua sendo uma das melhores formas de conquistar o que se quer. Seu sonho pode j\u00e1 estar dentro de seu or\u00e7amento; fale conosco. Trabalhamos somente com o cons\u00f3rcio da Porto Seguro, por v\u00e1rias quest\u00f5es, sendo uma delas a seguran\u00e7a a longo prazo e a [&hellip;]\" \/>\n<meta property=\"og:url\" content=\"https:\/\/deepseguros.com.br\/?page_id=49\" \/>\n<meta property=\"og:site_name\" content=\"Deep Seguros\" \/>\n<meta property=\"article:modified_time\" content=\"2026-03-17T15:22:04+00:00\" \/>\n<meta property=\"og:image\" content=\"https:\/\/deepseguros.com.br\/wp-content\/uploads\/2026\/03\/imagens-consorcio-porto.png\" \/>\n\t<meta property=\"og:image:width\" content=\"610\" \/>\n\t<meta property=\"og:image:height\" content=\"137\" \/>\n\t<meta property=\"og:image:type\" content=\"image\/png\" \/>\n<meta name=\"twitter:card\" content=\"summary_large_image\" \/>\n<meta name=\"twitter:label1\" content=\"Est. tempo de leitura\" \/>\n\t<meta name=\"twitter:data1\" content=\"2 minutos\" \/>\n<script type=\"application\/ld+json\" class=\"yoast-schema-graph\">{\"@context\":\"https:\\\/\\\/schema.org\",\"@graph\":[{\"@type\":\"WebPage\",\"@id\":\"https:\\\/\\\/deepseguros.com.br\\\/?page_id=49\",\"url\":\"https:\\\/\\\/deepseguros.com.br\\\/?page_id=49\",\"name\":\"Cons\u00f3rcio - Deep Seguros\",\"isPartOf\":{\"@id\":\"https:\\\/\\\/deepseguros.com.br\\\/#website\"},\"primaryImageOfPage\":{\"@id\":\"https:\\\/\\\/deepseguros.com.br\\\/?page_id=49#primaryimage\"},\"image\":{\"@id\":\"https:\\\/\\\/deepseguros.com.br\\\/?page_id=49#primaryimage\"},\"thumbnailUrl\":\"http:\\\/\\\/deepseguros.com.br\\\/wp-content\\\/uploads\\\/2026\\\/03\\\/imagens-consorcio-porto-300x67.png\",\"datePublished\":\"2020-12-15T19:05:55+00:00\",\"dateModified\":\"2026-03-17T15:22:04+00:00\",\"breadcrumb\":{\"@id\":\"https:\\\/\\\/deepseguros.com.br\\\/?page_id=49#breadcrumb\"},\"inLanguage\":\"pt-BR\",\"potentialAction\":[{\"@type\":\"ReadAction\",\"target\":[\"https:\\\/\\\/deepseguros.com.br\\\/?page_id=49\"]}]},{\"@type\":\"ImageObject\",\"inLanguage\":\"pt-BR\",\"@id\":\"https:\\\/\\\/deepseguros.com.br\\\/?page_id=49#primaryimage\",\"url\":\"https:\\\/\\\/deepseguros.com.br\\\/wp-content\\\/uploads\\\/2026\\\/03\\\/imagens-consorcio-porto.png\",\"contentUrl\":\"https:\\\/\\\/deepseguros.com.br\\\/wp-content\\\/uploads\\\/2026\\\/03\\\/imagens-consorcio-porto.png\",\"width\":610,\"height\":137},{\"@type\":\"BreadcrumbList\",\"@id\":\"https:\\\/\\\/deepseguros.com.br\\\/?page_id=49#breadcrumb\",\"itemListElement\":[{\"@type\":\"ListItem\",\"position\":1,\"name\":\"In\u00edcio\",\"item\":\"https:\\\/\\\/deepseguros.com.br\\\/\"},{\"@type\":\"ListItem\",\"position\":2,\"name\":\"Cons\u00f3rcio\"}]},{\"@type\":\"WebSite\",\"@id\":\"https:\\\/\\\/deepseguros.com.br\\\/#website\",\"url\":\"https:\\\/\\\/deepseguros.com.br\\\/\",\"name\":\"Deep Seguros\",\"description\":\"24h de tranquilidade, todos os dias\",\"potentialAction\":[{\"@type\":\"SearchAction\",\"target\":{\"@type\":\"EntryPoint\",\"urlTemplate\":\"https:\\\/\\\/deepseguros.com.br\\\/?s={search_term_string}\"},\"query-input\":{\"@type\":\"PropertyValueSpecification\",\"valueRequired\":true,\"valueName\":\"search_term_string\"}}],\"inLanguage\":\"pt-BR\"}]}<\/script>\n<!-- \/ Yoast SEO plugin. -->","yoast_head_json":{"title":"Cons\u00f3rcio - Deep Seguros","robots":{"index":"index","follow":"follow","max-snippet":"max-snippet:-1","max-image-preview":"max-image-preview:large","max-video-preview":"max-video-preview:-1"},"canonical":"https:\/\/deepseguros.com.br\/?page_id=49","og_locale":"pt_BR","og_type":"article","og_title":"Cons\u00f3rcio - Deep Seguros","og_description":"Ainda que algo bem antigo e conhecido por todos, o cons\u00f3rcio continua sendo uma das melhores formas de conquistar o que se quer. Seu sonho pode j\u00e1 estar dentro de seu or\u00e7amento; fale conosco. Trabalhamos somente com o cons\u00f3rcio da Porto Seguro, por v\u00e1rias quest\u00f5es, sendo uma delas a seguran\u00e7a a longo prazo e a [&hellip;]","og_url":"https:\/\/deepseguros.com.br\/?page_id=49","og_site_name":"Deep Seguros","article_modified_time":"2026-03-17T15:22:04+00:00","og_image":[{"width":610,"height":137,"url":"https:\/\/deepseguros.com.br\/wp-content\/uploads\/2026\/03\/imagens-consorcio-porto.png","type":"image\/png"}],"twitter_card":"summary_large_image","twitter_misc":{"Est. tempo de leitura":"2 minutos"},"schema":{"@context":"https:\/\/schema.org","@graph":[{"@type":"WebPage","@id":"https:\/\/deepseguros.com.br\/?page_id=49","url":"https:\/\/deepseguros.com.br\/?page_id=49","name":"Cons\u00f3rcio - Deep Seguros","isPartOf":{"@id":"https:\/\/deepseguros.com.br\/#website"},"primaryImageOfPage":{"@id":"https:\/\/deepseguros.com.br\/?page_id=49#primaryimage"},"image":{"@id":"https:\/\/deepseguros.com.br\/?page_id=49#primaryimage"},"thumbnailUrl":"http:\/\/deepseguros.com.br\/wp-content\/uploads\/2026\/03\/imagens-consorcio-porto-300x67.png","datePublished":"2020-12-15T19:05:55+00:00","dateModified":"2026-03-17T15:22:04+00:00","breadcrumb":{"@id":"https:\/\/deepseguros.com.br\/?page_id=49#breadcrumb"},"inLanguage":"pt-BR","potentialAction":[{"@type":"ReadAction","target":["https:\/\/deepseguros.com.br\/?page_id=49"]}]},{"@type":"ImageObject","inLanguage":"pt-BR","@id":"https:\/\/deepseguros.com.br\/?page_id=49#primaryimage","url":"https:\/\/deepseguros.com.br\/wp-content\/uploads\/2026\/03\/imagens-consorcio-porto.png","contentUrl":"https:\/\/deepseguros.com.br\/wp-content\/uploads\/2026\/03\/imagens-consorcio-porto.png","width":610,"height":137},{"@type":"BreadcrumbList","@id":"https:\/\/deepseguros.com.br\/?page_id=49#breadcrumb","itemListElement":[{"@type":"ListItem","position":1,"name":"In\u00edcio","item":"https:\/\/deepseguros.com.br\/"},{"@type":"ListItem","position":2,"name":"Cons\u00f3rcio"}]},{"@type":"WebSite","@id":"https:\/\/deepseguros.com.br\/#website","url":"https:\/\/deepseguros.com.br\/","name":"Deep Seguros","description":"24h de tranquilidade, todos os dias","potentialAction":[{"@type":"SearchAction","target":{"@type":"EntryPoint","urlTemplate":"https:\/\/deepseguros.com.br\/?s={search_term_string}"},"query-input":{"@type":"PropertyValueSpecification","valueRequired":true,"valueName":"search_term_string"}}],"inLanguage":"pt-BR"}]}},"_links":{"self":[{"href":"https:\/\/deepseguros.com.br\/index.php?rest_route=\/wp\/v2\/pages\/49","targetHints":{"allow":["GET"]}}],"collection":[{"href":"https:\/\/deepseguros.com.br\/index.php?rest_route=\/wp\/v2\/pages"}],"about":[{"href":"https:\/\/deepseguros.com.br\/index.php?rest_route=\/wp\/v2\/types\/page"}],"author":[{"embeddable":true,"href":"https:\/\/deepseguros.com.br\/index.php?rest_route=\/wp\/v2\/users\/1"}],"replies":[{"embeddable":true,"href":"https:\/\/deepseguros.com.br\/index.php?rest_route=%2Fwp%2Fv2%2Fcomments&post=49"}],"version-history":[{"count":9,"href":"https:\/\/deepseguros.com.br\/index.php?rest_route=\/wp\/v2\/pages\/49\/revisions"}],"predecessor-version":[{"id":1440,"href":"https:\/\/deepseguros.com.br\/index.php?rest_route=\/wp\/v2\/pages\/49\/revisions\/1440"}],"wp:attachment":[{"href":"https:\/\/deepseguros.com.br\/index.php?rest_route=%2Fwp%2Fv2%2Fmedia&parent=49"}],"curies":[{"name":"wp","href":"https:\/\/api.w.org\/{rel}","templated":true}]}}