{"id":55,"date":"2020-12-15T19:23:55","date_gmt":"2020-12-15T19:23:55","guid":{"rendered":"https:\/\/isclientes.com.br\/deep\/?page_id=55"},"modified":"2026-03-30T10:00:54","modified_gmt":"2026-03-30T13:00:54","slug":"condominio","status":"publish","type":"page","link":"https:\/\/deepseguros.com.br\/?page_id=55","title":{"rendered":"Condom\u00ednio"},"content":{"rendered":"<p><img fetchpriority=\"high\" decoding=\"async\" class=\"alignnone  wp-image-1465 aligncenter\" src=\"https:\/\/deepseguros.com.br\/wp-content\/uploads\/2026\/03\/crianca-na-estrada-01-300x199.png\" alt=\"\" width=\"473\" height=\"314\" srcset=\"https:\/\/deepseguros.com.br\/wp-content\/uploads\/2026\/03\/crianca-na-estrada-01-300x199.png 300w, https:\/\/deepseguros.com.br\/wp-content\/uploads\/2026\/03\/crianca-na-estrada-01-768x509.png 768w, https:\/\/deepseguros.com.br\/wp-content\/uploads\/2026\/03\/crianca-na-estrada-01.png 771w\" sizes=\"(max-width: 473px) 100vw, 473px\" \/><\/p>\n<p style=\"text-align: center;\"><span style=\"color: #0000ff;\">Um <\/span><span style=\"color: #ff0000;\"><span style=\"color: #0000ff;\">f<\/span>uturo<\/span> <span style=\"color: #0000ff;\">melhor, para eles, \u00e9<\/span> <span style=\"color: #ff0000;\">nossa<\/span> r<span style=\"color: #0000ff;\">esponsabilidade,<\/span><br \/><span style=\"color: #0000ff;\">mas essa<\/span> <span style=\"color: #ff0000;\">garantia<\/span> <span style=\"color: #0000ff;\">tem de ser feita<\/span><br \/><span style=\"color: #0000ff;\">no<\/span> <span style=\"color: #ff0000;\">presente<\/span><span style=\"color: #0000ff;\">.<\/span><\/p>\n<p style=\"text-align: center;\"><span style=\"color: #ffffff;\">.<\/span><\/p>\n<p style=\"text-align: center;\"><span style=\"color: #0000ff;\">Depois dos seguros de VIDA e ACIDENTES PESSOAIS, <\/span><span style=\"color: #0000ff;\">em paralelo<\/span><br \/><span style=\"color: #0000ff;\">e quase na mesma import\u00e2ncia e delicadeza,<\/span><br \/><span style=\"color: #0000ff;\">pois podem vir a afetar drasticamente o futuro das pessoas,<\/span><br \/><span style=\"color: #0000ff;\">e pior ainda, de seus dependentes, temos os seguros de ve\u00edculos,<\/span><br \/><span style=\"color: #0000ff;\">que s\u00e3o extremamente importantes pela possibilidade de virem a causar<\/span><br \/><span style=\"color: #0000ff;\">danos a OUTRAS PESSOAS \u201cDanos Corporais = DC\u201d,<\/span><br \/><span style=\"color: #0000ff;\">pois, <\/span><span style=\"color: #0000ff;\">dependendo do acidente e danos a uma ou mais pessoas,<\/span><br \/><span style=\"color: #0000ff;\">o valor como indeniza\u00e7\u00e3o facilmente pode arrancar com R$ 500.000.00,<\/span><br \/><span style=\"color: #0000ff;\">pois em algumas situa\u00e7\u00f5es ser\u00e1 necess\u00e1rios indenizar<\/span><br \/><span style=\"color: #0000ff;\">ou <\/span><span style=\"color: #0000ff;\">garantir uma pens\u00e3o vital\u00edcia \u00e0 vitima.<\/span><\/p>\n<p style=\"text-align: center;\"><span style=\"color: #0000ff;\">Embora toda essa import\u00e2ncia dos seguros Vida, Acidentes Pessoais e seguro Auto,<\/span><br \/><span style=\"color: #0000ff;\">os quais os citamos como que em PARALELO,<\/span><br \/><span style=\"color: #0000ff;\">por serem extremamente essenciais, e bem mais que isso, necessariamente,<\/span><br \/><span style=\"color: #0000ff;\">tamb\u00e9m temos de colocar imediatamente abaixo,<\/span><br \/><span style=\"color: #0000ff;\">em quase mesmo grau de import\u00e2ncia<\/span><br \/><span style=\"color: #0000ff;\">os seguros de condom\u00ednio, empresa e resid\u00eancia,<\/span><br \/><span style=\"color: #0000ff;\">pois a FALTA desses seguros ou a contrata\u00e7\u00e3o<\/span> <span style=\"color: #ff0000;\">incorreta(1)<\/span><br \/><span style=\"color: #0000ff;\">pode n\u00e3o somente comprometer a vida e futuro do respons\u00e1vel<\/span><br \/><span style=\"color: #0000ff;\">mas, tamb\u00e9m e obviamente, de seus dependentes,<\/span><br \/><span style=\"color: #0000ff;\">ergo,<\/span><br \/><span style=\"color: #0000ff;\">vejamos abaixo alguns dos detalhes \u201cn\u00e3o todos\u201d em espec\u00edfico.<\/span><\/p>\n<p style=\"text-align: center;\"><span style=\"color: #ffffff;\">.<\/span><\/p>\n<h3 style=\"text-align: center;\"><span style=\"color: #ffffff;\">.<\/span><\/h3>\n<h3 style=\"text-align: center;\"><img decoding=\"async\" class=\"alignnone  wp-image-1467\" src=\"https:\/\/deepseguros.com.br\/wp-content\/uploads\/2026\/03\/condominio-01-300x203.png\" alt=\"\" width=\"337\" height=\"228\" srcset=\"https:\/\/deepseguros.com.br\/wp-content\/uploads\/2026\/03\/condominio-01-300x203.png 300w, https:\/\/deepseguros.com.br\/wp-content\/uploads\/2026\/03\/condominio-01.png 641w\" sizes=\"(max-width: 337px) 100vw, 337px\" \/><br \/><strong><span style=\"color: #339966;\">Seguro Condom\u00ednio<\/span><\/strong><\/h3>\n<p style=\"text-align: center;\"><span style=\"color: #0000ff;\">Grande quantidade de pessoas e diversas vontades.<\/span><br \/><span style=\"color: #0000ff;\">V\u00e1rias prioridades individuais.<\/span><\/p>\n<p style=\"text-align: center;\"><span style=\"color: #0000ff;\">Riscos os mais diversos.<\/span><\/p>\n<h3 style=\"text-align: center;\"><span style=\"color: #ff0000;\">Como fazer para evitar problemas?<\/span><\/h3>\n<p style=\"text-align: center;\"><span style=\"color: #ffffff;\">.<\/span><\/p>\n<p style=\"text-align: center;\"><span style=\"color: #0000ff;\">Um \u00f3timo seguro quase resolve, ou seja, excelente seguradora,<\/span><br \/><span style=\"color: #0000ff;\">coberturas para todos os riscos existentes,<\/span><br \/><span style=\"color: #0000ff;\">verbas adequadas<\/span><br \/><span style=\"color: #0000ff;\">e custo dentro do or\u00e7amento.<\/span><\/p>\n<p style=\"text-align: center;\"><span style=\"color: #ff0000;\">Quase?<\/span><\/p>\n<p style=\"text-align: center;\"><span style=\"color: #0000ff;\">Sim, pois que, para n\u00e3o ter problemas, mesmo,<\/span><br \/><span style=\"color: #0000ff;\">\u00e9 necess\u00e1rio<\/span><br \/><span style=\"color: #0000ff;\">que seu seguro TAMB\u00c9M tenha atendimento 24h de um corretor<\/span><br \/><span style=\"color: #0000ff;\">\u201c<\/span><span style=\"color: #ff0000;\">corretor COM experi\u00eancia em sinistro inc\u00eandio\/vendaval\/RC., etc.<\/span><span style=\"color: #0000ff;\">,<\/span><br \/><span style=\"color: #0000ff;\">caso contr\u00e1rio,<\/span><br \/><span style=\"color: #0000ff;\">o condom\u00ednio, AINDA assim, vai estar as voltas <\/span><span style=\"color: #0000ff;\">com um mar de problemas<\/span><span style=\"color: #ff0000;\">(2)<\/span><span style=\"color: #0000ff;\">\u201d.<\/span><\/p>\n<p style=\"text-align: center;\"><span style=\"color: #ffffff;\">.<\/span><\/p>\n<p style=\"text-align: center;\"><span style=\"color: #0000ff;\">Atente-se que, embora tenhamos mais de 20 anos de experi\u00eancia, <\/span><span style=\"color: #0000ff;\">na verdade desde 1994,<\/span><br \/><span style=\"color: #0000ff;\">nisso uma excelente viv\u00eancia em sinistros, ainda assim,<\/span><br \/><span style=\"color: #0000ff;\">n\u00e3o estamos aqui prometendo o quer que seja em indeniza\u00e7\u00e3o, a mais,<\/span><br \/><span style=\"color: #0000ff;\">fora das regras de clausulas e coberturas, mas sim,<\/span><br \/><span style=\"color: #0000ff;\">fazer uso de TODO o seguro, em sua M\u00c1XIMA,<\/span><br \/><span style=\"color: #0000ff;\">em favor do segurado, condom\u00ednio aqui, nesse caso,<\/span><br \/><span style=\"color: #0000ff;\">sem lesar ou querer algo a mais da seguradora, que n\u00e3o de direito,\u00a0do seguro.<\/span><\/p>\n<p style=\"text-align: center;\"><img decoding=\"async\" class=\"alignnone  wp-image-1160\" src=\"https:\/\/deepseguros.com.br\/wp-content\/uploads\/2022\/03\/WhatsApp-Image-2020-11-27-at-15.46.46-225x300.jpeg\" alt=\"\" width=\"364\" height=\"486\" srcset=\"https:\/\/deepseguros.com.br\/wp-content\/uploads\/2022\/03\/WhatsApp-Image-2020-11-27-at-15.46.46-225x300.jpeg 225w, https:\/\/deepseguros.com.br\/wp-content\/uploads\/2022\/03\/WhatsApp-Image-2020-11-27-at-15.46.46-768x1024.jpeg 768w, https:\/\/deepseguros.com.br\/wp-content\/uploads\/2022\/03\/WhatsApp-Image-2020-11-27-at-15.46.46.jpeg 780w\" sizes=\"(max-width: 364px) 100vw, 364px\" \/><\/p>\n<p><img loading=\"lazy\" decoding=\"async\" class=\"size-medium wp-image-1161 aligncenter\" src=\"https:\/\/deepseguros.com.br\/wp-content\/uploads\/2022\/03\/F-300x169.jpg\" alt=\"\" width=\"300\" height=\"169\" srcset=\"https:\/\/deepseguros.com.br\/wp-content\/uploads\/2022\/03\/F-300x169.jpg 300w, https:\/\/deepseguros.com.br\/wp-content\/uploads\/2022\/03\/F-1024x577.jpg 1024w, https:\/\/deepseguros.com.br\/wp-content\/uploads\/2022\/03\/F-768x433.jpg 768w, https:\/\/deepseguros.com.br\/wp-content\/uploads\/2022\/03\/F.jpg 1280w\" sizes=\"(max-width: 300px) 100vw, 300px\" \/><\/p>\n<p><img loading=\"lazy\" decoding=\"async\" class=\"size-medium wp-image-1162 aligncenter\" src=\"https:\/\/deepseguros.com.br\/wp-content\/uploads\/2022\/03\/E-169x300.jpg\" alt=\"\" width=\"169\" height=\"300\" srcset=\"https:\/\/deepseguros.com.br\/wp-content\/uploads\/2022\/03\/E-169x300.jpg 169w, https:\/\/deepseguros.com.br\/wp-content\/uploads\/2022\/03\/E-576x1024.jpg 576w, https:\/\/deepseguros.com.br\/wp-content\/uploads\/2022\/03\/E.jpg 581w\" sizes=\"(max-width: 169px) 100vw, 169px\" \/><\/p>\n<p><img loading=\"lazy\" decoding=\"async\" class=\" wp-image-1163 aligncenter\" src=\"https:\/\/deepseguros.com.br\/wp-content\/uploads\/2022\/03\/A-180x300.jpg\" alt=\"\" width=\"271\" height=\"452\" srcset=\"https:\/\/deepseguros.com.br\/wp-content\/uploads\/2022\/03\/A-180x300.jpg 180w, https:\/\/deepseguros.com.br\/wp-content\/uploads\/2022\/03\/A-614x1024.jpg 614w, https:\/\/deepseguros.com.br\/wp-content\/uploads\/2022\/03\/A.jpg 768w\" sizes=\"(max-width: 271px) 100vw, 271px\" \/><\/p>\n<div style=\"width: 864px;\" class=\"wp-video\"><!--[if lt IE 9]><script>document.createElement('video');<\/script><![endif]-->\n<video class=\"wp-video-shortcode\" id=\"video-55-1\" width=\"864\" height=\"480\" preload=\"metadata\" controls=\"controls\"><source type=\"video\/mp4\" src=\"https:\/\/deepseguros.com.br\/wp-content\/uploads\/2022\/03\/WhatsApp-Video-2020-11-27-at-15.58.28.mp4?_=1\" \/><a href=\"https:\/\/deepseguros.com.br\/wp-content\/uploads\/2022\/03\/WhatsApp-Video-2020-11-27-at-15.58.28.mp4\">https:\/\/deepseguros.com.br\/wp-content\/uploads\/2022\/03\/WhatsApp-Video-2020-11-27-at-15.58.28.mp4<\/a><\/video><\/div>\n<p style=\"text-align: center;\"><span style=\"color: #ff0000;\">25.11.2020 \u2013 inc\u00eandio de apartamento t\u00e9rreo em condom\u00ednio &#8211; Porto Alegre\u00a0 &#8211; RS<\/span><\/p>\n<p style=\"text-align: center;\"><span style=\"color: #ffffff;\">.<\/span><\/p>\n<p style=\"text-align: center;\"><span style=\"color: #0000ff;\">Ter o melhor, n\u00e3o \u00e9 mais caro, logo, entre em contato e confira.<\/span><\/p>\n<p style=\"text-align: center;\"><img loading=\"lazy\" decoding=\"async\" class=\"alignnone size-medium wp-image-1285\" src=\"https:\/\/deepseguros.com.br\/wp-content\/uploads\/2022\/06\/LOGO-300x167.png\" alt=\"\" width=\"300\" height=\"167\" srcset=\"https:\/\/deepseguros.com.br\/wp-content\/uploads\/2022\/06\/LOGO-300x167.png 300w, https:\/\/deepseguros.com.br\/wp-content\/uploads\/2022\/06\/LOGO-1024x570.png 1024w, https:\/\/deepseguros.com.br\/wp-content\/uploads\/2022\/06\/LOGO-768x427.png 768w, https:\/\/deepseguros.com.br\/wp-content\/uploads\/2022\/06\/LOGO.png 1080w\" sizes=\"(max-width: 300px) 100vw, 300px\" \/><\/p>\n<p style=\"text-align: center;\"><span style=\"color: #0000ff;\">Dener\u00a0 \u00a0 \u00a0Diogo<\/span><br \/><span style=\"color: #ff0000;\">51-9.9113.0004\u00a0 \u00a0 \u00a051-9.9927.9091<\/span><br \/><span style=\"color: #0000ff;\">51.3019.3120<\/span><br \/><span style=\"color: #0000ff;\">Desde 1994, 24h de tranquilidade, todos os dias<\/span><\/p>\n<p><span style=\"color: #ffffff;\">.<\/span><br \/><span style=\"color: #0000ff;\">1 &#8211; N\u00e3o h\u00e1 como se entrar em detalhes do que pode vir a ser um erro na contrata\u00e7\u00e3o desses seguros, pois isso vai desde<\/span> <span style=\"color: #ff0000;\">verbas baixas<\/span> <span style=\"color: #0000ff;\">a<\/span> <span style=\"color: #ff0000;\">falta de coberturas e erro de enquadramento<\/span><span style=\"color: #0000ff;\">, no que, em caso de d\u00favidas quanto a nossos registros, em qualquer seguro desses e em todos os demais, basta pegar as condi\u00e7\u00f5es gerais e vais verificar que as restri\u00e7\u00f5es e possibilidades de ocorrer uma negativa de pagamento s\u00e3o grandes, devido a clausulas,<\/span> <span style=\"color: #ff0000;\">riscos exclu\u00eddos<\/span> <span style=\"color: #0000ff;\">e tudo o mais em detalhes que podem levar a uma negativa de pagamento, em caso de sinistro. Face todas estas vari\u00e1veis, ter um corretor habilitado, mas tamb\u00e9m, com EXPERI\u00caNCIA em SINISTROS n\u00e3o \u00e9 importante, mas fundamental e fator<\/span><span style=\"color: #ff0000;\"> determinante para que um seguro seja SEGURO MESMO<\/span> <span style=\"color: #0000ff;\">e n\u00e3o apenas uma ap\u00f3lice que deve cobrir, mas que est\u00e1 incorreta. Nosso objetivo n\u00e3o \u00e9 gerar preocupa\u00e7\u00e3o ou pior que isso, mas solicitar cuidados, pois que, nesses anos todos, at\u00e9 seguro residencial encontramos com erro em ap\u00f3lice e no que, nesse caso, a segurada, que fazia seguro h\u00e1 v\u00e1rios anos, no banco, na verdade,<\/span> <span style=\"color: #ff0000;\">NUNCA teve seguro<\/span><span style=\"color: #0000ff;\">, na pr\u00e1tica, devido esse erro. Quanto a seguros de condom\u00ednio, mais de 40% dos que avaliamos estavam com erros, alguns graves \u201c\u00f3timo que n\u00e3o tiveram sinistro\u201d. Obviamente que nos seguro de empresa, pela diversidade das atividades e vari\u00e1veis de risco, facilmente encontramos erros de enquadramento, falta de coberturas, etc., logo, seguros que parecem simples, n\u00e3o s\u00e3o, ergo, requerem bastante aten\u00e7\u00e3o na contrata\u00e7\u00e3o e n\u00e3o depois dela, em ocorrendo algo e necessitando desses seguros, garantias de um futuro melhor, certamente, mas, quando feitos corretamente. Para mais informa\u00e7\u00f5es, consulte, tamb\u00e9m, os links\/p\u00e1ginas: Empresa e Resid\u00eancia.<\/span><br \/><span style=\"color: #0000ff;\">2 \u2013 Voc\u00ea que \u00e9 sindico, por exemplo, sabia que v\u00e1rias seguradoras n\u00e3o cobrem dano algum, el\u00e9trico \u201cpor raio, oscila\u00e7\u00e3o de rede\u201d, em elevadores, quanto a placas, mem\u00f3rias, chips e outros, onde em qualquer sinistro os danos geralmente ficam em torno de 5.000.00 ou bem mais que isso? Algumas seguradoras pagam alguns componentes, mas n\u00e3o todos? Enfim, pode ser bom dar uma olhada direto na sua ap\u00f3lice hoje e n\u00e3o amanh\u00e3, pois em ocorrendo sinistro, vais ter de aguardar a renova\u00e7\u00e3o ou providenciar outra seguradora, urgente, a fim de ter um seguro, o melhor poss\u00edvel, e n\u00e3o algo baseado em pre\u00e7o, ou pior que isso, sem cobertura realmente. Entre em contado e solicite verifica\u00e7\u00e3o \u201csem custo\u201d de sua ap\u00f3lice ATUAL e suas reais coberturas, caso tenha d\u00favidas.<\/span><\/p>\n\n\n<p><\/p>\n","protected":false},"excerpt":{"rendered":"<p>Um futuro melhor, para eles, \u00e9 nossa responsabilidade,mas essa garantia tem de ser feitano presente. . Depois dos seguros de VIDA e ACIDENTES PESSOAIS, em paraleloe quase na mesma import\u00e2ncia e delicadeza,pois podem vir a afetar drasticamente o futuro das pessoas,e pior ainda, de seus dependentes, temos os seguros de ve\u00edculos,que s\u00e3o extremamente importantes pela [&hellip;]<\/p>\n","protected":false},"author":1,"featured_media":0,"parent":0,"menu_order":0,"comment_status":"closed","ping_status":"closed","template":"","meta":{"site-sidebar-layout":"default","site-content-layout":"default","ast-site-content-layout":"default","site-content-style":"default","site-sidebar-style":"default","ast-global-header-display":"","ast-banner-title-visibility":"","ast-main-header-display":"","ast-hfb-above-header-display":"","ast-hfb-below-header-display":"","ast-hfb-mobile-header-display":"","site-post-title":"","ast-breadcrumbs-content":"","ast-featured-img":"","footer-sml-layout":"","ast-disable-related-posts":"","theme-transparent-header-meta":"default","adv-header-id-meta":"","stick-header-meta":"","header-above-stick-meta":"","header-main-stick-meta":"","header-below-stick-meta":"","astra-migrate-meta-layouts":"set","ast-page-background-enabled":"default","ast-page-background-meta":{"desktop":{"background-color":"var(--ast-global-color-4)","background-image":"","background-repeat":"repeat","background-position":"center center","background-size":"auto","background-attachment":"scroll","background-type":"","background-media":"","overlay-type":"","overlay-color":"","overlay-opacity":"","overlay-gradient":""},"tablet":{"background-color":"","background-image":"","background-repeat":"repeat","background-position":"center center","background-size":"auto","background-attachment":"scroll","background-type":"","background-media":"","overlay-type":"","overlay-color":"","overlay-opacity":"","overlay-gradient":""},"mobile":{"background-color":"","background-image":"","background-repeat":"repeat","background-position":"center center","background-size":"auto","background-attachment":"scroll","background-type":"","background-media":"","overlay-type":"","overlay-color":"","overlay-opacity":"","overlay-gradient":""}},"ast-content-background-meta":{"desktop":{"background-color":"var(--ast-global-color-5)","background-image":"","background-repeat":"repeat","background-position":"center center","background-size":"auto","background-attachment":"scroll","background-type":"","background-media":"","overlay-type":"","overlay-color":"","overlay-opacity":"","overlay-gradient":""},"tablet":{"background-color":"var(--ast-global-color-5)","background-image":"","background-repeat":"repeat","background-position":"center center","background-size":"auto","background-attachment":"scroll","background-type":"","background-media":"","overlay-type":"","overlay-color":"","overlay-opacity":"","overlay-gradient":""},"mobile":{"background-color":"var(--ast-global-color-5)","background-image":"","background-repeat":"repeat","background-position":"center center","background-size":"auto","background-attachment":"scroll","background-type":"","background-media":"","overlay-type":"","overlay-color":"","overlay-opacity":"","overlay-gradient":""}},"footnotes":""},"class_list":["post-55","page","type-page","status-publish","hentry"],"yoast_head":"<!-- This site is optimized with the Yoast SEO plugin v27.4 - https:\/\/yoast.com\/product\/yoast-seo-wordpress\/ -->\n<title>Condom\u00ednio - Deep Seguros<\/title>\n<meta name=\"robots\" content=\"index, follow, max-snippet:-1, max-image-preview:large, max-video-preview:-1\" \/>\n<link rel=\"canonical\" href=\"https:\/\/deepseguros.com.br\/?page_id=55\" \/>\n<meta property=\"og:locale\" content=\"pt_BR\" \/>\n<meta property=\"og:type\" content=\"article\" \/>\n<meta property=\"og:title\" content=\"Condom\u00ednio - Deep Seguros\" \/>\n<meta property=\"og:description\" content=\"Um futuro melhor, para eles, \u00e9 nossa responsabilidade,mas essa garantia tem de ser feitano presente. . Depois dos seguros de VIDA e ACIDENTES PESSOAIS, em paraleloe quase na mesma import\u00e2ncia e delicadeza,pois podem vir a afetar drasticamente o futuro das pessoas,e pior ainda, de seus dependentes, temos os seguros de ve\u00edculos,que s\u00e3o extremamente importantes pela [&hellip;]\" \/>\n<meta property=\"og:url\" content=\"https:\/\/deepseguros.com.br\/?page_id=55\" \/>\n<meta property=\"og:site_name\" content=\"Deep Seguros\" \/>\n<meta property=\"article:modified_time\" content=\"2026-03-30T13:00:54+00:00\" \/>\n<meta property=\"og:image\" content=\"https:\/\/deepseguros.com.br\/wp-content\/uploads\/2026\/03\/crianca-na-estrada-01.png\" \/>\n\t<meta property=\"og:image:width\" content=\"771\" \/>\n\t<meta property=\"og:image:height\" content=\"511\" \/>\n\t<meta property=\"og:image:type\" content=\"image\/png\" \/>\n<meta name=\"twitter:card\" content=\"summary_large_image\" \/>\n<meta name=\"twitter:label1\" content=\"Est. tempo de leitura\" \/>\n\t<meta name=\"twitter:data1\" content=\"6 minutos\" \/>\n<script type=\"application\/ld+json\" class=\"yoast-schema-graph\">{\"@context\":\"https:\\\/\\\/schema.org\",\"@graph\":[{\"@type\":\"WebPage\",\"@id\":\"https:\\\/\\\/deepseguros.com.br\\\/?page_id=55\",\"url\":\"https:\\\/\\\/deepseguros.com.br\\\/?page_id=55\",\"name\":\"Condom\u00ednio - Deep Seguros\",\"isPartOf\":{\"@id\":\"https:\\\/\\\/deepseguros.com.br\\\/#website\"},\"primaryImageOfPage\":{\"@id\":\"https:\\\/\\\/deepseguros.com.br\\\/?page_id=55#primaryimage\"},\"image\":{\"@id\":\"https:\\\/\\\/deepseguros.com.br\\\/?page_id=55#primaryimage\"},\"thumbnailUrl\":\"https:\\\/\\\/deepseguros.com.br\\\/wp-content\\\/uploads\\\/2026\\\/03\\\/crianca-na-estrada-01-300x199.png\",\"datePublished\":\"2020-12-15T19:23:55+00:00\",\"dateModified\":\"2026-03-30T13:00:54+00:00\",\"breadcrumb\":{\"@id\":\"https:\\\/\\\/deepseguros.com.br\\\/?page_id=55#breadcrumb\"},\"inLanguage\":\"pt-BR\",\"potentialAction\":[{\"@type\":\"ReadAction\",\"target\":[\"https:\\\/\\\/deepseguros.com.br\\\/?page_id=55\"]}]},{\"@type\":\"ImageObject\",\"inLanguage\":\"pt-BR\",\"@id\":\"https:\\\/\\\/deepseguros.com.br\\\/?page_id=55#primaryimage\",\"url\":\"https:\\\/\\\/deepseguros.com.br\\\/wp-content\\\/uploads\\\/2026\\\/03\\\/crianca-na-estrada-01.png\",\"contentUrl\":\"https:\\\/\\\/deepseguros.com.br\\\/wp-content\\\/uploads\\\/2026\\\/03\\\/crianca-na-estrada-01.png\",\"width\":771,\"height\":511},{\"@type\":\"BreadcrumbList\",\"@id\":\"https:\\\/\\\/deepseguros.com.br\\\/?page_id=55#breadcrumb\",\"itemListElement\":[{\"@type\":\"ListItem\",\"position\":1,\"name\":\"In\u00edcio\",\"item\":\"https:\\\/\\\/deepseguros.com.br\\\/\"},{\"@type\":\"ListItem\",\"position\":2,\"name\":\"Condom\u00ednio\"}]},{\"@type\":\"WebSite\",\"@id\":\"https:\\\/\\\/deepseguros.com.br\\\/#website\",\"url\":\"https:\\\/\\\/deepseguros.com.br\\\/\",\"name\":\"Deep Seguros\",\"description\":\"24h de tranquilidade, todos os dias\",\"potentialAction\":[{\"@type\":\"SearchAction\",\"target\":{\"@type\":\"EntryPoint\",\"urlTemplate\":\"https:\\\/\\\/deepseguros.com.br\\\/?s={search_term_string}\"},\"query-input\":{\"@type\":\"PropertyValueSpecification\",\"valueRequired\":true,\"valueName\":\"search_term_string\"}}],\"inLanguage\":\"pt-BR\"}]}<\/script>\n<!-- \/ Yoast SEO plugin. -->","yoast_head_json":{"title":"Condom\u00ednio - Deep Seguros","robots":{"index":"index","follow":"follow","max-snippet":"max-snippet:-1","max-image-preview":"max-image-preview:large","max-video-preview":"max-video-preview:-1"},"canonical":"https:\/\/deepseguros.com.br\/?page_id=55","og_locale":"pt_BR","og_type":"article","og_title":"Condom\u00ednio - Deep Seguros","og_description":"Um futuro melhor, para eles, \u00e9 nossa responsabilidade,mas essa garantia tem de ser feitano presente. . Depois dos seguros de VIDA e ACIDENTES PESSOAIS, em paraleloe quase na mesma import\u00e2ncia e delicadeza,pois podem vir a afetar drasticamente o futuro das pessoas,e pior ainda, de seus dependentes, temos os seguros de ve\u00edculos,que s\u00e3o extremamente importantes pela [&hellip;]","og_url":"https:\/\/deepseguros.com.br\/?page_id=55","og_site_name":"Deep Seguros","article_modified_time":"2026-03-30T13:00:54+00:00","og_image":[{"width":771,"height":511,"url":"https:\/\/deepseguros.com.br\/wp-content\/uploads\/2026\/03\/crianca-na-estrada-01.png","type":"image\/png"}],"twitter_card":"summary_large_image","twitter_misc":{"Est. tempo de leitura":"6 minutos"},"schema":{"@context":"https:\/\/schema.org","@graph":[{"@type":"WebPage","@id":"https:\/\/deepseguros.com.br\/?page_id=55","url":"https:\/\/deepseguros.com.br\/?page_id=55","name":"Condom\u00ednio - Deep Seguros","isPartOf":{"@id":"https:\/\/deepseguros.com.br\/#website"},"primaryImageOfPage":{"@id":"https:\/\/deepseguros.com.br\/?page_id=55#primaryimage"},"image":{"@id":"https:\/\/deepseguros.com.br\/?page_id=55#primaryimage"},"thumbnailUrl":"https:\/\/deepseguros.com.br\/wp-content\/uploads\/2026\/03\/crianca-na-estrada-01-300x199.png","datePublished":"2020-12-15T19:23:55+00:00","dateModified":"2026-03-30T13:00:54+00:00","breadcrumb":{"@id":"https:\/\/deepseguros.com.br\/?page_id=55#breadcrumb"},"inLanguage":"pt-BR","potentialAction":[{"@type":"ReadAction","target":["https:\/\/deepseguros.com.br\/?page_id=55"]}]},{"@type":"ImageObject","inLanguage":"pt-BR","@id":"https:\/\/deepseguros.com.br\/?page_id=55#primaryimage","url":"https:\/\/deepseguros.com.br\/wp-content\/uploads\/2026\/03\/crianca-na-estrada-01.png","contentUrl":"https:\/\/deepseguros.com.br\/wp-content\/uploads\/2026\/03\/crianca-na-estrada-01.png","width":771,"height":511},{"@type":"BreadcrumbList","@id":"https:\/\/deepseguros.com.br\/?page_id=55#breadcrumb","itemListElement":[{"@type":"ListItem","position":1,"name":"In\u00edcio","item":"https:\/\/deepseguros.com.br\/"},{"@type":"ListItem","position":2,"name":"Condom\u00ednio"}]},{"@type":"WebSite","@id":"https:\/\/deepseguros.com.br\/#website","url":"https:\/\/deepseguros.com.br\/","name":"Deep Seguros","description":"24h de tranquilidade, todos os dias","potentialAction":[{"@type":"SearchAction","target":{"@type":"EntryPoint","urlTemplate":"https:\/\/deepseguros.com.br\/?s={search_term_string}"},"query-input":{"@type":"PropertyValueSpecification","valueRequired":true,"valueName":"search_term_string"}}],"inLanguage":"pt-BR"}]}},"_links":{"self":[{"href":"https:\/\/deepseguros.com.br\/index.php?rest_route=\/wp\/v2\/pages\/55","targetHints":{"allow":["GET"]}}],"collection":[{"href":"https:\/\/deepseguros.com.br\/index.php?rest_route=\/wp\/v2\/pages"}],"about":[{"href":"https:\/\/deepseguros.com.br\/index.php?rest_route=\/wp\/v2\/types\/page"}],"author":[{"embeddable":true,"href":"https:\/\/deepseguros.com.br\/index.php?rest_route=\/wp\/v2\/users\/1"}],"replies":[{"embeddable":true,"href":"https:\/\/deepseguros.com.br\/index.php?rest_route=%2Fwp%2Fv2%2Fcomments&post=55"}],"version-history":[{"count":9,"href":"https:\/\/deepseguros.com.br\/index.php?rest_route=\/wp\/v2\/pages\/55\/revisions"}],"predecessor-version":[{"id":1500,"href":"https:\/\/deepseguros.com.br\/index.php?rest_route=\/wp\/v2\/pages\/55\/revisions\/1500"}],"wp:attachment":[{"href":"https:\/\/deepseguros.com.br\/index.php?rest_route=%2Fwp%2Fv2%2Fmedia&parent=55"}],"curies":[{"name":"wp","href":"https:\/\/api.w.org\/{rel}","templated":true}]}}