{"id":57,"date":"2020-12-15T19:24:15","date_gmt":"2020-12-15T19:24:15","guid":{"rendered":"https:\/\/isclientes.com.br\/deep\/?page_id=57"},"modified":"2026-03-10T14:58:04","modified_gmt":"2026-03-10T17:58:04","slug":"empresa","status":"publish","type":"page","link":"https:\/\/deepseguros.com.br\/?page_id=57","title":{"rendered":"Empresa"},"content":{"rendered":"<p><img fetchpriority=\"high\" decoding=\"async\" class=\"alignnone  wp-image-1469 aligncenter\" src=\"http:\/\/deepseguros.com.br\/wp-content\/uploads\/2026\/03\/acidente-empresa-01-185x300.png\" alt=\"\" width=\"296\" height=\"480\" srcset=\"https:\/\/deepseguros.com.br\/wp-content\/uploads\/2026\/03\/acidente-empresa-01-185x300.png 185w, https:\/\/deepseguros.com.br\/wp-content\/uploads\/2026\/03\/acidente-empresa-01.png 316w\" sizes=\"(max-width: 296px) 100vw, 296px\" \/><\/p>\n<p style=\"text-align: center;\"><span style=\"color: #ff0000;\">Seguro Empresa<\/span><span style=\"color: #ffffff;\">.<\/span><\/p>\n<p style=\"text-align: center;\"><span style=\"color: #0000ff;\">Nesta modalidade as coisas complicam bastante, pois as coberturas<\/span><br \/>\n<span style=\"color: #0000ff;\">v\u00e3o de garantia do pr\u00e9dio \u00e0 bens,<\/span><br \/>\n<span style=\"color: #0000ff;\">roubo,<\/span><br \/>\n<span style=\"color: #0000ff;\">paraliza\u00e7\u00e3o das atividades, etc., como, tamb\u00e9m, acidentes com funcion\u00e1rios<\/span><br \/>\n<span style=\"color: #0000ff;\">\u201c<\/span><span style=\"color: #ff0000;\">dentro da empresa ou a servi\u00e7o, na rua<\/span><span style=\"color: #0000ff;\">\u201d,<\/span><br \/>\n<span style=\"color: #0000ff;\">mas, tamb\u00e9m,<\/span><br \/>\n<span style=\"color: #0000ff;\">danos corporais <\/span><span style=\"color: #ff0000;\"><span style=\"color: #0000ff;\">\u201c<\/span>acidentes<span style=\"color: #0000ff;\">\u201d<\/span><\/span><span style=\"color: #0000ff;\"> com clientes<\/span><br \/>\n<span style=\"color: #0000ff;\">ou quem mais estiver dentro da \u00e1rea de atividade e responsabilidade da empresa.<\/span><\/p>\n<p><span style=\"color: #ffffff;\">.<\/span><\/p>\n<p style=\"text-align: center;\"><span style=\"color: #0000ff;\">\u00c9 um seguro bem mais completo, complexo e delicado,<\/span><br \/>\n<span style=\"color: #0000ff;\">portanto,<\/span><br \/>\n<span style=\"color: #0000ff;\">apenas registramos que o leque de coberturas dispon\u00edveis \u00e9 grande,<\/span><br \/>\n<span style=\"color: #0000ff;\">as possibilidades em risco, tamb\u00e9m, logo, tudo sempre deve ser feito<\/span><br \/>\n<span style=\"color: #0000ff;\">dentro de uma<\/span> <span style=\"color: #ff0000;\">avalia\u00e7\u00e3o detalhada<\/span><span style=\"color: #0000ff;\">,<\/span><br \/>\n<span style=\"color: #0000ff;\">e assim, eis mais um tipo de seguro a sua disposi\u00e7\u00e3o,<\/span><br \/>\n<span style=\"color: #0000ff;\">que sempre traz tranquilidade,<\/span><br \/>\n<span style=\"color: #0000ff;\">seguran\u00e7a e certeza de que o futuro ter\u00e1 tudo para ser melhor.<\/span><\/p>\n<p style=\"text-align: center;\"><span style=\"color: #ffffff;\">.<\/span><br \/>\n<span style=\"color: #0000ff;\">Solicite or\u00e7amento, sem compromisso e<\/span><span style=\"color: #ff0000;\"> elimine preocupa\u00e7\u00f5es<\/span><span style=\"color: #0000ff;\">.<\/span><\/p>\n<p style=\"text-align: center;\"><img decoding=\"async\" class=\"alignnone size-medium wp-image-1285\" src=\"http:\/\/deepseguros.com.br\/wp-content\/uploads\/2022\/06\/LOGO-300x167.png\" alt=\"\" width=\"300\" height=\"167\" srcset=\"https:\/\/deepseguros.com.br\/wp-content\/uploads\/2022\/06\/LOGO-300x167.png 300w, https:\/\/deepseguros.com.br\/wp-content\/uploads\/2022\/06\/LOGO-1024x570.png 1024w, https:\/\/deepseguros.com.br\/wp-content\/uploads\/2022\/06\/LOGO-768x427.png 768w, https:\/\/deepseguros.com.br\/wp-content\/uploads\/2022\/06\/LOGO.png 1080w\" sizes=\"(max-width: 300px) 100vw, 300px\" \/><\/p>\n<p style=\"text-align: center;\"><span style=\"color: #0000ff;\">Dener\u00a0 \u00a0 \u00a0Diogo<\/span><br \/>\n<span style=\"color: #ff0000;\">51-9.9113.0004\u00a0 \u00a0 \u00a051-9.9927.9091<\/span><br \/>\n<span style=\"color: #0000ff;\">51.3019.3120<\/span><br \/>\n<span style=\"color: #0000ff;\">Desde 1994, 24h de tranquilidade, todos os dias<\/span><\/p>\n","protected":false},"excerpt":{"rendered":"<p>Seguro Empresa. Nesta modalidade as coisas complicam bastante, pois as coberturas v\u00e3o de garantia do pr\u00e9dio \u00e0 bens, roubo, paraliza\u00e7\u00e3o das atividades, etc., como, tamb\u00e9m, acidentes com funcion\u00e1rios \u201cdentro da empresa ou a servi\u00e7o, na rua\u201d, mas, tamb\u00e9m, danos corporais \u201cacidentes\u201d com clientes ou quem mais estiver dentro da \u00e1rea de atividade e responsabilidade da [&hellip;]<\/p>\n","protected":false},"author":1,"featured_media":0,"parent":0,"menu_order":0,"comment_status":"closed","ping_status":"closed","template":"","meta":{"site-sidebar-layout":"default","site-content-layout":"default","ast-site-content-layout":"default","site-content-style":"default","site-sidebar-style":"default","ast-global-header-display":"","ast-banner-title-visibility":"","ast-main-header-display":"","ast-hfb-above-header-display":"","ast-hfb-below-header-display":"","ast-hfb-mobile-header-display":"","site-post-title":"","ast-breadcrumbs-content":"","ast-featured-img":"","footer-sml-layout":"","ast-disable-related-posts":"","theme-transparent-header-meta":"default","adv-header-id-meta":"","stick-header-meta":"","header-above-stick-meta":"","header-main-stick-meta":"","header-below-stick-meta":"","astra-migrate-meta-layouts":"set","ast-page-background-enabled":"default","ast-page-background-meta":{"desktop":{"background-color":"var(--ast-global-color-4)","background-image":"","background-repeat":"repeat","background-position":"center center","background-size":"auto","background-attachment":"scroll","background-type":"","background-media":"","overlay-type":"","overlay-color":"","overlay-opacity":"","overlay-gradient":""},"tablet":{"background-color":"","background-image":"","background-repeat":"repeat","background-position":"center center","background-size":"auto","background-attachment":"scroll","background-type":"","background-media":"","overlay-type":"","overlay-color":"","overlay-opacity":"","overlay-gradient":""},"mobile":{"background-color":"","background-image":"","background-repeat":"repeat","background-position":"center center","background-size":"auto","background-attachment":"scroll","background-type":"","background-media":"","overlay-type":"","overlay-color":"","overlay-opacity":"","overlay-gradient":""}},"ast-content-background-meta":{"desktop":{"background-color":"var(--ast-global-color-5)","background-image":"","background-repeat":"repeat","background-position":"center center","background-size":"auto","background-attachment":"scroll","background-type":"","background-media":"","overlay-type":"","overlay-color":"","overlay-opacity":"","overlay-gradient":""},"tablet":{"background-color":"var(--ast-global-color-5)","background-image":"","background-repeat":"repeat","background-position":"center center","background-size":"auto","background-attachment":"scroll","background-type":"","background-media":"","overlay-type":"","overlay-color":"","overlay-opacity":"","overlay-gradient":""},"mobile":{"background-color":"var(--ast-global-color-5)","background-image":"","background-repeat":"repeat","background-position":"center center","background-size":"auto","background-attachment":"scroll","background-type":"","background-media":"","overlay-type":"","overlay-color":"","overlay-opacity":"","overlay-gradient":""}},"footnotes":""},"class_list":["post-57","page","type-page","status-publish","hentry"],"yoast_head":"<!-- This site is optimized with the Yoast SEO plugin v27.4 - https:\/\/yoast.com\/product\/yoast-seo-wordpress\/ -->\n<title>Empresa - Deep Seguros<\/title>\n<meta name=\"robots\" content=\"index, follow, max-snippet:-1, max-image-preview:large, max-video-preview:-1\" \/>\n<link rel=\"canonical\" href=\"https:\/\/deepseguros.com.br\/?page_id=57\" \/>\n<meta property=\"og:locale\" content=\"pt_BR\" \/>\n<meta property=\"og:type\" content=\"article\" \/>\n<meta property=\"og:title\" content=\"Empresa - Deep Seguros\" \/>\n<meta property=\"og:description\" content=\"Seguro Empresa. Nesta modalidade as coisas complicam bastante, pois as coberturas v\u00e3o de garantia do pr\u00e9dio \u00e0 bens, roubo, paraliza\u00e7\u00e3o das atividades, etc., como, tamb\u00e9m, acidentes com funcion\u00e1rios \u201cdentro da empresa ou a servi\u00e7o, na rua\u201d, mas, tamb\u00e9m, danos corporais \u201cacidentes\u201d com clientes ou quem mais estiver dentro da \u00e1rea de atividade e responsabilidade da [&hellip;]\" \/>\n<meta property=\"og:url\" content=\"https:\/\/deepseguros.com.br\/?page_id=57\" \/>\n<meta property=\"og:site_name\" content=\"Deep Seguros\" \/>\n<meta property=\"article:modified_time\" content=\"2026-03-10T17:58:04+00:00\" \/>\n<meta property=\"og:image\" content=\"https:\/\/deepseguros.com.br\/wp-content\/uploads\/2026\/03\/acidente-empresa-01.png\" \/>\n\t<meta property=\"og:image:width\" content=\"316\" \/>\n\t<meta property=\"og:image:height\" content=\"512\" \/>\n\t<meta property=\"og:image:type\" content=\"image\/png\" \/>\n<meta name=\"twitter:card\" content=\"summary_large_image\" \/>\n<meta name=\"twitter:label1\" content=\"Est. tempo de leitura\" \/>\n\t<meta name=\"twitter:data1\" content=\"2 minutos\" \/>\n<script type=\"application\/ld+json\" class=\"yoast-schema-graph\">{\"@context\":\"https:\\\/\\\/schema.org\",\"@graph\":[{\"@type\":\"WebPage\",\"@id\":\"https:\\\/\\\/deepseguros.com.br\\\/?page_id=57\",\"url\":\"https:\\\/\\\/deepseguros.com.br\\\/?page_id=57\",\"name\":\"Empresa - Deep Seguros\",\"isPartOf\":{\"@id\":\"https:\\\/\\\/deepseguros.com.br\\\/#website\"},\"primaryImageOfPage\":{\"@id\":\"https:\\\/\\\/deepseguros.com.br\\\/?page_id=57#primaryimage\"},\"image\":{\"@id\":\"https:\\\/\\\/deepseguros.com.br\\\/?page_id=57#primaryimage\"},\"thumbnailUrl\":\"http:\\\/\\\/deepseguros.com.br\\\/wp-content\\\/uploads\\\/2026\\\/03\\\/acidente-empresa-01-185x300.png\",\"datePublished\":\"2020-12-15T19:24:15+00:00\",\"dateModified\":\"2026-03-10T17:58:04+00:00\",\"breadcrumb\":{\"@id\":\"https:\\\/\\\/deepseguros.com.br\\\/?page_id=57#breadcrumb\"},\"inLanguage\":\"pt-BR\",\"potentialAction\":[{\"@type\":\"ReadAction\",\"target\":[\"https:\\\/\\\/deepseguros.com.br\\\/?page_id=57\"]}]},{\"@type\":\"ImageObject\",\"inLanguage\":\"pt-BR\",\"@id\":\"https:\\\/\\\/deepseguros.com.br\\\/?page_id=57#primaryimage\",\"url\":\"https:\\\/\\\/deepseguros.com.br\\\/wp-content\\\/uploads\\\/2026\\\/03\\\/acidente-empresa-01.png\",\"contentUrl\":\"https:\\\/\\\/deepseguros.com.br\\\/wp-content\\\/uploads\\\/2026\\\/03\\\/acidente-empresa-01.png\",\"width\":316,\"height\":512},{\"@type\":\"BreadcrumbList\",\"@id\":\"https:\\\/\\\/deepseguros.com.br\\\/?page_id=57#breadcrumb\",\"itemListElement\":[{\"@type\":\"ListItem\",\"position\":1,\"name\":\"In\u00edcio\",\"item\":\"https:\\\/\\\/deepseguros.com.br\\\/\"},{\"@type\":\"ListItem\",\"position\":2,\"name\":\"Empresa\"}]},{\"@type\":\"WebSite\",\"@id\":\"https:\\\/\\\/deepseguros.com.br\\\/#website\",\"url\":\"https:\\\/\\\/deepseguros.com.br\\\/\",\"name\":\"Deep Seguros\",\"description\":\"24h de tranquilidade, todos os dias\",\"potentialAction\":[{\"@type\":\"SearchAction\",\"target\":{\"@type\":\"EntryPoint\",\"urlTemplate\":\"https:\\\/\\\/deepseguros.com.br\\\/?s={search_term_string}\"},\"query-input\":{\"@type\":\"PropertyValueSpecification\",\"valueRequired\":true,\"valueName\":\"search_term_string\"}}],\"inLanguage\":\"pt-BR\"}]}<\/script>\n<!-- \/ Yoast SEO plugin. -->","yoast_head_json":{"title":"Empresa - Deep Seguros","robots":{"index":"index","follow":"follow","max-snippet":"max-snippet:-1","max-image-preview":"max-image-preview:large","max-video-preview":"max-video-preview:-1"},"canonical":"https:\/\/deepseguros.com.br\/?page_id=57","og_locale":"pt_BR","og_type":"article","og_title":"Empresa - Deep Seguros","og_description":"Seguro Empresa. Nesta modalidade as coisas complicam bastante, pois as coberturas v\u00e3o de garantia do pr\u00e9dio \u00e0 bens, roubo, paraliza\u00e7\u00e3o das atividades, etc., como, tamb\u00e9m, acidentes com funcion\u00e1rios \u201cdentro da empresa ou a servi\u00e7o, na rua\u201d, mas, tamb\u00e9m, danos corporais \u201cacidentes\u201d com clientes ou quem mais estiver dentro da \u00e1rea de atividade e responsabilidade da [&hellip;]","og_url":"https:\/\/deepseguros.com.br\/?page_id=57","og_site_name":"Deep Seguros","article_modified_time":"2026-03-10T17:58:04+00:00","og_image":[{"width":316,"height":512,"url":"https:\/\/deepseguros.com.br\/wp-content\/uploads\/2026\/03\/acidente-empresa-01.png","type":"image\/png"}],"twitter_card":"summary_large_image","twitter_misc":{"Est. tempo de leitura":"2 minutos"},"schema":{"@context":"https:\/\/schema.org","@graph":[{"@type":"WebPage","@id":"https:\/\/deepseguros.com.br\/?page_id=57","url":"https:\/\/deepseguros.com.br\/?page_id=57","name":"Empresa - Deep Seguros","isPartOf":{"@id":"https:\/\/deepseguros.com.br\/#website"},"primaryImageOfPage":{"@id":"https:\/\/deepseguros.com.br\/?page_id=57#primaryimage"},"image":{"@id":"https:\/\/deepseguros.com.br\/?page_id=57#primaryimage"},"thumbnailUrl":"http:\/\/deepseguros.com.br\/wp-content\/uploads\/2026\/03\/acidente-empresa-01-185x300.png","datePublished":"2020-12-15T19:24:15+00:00","dateModified":"2026-03-10T17:58:04+00:00","breadcrumb":{"@id":"https:\/\/deepseguros.com.br\/?page_id=57#breadcrumb"},"inLanguage":"pt-BR","potentialAction":[{"@type":"ReadAction","target":["https:\/\/deepseguros.com.br\/?page_id=57"]}]},{"@type":"ImageObject","inLanguage":"pt-BR","@id":"https:\/\/deepseguros.com.br\/?page_id=57#primaryimage","url":"https:\/\/deepseguros.com.br\/wp-content\/uploads\/2026\/03\/acidente-empresa-01.png","contentUrl":"https:\/\/deepseguros.com.br\/wp-content\/uploads\/2026\/03\/acidente-empresa-01.png","width":316,"height":512},{"@type":"BreadcrumbList","@id":"https:\/\/deepseguros.com.br\/?page_id=57#breadcrumb","itemListElement":[{"@type":"ListItem","position":1,"name":"In\u00edcio","item":"https:\/\/deepseguros.com.br\/"},{"@type":"ListItem","position":2,"name":"Empresa"}]},{"@type":"WebSite","@id":"https:\/\/deepseguros.com.br\/#website","url":"https:\/\/deepseguros.com.br\/","name":"Deep Seguros","description":"24h de tranquilidade, todos os dias","potentialAction":[{"@type":"SearchAction","target":{"@type":"EntryPoint","urlTemplate":"https:\/\/deepseguros.com.br\/?s={search_term_string}"},"query-input":{"@type":"PropertyValueSpecification","valueRequired":true,"valueName":"search_term_string"}}],"inLanguage":"pt-BR"}]}},"_links":{"self":[{"href":"https:\/\/deepseguros.com.br\/index.php?rest_route=\/wp\/v2\/pages\/57","targetHints":{"allow":["GET"]}}],"collection":[{"href":"https:\/\/deepseguros.com.br\/index.php?rest_route=\/wp\/v2\/pages"}],"about":[{"href":"https:\/\/deepseguros.com.br\/index.php?rest_route=\/wp\/v2\/types\/page"}],"author":[{"embeddable":true,"href":"https:\/\/deepseguros.com.br\/index.php?rest_route=\/wp\/v2\/users\/1"}],"replies":[{"embeddable":true,"href":"https:\/\/deepseguros.com.br\/index.php?rest_route=%2Fwp%2Fv2%2Fcomments&post=57"}],"version-history":[{"count":4,"href":"https:\/\/deepseguros.com.br\/index.php?rest_route=\/wp\/v2\/pages\/57\/revisions"}],"predecessor-version":[{"id":1471,"href":"https:\/\/deepseguros.com.br\/index.php?rest_route=\/wp\/v2\/pages\/57\/revisions\/1471"}],"wp:attachment":[{"href":"https:\/\/deepseguros.com.br\/index.php?rest_route=%2Fwp%2Fv2%2Fmedia&parent=57"}],"curies":[{"name":"wp","href":"https:\/\/api.w.org\/{rel}","templated":true}]}}