{"id":59,"date":"2020-12-15T19:24:36","date_gmt":"2020-12-15T19:24:36","guid":{"rendered":"https:\/\/isclientes.com.br\/deep\/?page_id=59"},"modified":"2026-03-10T15:01:33","modified_gmt":"2026-03-10T18:01:33","slug":"residencias","status":"publish","type":"page","link":"https:\/\/deepseguros.com.br\/?page_id=59","title":{"rendered":"Resid\u00eancias"},"content":{"rendered":"<p><img fetchpriority=\"high\" decoding=\"async\" class=\"alignnone  wp-image-1472 aligncenter\" src=\"http:\/\/deepseguros.com.br\/wp-content\/uploads\/2026\/03\/ladrao-roubando-casa-01-300x300.png\" alt=\"\" width=\"415\" height=\"415\" srcset=\"https:\/\/deepseguros.com.br\/wp-content\/uploads\/2026\/03\/ladrao-roubando-casa-01-300x300.png 300w, https:\/\/deepseguros.com.br\/wp-content\/uploads\/2026\/03\/ladrao-roubando-casa-01-150x150.png 150w, https:\/\/deepseguros.com.br\/wp-content\/uploads\/2026\/03\/ladrao-roubando-casa-01.png 482w\" sizes=\"(max-width: 415px) 100vw, 415px\" \/><\/p>\n<p style=\"text-align: center;\"><span style=\"color: #ff0000;\">Casa \/ Apartamento<\/span><\/p>\n<p style=\"text-align: center;\"><span style=\"color: #0000ff;\">Seguros para casas e apartamentos s\u00e3o bem acess\u00edveis,<\/span><br \/><span style=\"color: #0000ff;\">pois o custo \u00e9 baix\u00edssimo,<\/span><br \/><span style=\"color: #0000ff;\">\u201cou seja, pode se dizer que s\u00e3o seguros baratos\u201d,<\/span><br \/><span style=\"color: #0000ff;\">mas,<\/span><br \/><span style=\"color: #0000ff;\">alguns detalhes s\u00e3o fundamentais, para que o barato n\u00e3o saia caro depois,<\/span><br \/><span style=\"color: #0000ff;\">pois, como em todos os seguros, h\u00e1 v\u00e1rias regras e cuidados<\/span><br \/><span style=\"color: #0000ff;\">\u201cprincipalmente ao fazer o seguro\u201d.<\/span><\/p>\n<p><span style=\"color: #ffffff;\">.<\/span><\/p>\n<p style=\"text-align: center;\"><span style=\"color: #0000ff;\">A verba de roubo, por exemplo, cobre<\/span><br \/><span style=\"color: #0000ff;\">desde o port\u00e3o da rua estourado, c\u00e2meras, grades, portas<\/span><br \/><span style=\"color: #0000ff;\">e o que mais for estragado durante o roubo<\/span><br \/><span style=\"color: #0000ff;\">+ os bens propriamente roubados, logo, ter verba sobrando \u00e9 fundamental.<\/span><\/p>\n<p><span style=\"color: #ffffff;\">.<\/span><\/p>\n<p style=\"text-align: center;\"><span style=\"color: #0000ff;\">A verba de inc\u00eandio deve cobrir o pr\u00e9dio + tudo o que tem dentro,<\/span><br \/><span style=\"color: #0000ff;\">logo, deve ser sempre a mais<\/span><br \/><span style=\"color: #0000ff;\">\u201cem um eventual sinistro, ter economizado nela sempre ser\u00e1<\/span><br \/><span style=\"color: #0000ff;\">bem mais que um problema\u201d.<\/span><\/p>\n<p style=\"text-align: center;\"><span style=\"color: #ffffff;\">.<\/span><\/p>\n<p style=\"text-align: center;\"><span style=\"color: #0000ff;\">Filmar a casa toda, ou fotografar, e guardar o filme em outro local,<\/span><br \/><span style=\"color: #0000ff;\">outro endere\u00e7o,<\/span><br \/><span style=\"color: #0000ff;\">pode ser uma \u00f3tima garantia em caso de sinistro,<\/span><br \/><span style=\"color: #0000ff;\">como comprova\u00e7\u00e3o de bens, qualidade deles, classifica\u00e7\u00e3o da constru\u00e7\u00e3o<\/span><br \/><span style=\"color: #0000ff;\">\u201cos sinistros s\u00e3o indenizados pelo CUB, que t\u00eam diferenciais\u201d<\/span><br \/><span style=\"color: #0000ff;\">portanto,<\/span><br \/><span style=\"color: #0000ff;\">j\u00e1 fica aqui, nossa recomenda\u00e7\u00e3o,<\/span><br \/><span style=\"color: #0000ff;\">mesmo para quem ainda n\u00e3o tem seu seguro conosco.<\/span><\/p>\n<p style=\"text-align: center;\"><span style=\"color: #ff0000;\">Solicite or\u00e7amento e confira, pois pode se dizer, \u00e9 barato mesmo.<\/span><\/p>\n<p style=\"text-align: center;\"><img decoding=\"async\" class=\"alignnone size-medium wp-image-1285\" src=\"http:\/\/deepseguros.com.br\/wp-content\/uploads\/2022\/06\/LOGO-300x167.png\" alt=\"\" width=\"300\" height=\"167\" srcset=\"https:\/\/deepseguros.com.br\/wp-content\/uploads\/2022\/06\/LOGO-300x167.png 300w, https:\/\/deepseguros.com.br\/wp-content\/uploads\/2022\/06\/LOGO-1024x570.png 1024w, https:\/\/deepseguros.com.br\/wp-content\/uploads\/2022\/06\/LOGO-768x427.png 768w, https:\/\/deepseguros.com.br\/wp-content\/uploads\/2022\/06\/LOGO.png 1080w\" sizes=\"(max-width: 300px) 100vw, 300px\" \/><\/p>\n<p style=\"text-align: center;\"><span style=\"color: #0000ff;\">Dener\u00a0 \u00a0 \u00a0Diogo<\/span><br \/><span style=\"color: #ff0000;\">51-9.9113.0004\u00a0 \u00a0 \u00a051-9.9927.9091<\/span><br \/><a href=\"dener@deepseguros.com.br\">dener@deepseguros.com.br<\/a>\u00a0 \u00a0 \u00a0<a href=\"diogo@deepseguros.com.br\">diogo@deepseguros.com.br<\/a><\/p>\n<p style=\"text-align: center;\"><span style=\"color: #ff0000;\">51.3019.3120<\/span><br \/><span style=\"color: #0000ff;\">Desde 1994, 24h de tranquilidade, todos os dias<\/span><\/p>\n\n\n<p><\/p>\n","protected":false},"excerpt":{"rendered":"<p>Casa \/ Apartamento Seguros para casas e apartamentos s\u00e3o bem acess\u00edveis,pois o custo \u00e9 baix\u00edssimo,\u201cou seja, pode se dizer que s\u00e3o seguros baratos\u201d,mas,alguns detalhes s\u00e3o fundamentais, para que o barato n\u00e3o saia caro depois,pois, como em todos os seguros, h\u00e1 v\u00e1rias regras e cuidados\u201cprincipalmente ao fazer o seguro\u201d. . A verba de roubo, por exemplo, [&hellip;]<\/p>\n","protected":false},"author":1,"featured_media":0,"parent":0,"menu_order":0,"comment_status":"closed","ping_status":"closed","template":"","meta":{"site-sidebar-layout":"default","site-content-layout":"default","ast-site-content-layout":"default","site-content-style":"default","site-sidebar-style":"default","ast-global-header-display":"","ast-banner-title-visibility":"","ast-main-header-display":"","ast-hfb-above-header-display":"","ast-hfb-below-header-display":"","ast-hfb-mobile-header-display":"","site-post-title":"","ast-breadcrumbs-content":"","ast-featured-img":"","footer-sml-layout":"","ast-disable-related-posts":"","theme-transparent-header-meta":"default","adv-header-id-meta":"","stick-header-meta":"","header-above-stick-meta":"","header-main-stick-meta":"","header-below-stick-meta":"","astra-migrate-meta-layouts":"set","ast-page-background-enabled":"default","ast-page-background-meta":{"desktop":{"background-color":"var(--ast-global-color-4)","background-image":"","background-repeat":"repeat","background-position":"center center","background-size":"auto","background-attachment":"scroll","background-type":"","background-media":"","overlay-type":"","overlay-color":"","overlay-opacity":"","overlay-gradient":""},"tablet":{"background-color":"","background-image":"","background-repeat":"repeat","background-position":"center center","background-size":"auto","background-attachment":"scroll","background-type":"","background-media":"","overlay-type":"","overlay-color":"","overlay-opacity":"","overlay-gradient":""},"mobile":{"background-color":"","background-image":"","background-repeat":"repeat","background-position":"center center","background-size":"auto","background-attachment":"scroll","background-type":"","background-media":"","overlay-type":"","overlay-color":"","overlay-opacity":"","overlay-gradient":""}},"ast-content-background-meta":{"desktop":{"background-color":"var(--ast-global-color-5)","background-image":"","background-repeat":"repeat","background-position":"center center","background-size":"auto","background-attachment":"scroll","background-type":"","background-media":"","overlay-type":"","overlay-color":"","overlay-opacity":"","overlay-gradient":""},"tablet":{"background-color":"var(--ast-global-color-5)","background-image":"","background-repeat":"repeat","background-position":"center center","background-size":"auto","background-attachment":"scroll","background-type":"","background-media":"","overlay-type":"","overlay-color":"","overlay-opacity":"","overlay-gradient":""},"mobile":{"background-color":"var(--ast-global-color-5)","background-image":"","background-repeat":"repeat","background-position":"center center","background-size":"auto","background-attachment":"scroll","background-type":"","background-media":"","overlay-type":"","overlay-color":"","overlay-opacity":"","overlay-gradient":""}},"footnotes":""},"class_list":["post-59","page","type-page","status-publish","hentry"],"yoast_head":"<!-- This site is optimized with the Yoast SEO plugin v27.4 - https:\/\/yoast.com\/product\/yoast-seo-wordpress\/ -->\n<title>Resid\u00eancias - Deep Seguros<\/title>\n<meta name=\"robots\" content=\"index, follow, max-snippet:-1, max-image-preview:large, max-video-preview:-1\" \/>\n<link rel=\"canonical\" href=\"https:\/\/deepseguros.com.br\/?page_id=59\" \/>\n<meta property=\"og:locale\" content=\"pt_BR\" \/>\n<meta property=\"og:type\" content=\"article\" \/>\n<meta property=\"og:title\" content=\"Resid\u00eancias - Deep Seguros\" \/>\n<meta property=\"og:description\" content=\"Casa \/ Apartamento Seguros para casas e apartamentos s\u00e3o bem acess\u00edveis,pois o custo \u00e9 baix\u00edssimo,\u201cou seja, pode se dizer que s\u00e3o seguros baratos\u201d,mas,alguns detalhes s\u00e3o fundamentais, para que o barato n\u00e3o saia caro depois,pois, como em todos os seguros, h\u00e1 v\u00e1rias regras e cuidados\u201cprincipalmente ao fazer o seguro\u201d. . A verba de roubo, por exemplo, [&hellip;]\" \/>\n<meta property=\"og:url\" content=\"https:\/\/deepseguros.com.br\/?page_id=59\" \/>\n<meta property=\"og:site_name\" content=\"Deep Seguros\" \/>\n<meta property=\"article:modified_time\" content=\"2026-03-10T18:01:33+00:00\" \/>\n<meta property=\"og:image\" content=\"https:\/\/deepseguros.com.br\/wp-content\/uploads\/2026\/03\/ladrao-roubando-casa-01.png\" \/>\n\t<meta property=\"og:image:width\" content=\"482\" \/>\n\t<meta property=\"og:image:height\" content=\"481\" \/>\n\t<meta property=\"og:image:type\" content=\"image\/png\" \/>\n<meta name=\"twitter:card\" content=\"summary_large_image\" \/>\n<meta name=\"twitter:label1\" content=\"Est. tempo de leitura\" \/>\n\t<meta name=\"twitter:data1\" content=\"2 minutos\" \/>\n<script type=\"application\/ld+json\" class=\"yoast-schema-graph\">{\"@context\":\"https:\\\/\\\/schema.org\",\"@graph\":[{\"@type\":\"WebPage\",\"@id\":\"https:\\\/\\\/deepseguros.com.br\\\/?page_id=59\",\"url\":\"https:\\\/\\\/deepseguros.com.br\\\/?page_id=59\",\"name\":\"Resid\u00eancias - Deep Seguros\",\"isPartOf\":{\"@id\":\"https:\\\/\\\/deepseguros.com.br\\\/#website\"},\"primaryImageOfPage\":{\"@id\":\"https:\\\/\\\/deepseguros.com.br\\\/?page_id=59#primaryimage\"},\"image\":{\"@id\":\"https:\\\/\\\/deepseguros.com.br\\\/?page_id=59#primaryimage\"},\"thumbnailUrl\":\"http:\\\/\\\/deepseguros.com.br\\\/wp-content\\\/uploads\\\/2026\\\/03\\\/ladrao-roubando-casa-01-300x300.png\",\"datePublished\":\"2020-12-15T19:24:36+00:00\",\"dateModified\":\"2026-03-10T18:01:33+00:00\",\"breadcrumb\":{\"@id\":\"https:\\\/\\\/deepseguros.com.br\\\/?page_id=59#breadcrumb\"},\"inLanguage\":\"pt-BR\",\"potentialAction\":[{\"@type\":\"ReadAction\",\"target\":[\"https:\\\/\\\/deepseguros.com.br\\\/?page_id=59\"]}]},{\"@type\":\"ImageObject\",\"inLanguage\":\"pt-BR\",\"@id\":\"https:\\\/\\\/deepseguros.com.br\\\/?page_id=59#primaryimage\",\"url\":\"https:\\\/\\\/deepseguros.com.br\\\/wp-content\\\/uploads\\\/2026\\\/03\\\/ladrao-roubando-casa-01.png\",\"contentUrl\":\"https:\\\/\\\/deepseguros.com.br\\\/wp-content\\\/uploads\\\/2026\\\/03\\\/ladrao-roubando-casa-01.png\",\"width\":482,\"height\":481},{\"@type\":\"BreadcrumbList\",\"@id\":\"https:\\\/\\\/deepseguros.com.br\\\/?page_id=59#breadcrumb\",\"itemListElement\":[{\"@type\":\"ListItem\",\"position\":1,\"name\":\"In\u00edcio\",\"item\":\"https:\\\/\\\/deepseguros.com.br\\\/\"},{\"@type\":\"ListItem\",\"position\":2,\"name\":\"Resid\u00eancias\"}]},{\"@type\":\"WebSite\",\"@id\":\"https:\\\/\\\/deepseguros.com.br\\\/#website\",\"url\":\"https:\\\/\\\/deepseguros.com.br\\\/\",\"name\":\"Deep Seguros\",\"description\":\"24h de tranquilidade, todos os dias\",\"potentialAction\":[{\"@type\":\"SearchAction\",\"target\":{\"@type\":\"EntryPoint\",\"urlTemplate\":\"https:\\\/\\\/deepseguros.com.br\\\/?s={search_term_string}\"},\"query-input\":{\"@type\":\"PropertyValueSpecification\",\"valueRequired\":true,\"valueName\":\"search_term_string\"}}],\"inLanguage\":\"pt-BR\"}]}<\/script>\n<!-- \/ Yoast SEO plugin. -->","yoast_head_json":{"title":"Resid\u00eancias - Deep Seguros","robots":{"index":"index","follow":"follow","max-snippet":"max-snippet:-1","max-image-preview":"max-image-preview:large","max-video-preview":"max-video-preview:-1"},"canonical":"https:\/\/deepseguros.com.br\/?page_id=59","og_locale":"pt_BR","og_type":"article","og_title":"Resid\u00eancias - Deep Seguros","og_description":"Casa \/ Apartamento Seguros para casas e apartamentos s\u00e3o bem acess\u00edveis,pois o custo \u00e9 baix\u00edssimo,\u201cou seja, pode se dizer que s\u00e3o seguros baratos\u201d,mas,alguns detalhes s\u00e3o fundamentais, para que o barato n\u00e3o saia caro depois,pois, como em todos os seguros, h\u00e1 v\u00e1rias regras e cuidados\u201cprincipalmente ao fazer o seguro\u201d. . A verba de roubo, por exemplo, [&hellip;]","og_url":"https:\/\/deepseguros.com.br\/?page_id=59","og_site_name":"Deep Seguros","article_modified_time":"2026-03-10T18:01:33+00:00","og_image":[{"width":482,"height":481,"url":"https:\/\/deepseguros.com.br\/wp-content\/uploads\/2026\/03\/ladrao-roubando-casa-01.png","type":"image\/png"}],"twitter_card":"summary_large_image","twitter_misc":{"Est. tempo de leitura":"2 minutos"},"schema":{"@context":"https:\/\/schema.org","@graph":[{"@type":"WebPage","@id":"https:\/\/deepseguros.com.br\/?page_id=59","url":"https:\/\/deepseguros.com.br\/?page_id=59","name":"Resid\u00eancias - Deep Seguros","isPartOf":{"@id":"https:\/\/deepseguros.com.br\/#website"},"primaryImageOfPage":{"@id":"https:\/\/deepseguros.com.br\/?page_id=59#primaryimage"},"image":{"@id":"https:\/\/deepseguros.com.br\/?page_id=59#primaryimage"},"thumbnailUrl":"http:\/\/deepseguros.com.br\/wp-content\/uploads\/2026\/03\/ladrao-roubando-casa-01-300x300.png","datePublished":"2020-12-15T19:24:36+00:00","dateModified":"2026-03-10T18:01:33+00:00","breadcrumb":{"@id":"https:\/\/deepseguros.com.br\/?page_id=59#breadcrumb"},"inLanguage":"pt-BR","potentialAction":[{"@type":"ReadAction","target":["https:\/\/deepseguros.com.br\/?page_id=59"]}]},{"@type":"ImageObject","inLanguage":"pt-BR","@id":"https:\/\/deepseguros.com.br\/?page_id=59#primaryimage","url":"https:\/\/deepseguros.com.br\/wp-content\/uploads\/2026\/03\/ladrao-roubando-casa-01.png","contentUrl":"https:\/\/deepseguros.com.br\/wp-content\/uploads\/2026\/03\/ladrao-roubando-casa-01.png","width":482,"height":481},{"@type":"BreadcrumbList","@id":"https:\/\/deepseguros.com.br\/?page_id=59#breadcrumb","itemListElement":[{"@type":"ListItem","position":1,"name":"In\u00edcio","item":"https:\/\/deepseguros.com.br\/"},{"@type":"ListItem","position":2,"name":"Resid\u00eancias"}]},{"@type":"WebSite","@id":"https:\/\/deepseguros.com.br\/#website","url":"https:\/\/deepseguros.com.br\/","name":"Deep Seguros","description":"24h de tranquilidade, todos os dias","potentialAction":[{"@type":"SearchAction","target":{"@type":"EntryPoint","urlTemplate":"https:\/\/deepseguros.com.br\/?s={search_term_string}"},"query-input":{"@type":"PropertyValueSpecification","valueRequired":true,"valueName":"search_term_string"}}],"inLanguage":"pt-BR"}]}},"_links":{"self":[{"href":"https:\/\/deepseguros.com.br\/index.php?rest_route=\/wp\/v2\/pages\/59","targetHints":{"allow":["GET"]}}],"collection":[{"href":"https:\/\/deepseguros.com.br\/index.php?rest_route=\/wp\/v2\/pages"}],"about":[{"href":"https:\/\/deepseguros.com.br\/index.php?rest_route=\/wp\/v2\/types\/page"}],"author":[{"embeddable":true,"href":"https:\/\/deepseguros.com.br\/index.php?rest_route=\/wp\/v2\/users\/1"}],"replies":[{"embeddable":true,"href":"https:\/\/deepseguros.com.br\/index.php?rest_route=%2Fwp%2Fv2%2Fcomments&post=59"}],"version-history":[{"count":5,"href":"https:\/\/deepseguros.com.br\/index.php?rest_route=\/wp\/v2\/pages\/59\/revisions"}],"predecessor-version":[{"id":1474,"href":"https:\/\/deepseguros.com.br\/index.php?rest_route=\/wp\/v2\/pages\/59\/revisions\/1474"}],"wp:attachment":[{"href":"https:\/\/deepseguros.com.br\/index.php?rest_route=%2Fwp%2Fv2%2Fmedia&parent=59"}],"curies":[{"name":"wp","href":"https:\/\/api.w.org\/{rel}","templated":true}]}}