{"id":61,"date":"2020-12-15T19:25:01","date_gmt":"2020-12-15T19:25:01","guid":{"rendered":"https:\/\/isclientes.com.br\/deep\/?page_id=61"},"modified":"2026-03-10T13:55:12","modified_gmt":"2026-03-10T16:55:12","slug":"outros-seguros","status":"publish","type":"page","link":"https:\/\/deepseguros.com.br\/?page_id=61","title":{"rendered":"Seguros que trabalhamos"},"content":{"rendered":"<p style=\"text-align: center;\"><img fetchpriority=\"high\" decoding=\"async\" class=\"alignnone size-medium wp-image-1463\" src=\"http:\/\/deepseguros.com.br\/wp-content\/uploads\/2026\/03\/olho-001-207x300.png\" alt=\"\" width=\"207\" height=\"300\" srcset=\"https:\/\/deepseguros.com.br\/wp-content\/uploads\/2026\/03\/olho-001-207x300.png 207w, https:\/\/deepseguros.com.br\/wp-content\/uploads\/2026\/03\/olho-001.png 336w\" sizes=\"(max-width: 207px) 100vw, 207px\" \/><br \/>\n<span style=\"color: #ff0000;\">Resumidamente, eis os tipos de seguros que temos:<\/span><\/p>\n<p style=\"text-align: center;\"><span style=\"color: #ffffff;\">.<\/span><\/p>\n<p style=\"text-align: center;\"><span style=\"color: #0000ff;\">Ve\u00edculos leves \u2013 individual e frota<\/span><br \/>\n<span style=\"color: #0000ff;\">Ve\u00edculos pesados \u2013 individual e frota<\/span><\/p>\n<p><span style=\"color: #ffffff;\">.<\/span><\/p>\n<p style=\"text-align: center;\"><span style=\"color: #ff0000;\">Barcos<\/span><br \/>\n<span style=\"color: #ff0000;\">Avi\u00f5es<\/span><br \/>\n<span style=\"color: #ff0000;\">Motocicletas<\/span><br \/>\n<span style=\"color: #ff0000;\">Carta Verde<\/span><\/p>\n<p style=\"text-align: center;\"><span style=\"color: #ffffff;\">.<\/span><\/p>\n<p style=\"text-align: center;\"><span style=\"color: #0000ff;\">Condom\u00ednios<\/span><br \/>\n<span style=\"color: #0000ff;\">Empresas<\/span><br \/>\n<span style=\"color: #0000ff;\">Resid\u00eancias<\/span><\/p>\n<p style=\"text-align: center;\"><span style=\"color: #ffffff;\">.<\/span><\/p>\n<p style=\"text-align: center;\"><span style=\"color: #ff0000;\">Responsabilidade Civil Geral<\/span><br \/>\n<span style=\"color: #ff0000;\">Riscos de Engenharia<\/span><br \/>\n<span style=\"color: #ff0000;\">Responsabilidade Civil Profissional<\/span><br \/>\n<span style=\"color: #ff0000;\">Responsabilidade Civil Eventos<\/span><\/p>\n<p style=\"text-align: center;\"><span style=\"color: #ffffff;\">.<\/span><\/p>\n<p style=\"text-align: center;\"><span style=\"color: #0000ff;\">Transporte Nacional<\/span><br \/>\n<span style=\"color: #0000ff;\">Transporte Internacional<\/span><\/p>\n<p style=\"text-align: center;\"><span style=\"color: #ffffff;\">.<\/span><\/p>\n<p style=\"text-align: center;\"><span style=\"color: #ff0000;\">Agr\u00edcola<\/span><br \/>\n<span style=\"color: #ff0000;\">Maquinas e equipamentos diversos<\/span><\/p>\n<p style=\"text-align: center;\"><span style=\"color: #ffffff;\">.<\/span><\/p>\n<p style=\"text-align: center;\"><span style=\"color: #0000ff;\">Vida<\/span><br \/>\n<span style=\"color: #0000ff;\">Acidentes Pessoais<\/span><br \/>\n<span style=\"color: #0000ff;\">Sa\u00fade<\/span><br \/>\n<span style=\"color: #0000ff;\">Previd\u00eancia Privada<\/span><br \/>\n<span style=\"color: #0000ff;\">Odontol\u00f3gico<\/span><br \/>\n<span style=\"color: #0000ff;\">\u201cindividuais ou empresarial\/grupos\u201d<\/span><\/p>\n<p style=\"text-align: center;\"><span style=\"color: #ffffff;\">.<\/span><\/p>\n<p style=\"text-align: center;\"><span style=\"color: #ff0000;\">Cons\u00f3rcio<\/span><\/p>\n<p style=\"text-align: center;\"><span style=\"color: #ffffff;\">.<\/span><\/p>\n<p style=\"text-align: center;\"><strong><span style=\"color: #339966;\">Precisou de algum tipo de seguro?<\/span><\/strong><br \/>\n<span style=\"color: #0000ff;\">Solicite um or\u00e7amento, sem compromisso e elimine preocupa\u00e7\u00f5es.<\/span><\/p>\n<p><img decoding=\"async\" class=\"alignnone  wp-image-1461 aligncenter\" src=\"http:\/\/deepseguros.com.br\/wp-content\/uploads\/2026\/03\/caminho-zen-001-243x300.png\" alt=\"\" width=\"330\" height=\"407\" srcset=\"https:\/\/deepseguros.com.br\/wp-content\/uploads\/2026\/03\/caminho-zen-001-243x300.png 243w, https:\/\/deepseguros.com.br\/wp-content\/uploads\/2026\/03\/caminho-zen-001.png 402w\" sizes=\"(max-width: 330px) 100vw, 330px\" \/><\/p>\n<p style=\"text-align: center;\"><span style=\"color: #0000ff;\">Nem sempre \u00e9 f\u00e1cil escolher o melhor caminho, mas todos n\u00f3s, a todo o momento,<\/span><br \/>\n<span style=\"color: #0000ff;\">precisamos fazer isso.<\/span><\/p>\n<p style=\"text-align: center;\"><span style=\"color: #ff0000;\">Incluir cuidados e seguran\u00e7a a<strong><span style=\"color: #339966;\"> +<\/span><\/strong>, em cada passo, <\/span><span style=\"color: #ff0000;\">\u00e9 s\u00e1bio.<\/span><\/p>\n<p style=\"text-align: center;\"><span style=\"color: #0000ff;\">O seguro foi criado para isso, dar<strong><span style=\"color: #339966;\"> + <\/span><\/strong>seguran\u00e7a.<\/span><\/p>\n<p><span style=\"color: #ffffff;\">.<\/span><\/p>\n<p><img decoding=\"async\" class=\"size-medium wp-image-1285 aligncenter\" src=\"http:\/\/deepseguros.com.br\/wp-content\/uploads\/2022\/06\/LOGO-300x167.png\" alt=\"\" width=\"300\" height=\"167\" srcset=\"https:\/\/deepseguros.com.br\/wp-content\/uploads\/2022\/06\/LOGO-300x167.png 300w, https:\/\/deepseguros.com.br\/wp-content\/uploads\/2022\/06\/LOGO-1024x570.png 1024w, https:\/\/deepseguros.com.br\/wp-content\/uploads\/2022\/06\/LOGO-768x427.png 768w, https:\/\/deepseguros.com.br\/wp-content\/uploads\/2022\/06\/LOGO.png 1080w\" sizes=\"(max-width: 300px) 100vw, 300px\" \/><\/p>\n<p style=\"text-align: center;\"><span style=\"color: #0000ff;\">Dener\u00a0 \u00a0 \u00a0Diogo<\/span><br \/>\n<span style=\"color: #ff0000;\">51-9.9113.0004\u00a0 \u00a0 \u00a051-9.9927.9091<\/span><br \/>\n<a href=\"dener@deepseguros.com.br\">dener@deepseguros.com.br<\/a>\u00a0 \u00a0 \u00a0<a href=\"diogo@deepseguros.com.br\">diogo@deepseguros.com.br<\/a><\/p>\n<p style=\"text-align: center;\"><span style=\"color: #ff0000;\">51.3019.3120<\/span><br \/>\n<span style=\"color: #339966;\">Desde 1994, 24h de tranquilidade, todos os dias<\/span><\/p>\n","protected":false},"excerpt":{"rendered":"<p>Resumidamente, eis os tipos de seguros que temos: . Ve\u00edculos leves \u2013 individual e frota Ve\u00edculos pesados \u2013 individual e frota . Barcos Avi\u00f5es Motocicletas Carta Verde . Condom\u00ednios Empresas Resid\u00eancias . Responsabilidade Civil Geral Riscos de Engenharia Responsabilidade Civil Profissional Responsabilidade Civil Eventos . Transporte Nacional Transporte Internacional . Agr\u00edcola Maquinas e equipamentos diversos [&hellip;]<\/p>\n","protected":false},"author":1,"featured_media":0,"parent":0,"menu_order":0,"comment_status":"closed","ping_status":"closed","template":"","meta":{"site-sidebar-layout":"default","site-content-layout":"default","ast-site-content-layout":"default","site-content-style":"default","site-sidebar-style":"default","ast-global-header-display":"","ast-banner-title-visibility":"","ast-main-header-display":"","ast-hfb-above-header-display":"","ast-hfb-below-header-display":"","ast-hfb-mobile-header-display":"","site-post-title":"","ast-breadcrumbs-content":"","ast-featured-img":"","footer-sml-layout":"","ast-disable-related-posts":"","theme-transparent-header-meta":"default","adv-header-id-meta":"","stick-header-meta":"","header-above-stick-meta":"","header-main-stick-meta":"","header-below-stick-meta":"","astra-migrate-meta-layouts":"set","ast-page-background-enabled":"default","ast-page-background-meta":{"desktop":{"background-color":"var(--ast-global-color-4)","background-image":"","background-repeat":"repeat","background-position":"center center","background-size":"auto","background-attachment":"scroll","background-type":"","background-media":"","overlay-type":"","overlay-color":"","overlay-opacity":"","overlay-gradient":""},"tablet":{"background-color":"","background-image":"","background-repeat":"repeat","background-position":"center center","background-size":"auto","background-attachment":"scroll","background-type":"","background-media":"","overlay-type":"","overlay-color":"","overlay-opacity":"","overlay-gradient":""},"mobile":{"background-color":"","background-image":"","background-repeat":"repeat","background-position":"center center","background-size":"auto","background-attachment":"scroll","background-type":"","background-media":"","overlay-type":"","overlay-color":"","overlay-opacity":"","overlay-gradient":""}},"ast-content-background-meta":{"desktop":{"background-color":"var(--ast-global-color-5)","background-image":"","background-repeat":"repeat","background-position":"center center","background-size":"auto","background-attachment":"scroll","background-type":"","background-media":"","overlay-type":"","overlay-color":"","overlay-opacity":"","overlay-gradient":""},"tablet":{"background-color":"var(--ast-global-color-5)","background-image":"","background-repeat":"repeat","background-position":"center center","background-size":"auto","background-attachment":"scroll","background-type":"","background-media":"","overlay-type":"","overlay-color":"","overlay-opacity":"","overlay-gradient":""},"mobile":{"background-color":"var(--ast-global-color-5)","background-image":"","background-repeat":"repeat","background-position":"center center","background-size":"auto","background-attachment":"scroll","background-type":"","background-media":"","overlay-type":"","overlay-color":"","overlay-opacity":"","overlay-gradient":""}},"footnotes":""},"class_list":["post-61","page","type-page","status-publish","hentry"],"yoast_head":"<!-- This site is optimized with the Yoast SEO plugin v27.4 - https:\/\/yoast.com\/product\/yoast-seo-wordpress\/ -->\n<title>Seguros que trabalhamos - Deep Seguros<\/title>\n<meta name=\"robots\" content=\"index, follow, max-snippet:-1, max-image-preview:large, max-video-preview:-1\" \/>\n<link rel=\"canonical\" href=\"https:\/\/deepseguros.com.br\/?page_id=61\" \/>\n<meta property=\"og:locale\" content=\"pt_BR\" \/>\n<meta property=\"og:type\" content=\"article\" \/>\n<meta property=\"og:title\" content=\"Seguros que trabalhamos - Deep Seguros\" \/>\n<meta property=\"og:description\" content=\"Resumidamente, eis os tipos de seguros que temos: . Ve\u00edculos leves \u2013 individual e frota Ve\u00edculos pesados \u2013 individual e frota . Barcos Avi\u00f5es Motocicletas Carta Verde . Condom\u00ednios Empresas Resid\u00eancias . Responsabilidade Civil Geral Riscos de Engenharia Responsabilidade Civil Profissional Responsabilidade Civil Eventos . Transporte Nacional Transporte Internacional . Agr\u00edcola Maquinas e equipamentos diversos [&hellip;]\" \/>\n<meta property=\"og:url\" content=\"https:\/\/deepseguros.com.br\/?page_id=61\" \/>\n<meta property=\"og:site_name\" content=\"Deep Seguros\" \/>\n<meta property=\"article:modified_time\" content=\"2026-03-10T16:55:12+00:00\" \/>\n<meta property=\"og:image\" content=\"https:\/\/deepseguros.com.br\/wp-content\/uploads\/2026\/03\/olho-001.png\" \/>\n\t<meta property=\"og:image:width\" content=\"336\" \/>\n\t<meta property=\"og:image:height\" content=\"488\" \/>\n\t<meta property=\"og:image:type\" content=\"image\/png\" \/>\n<meta name=\"twitter:card\" content=\"summary_large_image\" \/>\n<meta name=\"twitter:label1\" content=\"Est. tempo de leitura\" \/>\n\t<meta name=\"twitter:data1\" content=\"2 minutos\" \/>\n<script type=\"application\/ld+json\" class=\"yoast-schema-graph\">{\"@context\":\"https:\\\/\\\/schema.org\",\"@graph\":[{\"@type\":\"WebPage\",\"@id\":\"https:\\\/\\\/deepseguros.com.br\\\/?page_id=61\",\"url\":\"https:\\\/\\\/deepseguros.com.br\\\/?page_id=61\",\"name\":\"Seguros que trabalhamos - Deep Seguros\",\"isPartOf\":{\"@id\":\"https:\\\/\\\/deepseguros.com.br\\\/#website\"},\"primaryImageOfPage\":{\"@id\":\"https:\\\/\\\/deepseguros.com.br\\\/?page_id=61#primaryimage\"},\"image\":{\"@id\":\"https:\\\/\\\/deepseguros.com.br\\\/?page_id=61#primaryimage\"},\"thumbnailUrl\":\"http:\\\/\\\/deepseguros.com.br\\\/wp-content\\\/uploads\\\/2026\\\/03\\\/olho-001-207x300.png\",\"datePublished\":\"2020-12-15T19:25:01+00:00\",\"dateModified\":\"2026-03-10T16:55:12+00:00\",\"breadcrumb\":{\"@id\":\"https:\\\/\\\/deepseguros.com.br\\\/?page_id=61#breadcrumb\"},\"inLanguage\":\"pt-BR\",\"potentialAction\":[{\"@type\":\"ReadAction\",\"target\":[\"https:\\\/\\\/deepseguros.com.br\\\/?page_id=61\"]}]},{\"@type\":\"ImageObject\",\"inLanguage\":\"pt-BR\",\"@id\":\"https:\\\/\\\/deepseguros.com.br\\\/?page_id=61#primaryimage\",\"url\":\"https:\\\/\\\/deepseguros.com.br\\\/wp-content\\\/uploads\\\/2026\\\/03\\\/olho-001.png\",\"contentUrl\":\"https:\\\/\\\/deepseguros.com.br\\\/wp-content\\\/uploads\\\/2026\\\/03\\\/olho-001.png\",\"width\":336,\"height\":488},{\"@type\":\"BreadcrumbList\",\"@id\":\"https:\\\/\\\/deepseguros.com.br\\\/?page_id=61#breadcrumb\",\"itemListElement\":[{\"@type\":\"ListItem\",\"position\":1,\"name\":\"In\u00edcio\",\"item\":\"https:\\\/\\\/deepseguros.com.br\\\/\"},{\"@type\":\"ListItem\",\"position\":2,\"name\":\"Seguros que trabalhamos\"}]},{\"@type\":\"WebSite\",\"@id\":\"https:\\\/\\\/deepseguros.com.br\\\/#website\",\"url\":\"https:\\\/\\\/deepseguros.com.br\\\/\",\"name\":\"Deep Seguros\",\"description\":\"24h de tranquilidade, todos os dias\",\"potentialAction\":[{\"@type\":\"SearchAction\",\"target\":{\"@type\":\"EntryPoint\",\"urlTemplate\":\"https:\\\/\\\/deepseguros.com.br\\\/?s={search_term_string}\"},\"query-input\":{\"@type\":\"PropertyValueSpecification\",\"valueRequired\":true,\"valueName\":\"search_term_string\"}}],\"inLanguage\":\"pt-BR\"}]}<\/script>\n<!-- \/ Yoast SEO plugin. -->","yoast_head_json":{"title":"Seguros que trabalhamos - Deep Seguros","robots":{"index":"index","follow":"follow","max-snippet":"max-snippet:-1","max-image-preview":"max-image-preview:large","max-video-preview":"max-video-preview:-1"},"canonical":"https:\/\/deepseguros.com.br\/?page_id=61","og_locale":"pt_BR","og_type":"article","og_title":"Seguros que trabalhamos - Deep Seguros","og_description":"Resumidamente, eis os tipos de seguros que temos: . Ve\u00edculos leves \u2013 individual e frota Ve\u00edculos pesados \u2013 individual e frota . Barcos Avi\u00f5es Motocicletas Carta Verde . Condom\u00ednios Empresas Resid\u00eancias . Responsabilidade Civil Geral Riscos de Engenharia Responsabilidade Civil Profissional Responsabilidade Civil Eventos . Transporte Nacional Transporte Internacional . Agr\u00edcola Maquinas e equipamentos diversos [&hellip;]","og_url":"https:\/\/deepseguros.com.br\/?page_id=61","og_site_name":"Deep Seguros","article_modified_time":"2026-03-10T16:55:12+00:00","og_image":[{"width":336,"height":488,"url":"https:\/\/deepseguros.com.br\/wp-content\/uploads\/2026\/03\/olho-001.png","type":"image\/png"}],"twitter_card":"summary_large_image","twitter_misc":{"Est. tempo de leitura":"2 minutos"},"schema":{"@context":"https:\/\/schema.org","@graph":[{"@type":"WebPage","@id":"https:\/\/deepseguros.com.br\/?page_id=61","url":"https:\/\/deepseguros.com.br\/?page_id=61","name":"Seguros que trabalhamos - Deep Seguros","isPartOf":{"@id":"https:\/\/deepseguros.com.br\/#website"},"primaryImageOfPage":{"@id":"https:\/\/deepseguros.com.br\/?page_id=61#primaryimage"},"image":{"@id":"https:\/\/deepseguros.com.br\/?page_id=61#primaryimage"},"thumbnailUrl":"http:\/\/deepseguros.com.br\/wp-content\/uploads\/2026\/03\/olho-001-207x300.png","datePublished":"2020-12-15T19:25:01+00:00","dateModified":"2026-03-10T16:55:12+00:00","breadcrumb":{"@id":"https:\/\/deepseguros.com.br\/?page_id=61#breadcrumb"},"inLanguage":"pt-BR","potentialAction":[{"@type":"ReadAction","target":["https:\/\/deepseguros.com.br\/?page_id=61"]}]},{"@type":"ImageObject","inLanguage":"pt-BR","@id":"https:\/\/deepseguros.com.br\/?page_id=61#primaryimage","url":"https:\/\/deepseguros.com.br\/wp-content\/uploads\/2026\/03\/olho-001.png","contentUrl":"https:\/\/deepseguros.com.br\/wp-content\/uploads\/2026\/03\/olho-001.png","width":336,"height":488},{"@type":"BreadcrumbList","@id":"https:\/\/deepseguros.com.br\/?page_id=61#breadcrumb","itemListElement":[{"@type":"ListItem","position":1,"name":"In\u00edcio","item":"https:\/\/deepseguros.com.br\/"},{"@type":"ListItem","position":2,"name":"Seguros que trabalhamos"}]},{"@type":"WebSite","@id":"https:\/\/deepseguros.com.br\/#website","url":"https:\/\/deepseguros.com.br\/","name":"Deep Seguros","description":"24h de tranquilidade, todos os dias","potentialAction":[{"@type":"SearchAction","target":{"@type":"EntryPoint","urlTemplate":"https:\/\/deepseguros.com.br\/?s={search_term_string}"},"query-input":{"@type":"PropertyValueSpecification","valueRequired":true,"valueName":"search_term_string"}}],"inLanguage":"pt-BR"}]}},"_links":{"self":[{"href":"https:\/\/deepseguros.com.br\/index.php?rest_route=\/wp\/v2\/pages\/61","targetHints":{"allow":["GET"]}}],"collection":[{"href":"https:\/\/deepseguros.com.br\/index.php?rest_route=\/wp\/v2\/pages"}],"about":[{"href":"https:\/\/deepseguros.com.br\/index.php?rest_route=\/wp\/v2\/types\/page"}],"author":[{"embeddable":true,"href":"https:\/\/deepseguros.com.br\/index.php?rest_route=\/wp\/v2\/users\/1"}],"replies":[{"embeddable":true,"href":"https:\/\/deepseguros.com.br\/index.php?rest_route=%2Fwp%2Fv2%2Fcomments&post=61"}],"version-history":[{"count":7,"href":"https:\/\/deepseguros.com.br\/index.php?rest_route=\/wp\/v2\/pages\/61\/revisions"}],"predecessor-version":[{"id":1464,"href":"https:\/\/deepseguros.com.br\/index.php?rest_route=\/wp\/v2\/pages\/61\/revisions\/1464"}],"wp:attachment":[{"href":"https:\/\/deepseguros.com.br\/index.php?rest_route=%2Fwp%2Fv2%2Fmedia&parent=61"}],"curies":[{"name":"wp","href":"https:\/\/api.w.org\/{rel}","templated":true}]}}