{"id":63,"date":"2020-12-15T19:25:22","date_gmt":"2020-12-15T19:25:22","guid":{"rendered":"https:\/\/isclientes.com.br\/deep\/?page_id=63"},"modified":"2026-03-10T17:45:47","modified_gmt":"2026-03-10T20:45:47","slug":"contato","status":"publish","type":"page","link":"https:\/\/deepseguros.com.br\/?page_id=63","title":{"rendered":"Contato"},"content":{"rendered":"<p><img fetchpriority=\"high\" decoding=\"async\" class=\"alignnone  wp-image-1476 aligncenter\" src=\"http:\/\/deepseguros.com.br\/wp-content\/uploads\/2026\/03\/budha-01-300x169.png\" alt=\"\" width=\"570\" height=\"321\" srcset=\"https:\/\/deepseguros.com.br\/wp-content\/uploads\/2026\/03\/budha-01-300x169.png 300w, https:\/\/deepseguros.com.br\/wp-content\/uploads\/2026\/03\/budha-01-768x433.png 768w, https:\/\/deepseguros.com.br\/wp-content\/uploads\/2026\/03\/budha-01.png 866w\" sizes=\"(max-width: 570px) 100vw, 570px\" \/><\/p>\n<p style=\"text-align: center;\"><strong><span style=\"color: #339966;\">24h de tranquilidade, todos os dias<\/span><\/strong><\/p>\n<p><span style=\"color: #ffffff;\">.<\/span><\/p>\n<p><span style=\"color: #ffffff;\">.<\/span><\/p>\n<p style=\"text-align: center;\"><img decoding=\"async\" class=\"alignnone size-medium wp-image-1484\" src=\"http:\/\/deepseguros.com.br\/wp-content\/uploads\/2026\/03\/ddd-300x152.png\" alt=\"\" width=\"300\" height=\"152\" srcset=\"https:\/\/deepseguros.com.br\/wp-content\/uploads\/2026\/03\/ddd-300x152.png 300w, https:\/\/deepseguros.com.br\/wp-content\/uploads\/2026\/03\/ddd.png 416w\" sizes=\"(max-width: 300px) 100vw, 300px\" \/><\/p>\n<p style=\"text-align: center;\"><span style=\"color: #ff0000;\">51-9.9113.0004\u00a0 \u00a0 \u00a0 \u00a0 \u00a0 51-9.9927.9091<\/span><br \/><a href=\"dener@deepseguros.com.br\">dener@deepseguros.com.br<\/a>\u00a0 \u00a0 \u00a0 \u00a0 \u00a0<a href=\"diogo@deepseguros.com.br\">diogo@deepseguros.com.br<\/a><\/p>\n<p style=\"text-align: center;\"><span style=\"color: #ff0000;\">51-3019.3120<\/span><br \/><a href=\"http:\/\/www.deepseguros.com.br\">https:\/\/www.deepseguros.com.br<\/a><\/p>\n<p style=\"text-align: center;\"><span style=\"color: #0000ff;\">Rua dos Ara\u00e7as, 55, Bairro S\u00e3o Caetano, Porto Alegre \u2013 RS \u2013 91787-766<\/span><\/p>\n<p style=\"text-align: center;\"><span style=\"color: #0000ff;\">.<\/span><\/p>\n<p style=\"text-align: center;\"><span style=\"color: #0000ff;\"><img decoding=\"async\" class=\"alignnone size-medium wp-image-1479\" src=\"http:\/\/deepseguros.com.br\/wp-content\/uploads\/2026\/03\/fone-01-300x209.png\" alt=\"\" width=\"300\" height=\"209\" srcset=\"https:\/\/deepseguros.com.br\/wp-content\/uploads\/2026\/03\/fone-01-300x209.png 300w, https:\/\/deepseguros.com.br\/wp-content\/uploads\/2026\/03\/fone-01.png 676w\" sizes=\"(max-width: 300px) 100vw, 300px\" \/><\/span><br \/><span style=\"color: #0000ff;\">Voc\u00ea liga e fala.<\/span><br \/><span style=\"color: #0000ff;\">Voc\u00ea envia mensagem e recebe retorno.<\/span><\/p>\n<p style=\"text-align: center;\"><span style=\"color: #0000ff;\">N\u00e3o h\u00e1 chat ou qualquer forma de atendimento eletr\u00f4nico ou autom\u00e1tico<\/span><br \/><strong><span style=\"color: #339966;\">\u201cvoc\u00ea liga e FALA\u201d.<\/span><\/strong><\/p>\n<p style=\"text-align: center;\"><span style=\"color: #ffffff;\">.<\/span><span style=\"color: #ffffff;\">.<\/span><\/p>\n<p style=\"text-align: center;\"><span style=\"color: #0000ff;\">Ligou<\/span><br \/><span style=\"color: #ff0000;\">51.9.9113.0004\u00a0 \u00a0 &#8211;\u00a0 \u00a0 51.9.9927.9091<\/span><br \/><span style=\"color: #0000ff;\">resolveu<\/span><\/p>\n<p><img loading=\"lazy\" decoding=\"async\" class=\"wp-image-985 aligncenter\" src=\"http:\/\/deepseguros.com.br\/wp-content\/uploads\/2022\/03\/signal-283x300.jpg\" alt=\"\" width=\"70\" height=\"74\" srcset=\"https:\/\/deepseguros.com.br\/wp-content\/uploads\/2022\/03\/signal-283x300.jpg 283w, https:\/\/deepseguros.com.br\/wp-content\/uploads\/2022\/03\/signal.jpg 416w\" sizes=\"(max-width: 70px) 100vw, 70px\" \/><\/p>\n<p style=\"text-align: center;\"><span style=\"color: #0000ff;\">Por quest\u00e3o de seguran\u00e7a nos dados,<\/span> <span style=\"color: #ff0000;\">seus dados<\/span><span style=\"color: #0000ff;\">, de seus seguros, suas informa\u00e7\u00f5es pessoais,<\/span><br \/><span style=\"color: #ff0000;\">nosso compromisso<\/span> <span style=\"color: #0000ff;\">em preservar todas essas e quais quer outras informa\u00e7\u00f5es,<\/span><br \/><span style=\"color: #0000ff;\">optamos, tamb\u00e9m, pelo signal e<\/span> <span style=\"color: #ff0000;\">n\u00e3o somente pelo whatsapp.<\/span><\/p>\n<p style=\"text-align: center;\"><span style=\"color: #0000ff;\">Cadastre-nos no SIGNAL<\/span> <a href=\"https:\/\/signal.org\/install\">https:\/\/signal.org\/install<\/a><span style=\"color: #0000ff;\">, caso queira<\/span><br \/><span style=\"color: #0000ff;\">ou continue nos contactando pelo whatsapp.<\/span><\/p>\n<p><img loading=\"lazy\" decoding=\"async\" class=\"alignnone  wp-image-1486 aligncenter\" src=\"http:\/\/deepseguros.com.br\/wp-content\/uploads\/2026\/03\/deep-dupla-300x174.png\" alt=\"\" width=\"439\" height=\"254\" srcset=\"https:\/\/deepseguros.com.br\/wp-content\/uploads\/2026\/03\/deep-dupla-300x174.png 300w, https:\/\/deepseguros.com.br\/wp-content\/uploads\/2026\/03\/deep-dupla.png 669w\" sizes=\"(max-width: 439px) 100vw, 439px\" \/><\/p>\n\n\n<p><\/p>\n","protected":false},"excerpt":{"rendered":"<p>24h de tranquilidade, todos os dias . . 51-9.9113.0004\u00a0 \u00a0 \u00a0 \u00a0 \u00a0 51-9.9927.9091dener@deepseguros.com.br\u00a0 \u00a0 \u00a0 \u00a0 \u00a0diogo@deepseguros.com.br 51-3019.3120https:\/\/www.deepseguros.com.br Rua dos Ara\u00e7as, 55, Bairro S\u00e3o Caetano, Porto Alegre \u2013 RS \u2013 91787-766 . Voc\u00ea liga e fala.Voc\u00ea envia mensagem e recebe retorno. N\u00e3o h\u00e1 chat ou qualquer forma de atendimento eletr\u00f4nico ou autom\u00e1tico\u201cvoc\u00ea liga e [&hellip;]<\/p>\n","protected":false},"author":1,"featured_media":0,"parent":0,"menu_order":0,"comment_status":"closed","ping_status":"closed","template":"","meta":{"site-sidebar-layout":"default","site-content-layout":"default","ast-site-content-layout":"default","site-content-style":"default","site-sidebar-style":"default","ast-global-header-display":"","ast-banner-title-visibility":"","ast-main-header-display":"","ast-hfb-above-header-display":"","ast-hfb-below-header-display":"","ast-hfb-mobile-header-display":"","site-post-title":"","ast-breadcrumbs-content":"","ast-featured-img":"","footer-sml-layout":"","ast-disable-related-posts":"","theme-transparent-header-meta":"default","adv-header-id-meta":"","stick-header-meta":"","header-above-stick-meta":"","header-main-stick-meta":"","header-below-stick-meta":"","astra-migrate-meta-layouts":"set","ast-page-background-enabled":"default","ast-page-background-meta":{"desktop":{"background-color":"var(--ast-global-color-4)","background-image":"","background-repeat":"repeat","background-position":"center center","background-size":"auto","background-attachment":"scroll","background-type":"","background-media":"","overlay-type":"","overlay-color":"","overlay-opacity":"","overlay-gradient":""},"tablet":{"background-color":"","background-image":"","background-repeat":"repeat","background-position":"center center","background-size":"auto","background-attachment":"scroll","background-type":"","background-media":"","overlay-type":"","overlay-color":"","overlay-opacity":"","overlay-gradient":""},"mobile":{"background-color":"","background-image":"","background-repeat":"repeat","background-position":"center center","background-size":"auto","background-attachment":"scroll","background-type":"","background-media":"","overlay-type":"","overlay-color":"","overlay-opacity":"","overlay-gradient":""}},"ast-content-background-meta":{"desktop":{"background-color":"var(--ast-global-color-5)","background-image":"","background-repeat":"repeat","background-position":"center center","background-size":"auto","background-attachment":"scroll","background-type":"","background-media":"","overlay-type":"","overlay-color":"","overlay-opacity":"","overlay-gradient":""},"tablet":{"background-color":"var(--ast-global-color-5)","background-image":"","background-repeat":"repeat","background-position":"center center","background-size":"auto","background-attachment":"scroll","background-type":"","background-media":"","overlay-type":"","overlay-color":"","overlay-opacity":"","overlay-gradient":""},"mobile":{"background-color":"var(--ast-global-color-5)","background-image":"","background-repeat":"repeat","background-position":"center center","background-size":"auto","background-attachment":"scroll","background-type":"","background-media":"","overlay-type":"","overlay-color":"","overlay-opacity":"","overlay-gradient":""}},"footnotes":""},"class_list":["post-63","page","type-page","status-publish","hentry"],"yoast_head":"<!-- This site is optimized with the Yoast SEO plugin v27.4 - https:\/\/yoast.com\/product\/yoast-seo-wordpress\/ -->\n<title>Contato - Deep Seguros<\/title>\n<meta name=\"robots\" content=\"index, follow, max-snippet:-1, max-image-preview:large, max-video-preview:-1\" \/>\n<link rel=\"canonical\" href=\"https:\/\/deepseguros.com.br\/?page_id=63\" \/>\n<meta property=\"og:locale\" content=\"pt_BR\" \/>\n<meta property=\"og:type\" content=\"article\" \/>\n<meta property=\"og:title\" content=\"Contato - Deep Seguros\" \/>\n<meta property=\"og:description\" content=\"24h de tranquilidade, todos os dias . . 51-9.9113.0004\u00a0 \u00a0 \u00a0 \u00a0 \u00a0 51-9.9927.9091dener@deepseguros.com.br\u00a0 \u00a0 \u00a0 \u00a0 \u00a0diogo@deepseguros.com.br 51-3019.3120https:\/\/www.deepseguros.com.br Rua dos Ara\u00e7as, 55, Bairro S\u00e3o Caetano, Porto Alegre \u2013 RS \u2013 91787-766 . Voc\u00ea liga e fala.Voc\u00ea envia mensagem e recebe retorno. N\u00e3o h\u00e1 chat ou qualquer forma de atendimento eletr\u00f4nico ou autom\u00e1tico\u201cvoc\u00ea liga e [&hellip;]\" \/>\n<meta property=\"og:url\" content=\"https:\/\/deepseguros.com.br\/?page_id=63\" \/>\n<meta property=\"og:site_name\" content=\"Deep Seguros\" \/>\n<meta property=\"article:modified_time\" content=\"2026-03-10T20:45:47+00:00\" \/>\n<meta property=\"og:image\" content=\"https:\/\/deepseguros.com.br\/wp-content\/uploads\/2026\/03\/budha-01.png\" \/>\n\t<meta property=\"og:image:width\" content=\"866\" \/>\n\t<meta property=\"og:image:height\" content=\"488\" \/>\n\t<meta property=\"og:image:type\" content=\"image\/png\" \/>\n<meta name=\"twitter:card\" content=\"summary_large_image\" \/>\n<meta name=\"twitter:label1\" content=\"Est. tempo de leitura\" \/>\n\t<meta name=\"twitter:data1\" content=\"2 minutos\" \/>\n<script type=\"application\/ld+json\" class=\"yoast-schema-graph\">{\"@context\":\"https:\\\/\\\/schema.org\",\"@graph\":[{\"@type\":\"WebPage\",\"@id\":\"https:\\\/\\\/deepseguros.com.br\\\/?page_id=63\",\"url\":\"https:\\\/\\\/deepseguros.com.br\\\/?page_id=63\",\"name\":\"Contato - Deep Seguros\",\"isPartOf\":{\"@id\":\"https:\\\/\\\/deepseguros.com.br\\\/#website\"},\"primaryImageOfPage\":{\"@id\":\"https:\\\/\\\/deepseguros.com.br\\\/?page_id=63#primaryimage\"},\"image\":{\"@id\":\"https:\\\/\\\/deepseguros.com.br\\\/?page_id=63#primaryimage\"},\"thumbnailUrl\":\"http:\\\/\\\/deepseguros.com.br\\\/wp-content\\\/uploads\\\/2026\\\/03\\\/budha-01-300x169.png\",\"datePublished\":\"2020-12-15T19:25:22+00:00\",\"dateModified\":\"2026-03-10T20:45:47+00:00\",\"breadcrumb\":{\"@id\":\"https:\\\/\\\/deepseguros.com.br\\\/?page_id=63#breadcrumb\"},\"inLanguage\":\"pt-BR\",\"potentialAction\":[{\"@type\":\"ReadAction\",\"target\":[\"https:\\\/\\\/deepseguros.com.br\\\/?page_id=63\"]}]},{\"@type\":\"ImageObject\",\"inLanguage\":\"pt-BR\",\"@id\":\"https:\\\/\\\/deepseguros.com.br\\\/?page_id=63#primaryimage\",\"url\":\"https:\\\/\\\/deepseguros.com.br\\\/wp-content\\\/uploads\\\/2026\\\/03\\\/budha-01.png\",\"contentUrl\":\"https:\\\/\\\/deepseguros.com.br\\\/wp-content\\\/uploads\\\/2026\\\/03\\\/budha-01.png\",\"width\":866,\"height\":488},{\"@type\":\"BreadcrumbList\",\"@id\":\"https:\\\/\\\/deepseguros.com.br\\\/?page_id=63#breadcrumb\",\"itemListElement\":[{\"@type\":\"ListItem\",\"position\":1,\"name\":\"In\u00edcio\",\"item\":\"https:\\\/\\\/deepseguros.com.br\\\/\"},{\"@type\":\"ListItem\",\"position\":2,\"name\":\"Contato\"}]},{\"@type\":\"WebSite\",\"@id\":\"https:\\\/\\\/deepseguros.com.br\\\/#website\",\"url\":\"https:\\\/\\\/deepseguros.com.br\\\/\",\"name\":\"Deep Seguros\",\"description\":\"24h de tranquilidade, todos os dias\",\"potentialAction\":[{\"@type\":\"SearchAction\",\"target\":{\"@type\":\"EntryPoint\",\"urlTemplate\":\"https:\\\/\\\/deepseguros.com.br\\\/?s={search_term_string}\"},\"query-input\":{\"@type\":\"PropertyValueSpecification\",\"valueRequired\":true,\"valueName\":\"search_term_string\"}}],\"inLanguage\":\"pt-BR\"}]}<\/script>\n<!-- \/ Yoast SEO plugin. -->","yoast_head_json":{"title":"Contato - Deep Seguros","robots":{"index":"index","follow":"follow","max-snippet":"max-snippet:-1","max-image-preview":"max-image-preview:large","max-video-preview":"max-video-preview:-1"},"canonical":"https:\/\/deepseguros.com.br\/?page_id=63","og_locale":"pt_BR","og_type":"article","og_title":"Contato - Deep Seguros","og_description":"24h de tranquilidade, todos os dias . . 51-9.9113.0004\u00a0 \u00a0 \u00a0 \u00a0 \u00a0 51-9.9927.9091dener@deepseguros.com.br\u00a0 \u00a0 \u00a0 \u00a0 \u00a0diogo@deepseguros.com.br 51-3019.3120https:\/\/www.deepseguros.com.br Rua dos Ara\u00e7as, 55, Bairro S\u00e3o Caetano, Porto Alegre \u2013 RS \u2013 91787-766 . Voc\u00ea liga e fala.Voc\u00ea envia mensagem e recebe retorno. N\u00e3o h\u00e1 chat ou qualquer forma de atendimento eletr\u00f4nico ou autom\u00e1tico\u201cvoc\u00ea liga e [&hellip;]","og_url":"https:\/\/deepseguros.com.br\/?page_id=63","og_site_name":"Deep Seguros","article_modified_time":"2026-03-10T20:45:47+00:00","og_image":[{"width":866,"height":488,"url":"https:\/\/deepseguros.com.br\/wp-content\/uploads\/2026\/03\/budha-01.png","type":"image\/png"}],"twitter_card":"summary_large_image","twitter_misc":{"Est. tempo de leitura":"2 minutos"},"schema":{"@context":"https:\/\/schema.org","@graph":[{"@type":"WebPage","@id":"https:\/\/deepseguros.com.br\/?page_id=63","url":"https:\/\/deepseguros.com.br\/?page_id=63","name":"Contato - Deep Seguros","isPartOf":{"@id":"https:\/\/deepseguros.com.br\/#website"},"primaryImageOfPage":{"@id":"https:\/\/deepseguros.com.br\/?page_id=63#primaryimage"},"image":{"@id":"https:\/\/deepseguros.com.br\/?page_id=63#primaryimage"},"thumbnailUrl":"http:\/\/deepseguros.com.br\/wp-content\/uploads\/2026\/03\/budha-01-300x169.png","datePublished":"2020-12-15T19:25:22+00:00","dateModified":"2026-03-10T20:45:47+00:00","breadcrumb":{"@id":"https:\/\/deepseguros.com.br\/?page_id=63#breadcrumb"},"inLanguage":"pt-BR","potentialAction":[{"@type":"ReadAction","target":["https:\/\/deepseguros.com.br\/?page_id=63"]}]},{"@type":"ImageObject","inLanguage":"pt-BR","@id":"https:\/\/deepseguros.com.br\/?page_id=63#primaryimage","url":"https:\/\/deepseguros.com.br\/wp-content\/uploads\/2026\/03\/budha-01.png","contentUrl":"https:\/\/deepseguros.com.br\/wp-content\/uploads\/2026\/03\/budha-01.png","width":866,"height":488},{"@type":"BreadcrumbList","@id":"https:\/\/deepseguros.com.br\/?page_id=63#breadcrumb","itemListElement":[{"@type":"ListItem","position":1,"name":"In\u00edcio","item":"https:\/\/deepseguros.com.br\/"},{"@type":"ListItem","position":2,"name":"Contato"}]},{"@type":"WebSite","@id":"https:\/\/deepseguros.com.br\/#website","url":"https:\/\/deepseguros.com.br\/","name":"Deep Seguros","description":"24h de tranquilidade, todos os dias","potentialAction":[{"@type":"SearchAction","target":{"@type":"EntryPoint","urlTemplate":"https:\/\/deepseguros.com.br\/?s={search_term_string}"},"query-input":{"@type":"PropertyValueSpecification","valueRequired":true,"valueName":"search_term_string"}}],"inLanguage":"pt-BR"}]}},"_links":{"self":[{"href":"https:\/\/deepseguros.com.br\/index.php?rest_route=\/wp\/v2\/pages\/63","targetHints":{"allow":["GET"]}}],"collection":[{"href":"https:\/\/deepseguros.com.br\/index.php?rest_route=\/wp\/v2\/pages"}],"about":[{"href":"https:\/\/deepseguros.com.br\/index.php?rest_route=\/wp\/v2\/types\/page"}],"author":[{"embeddable":true,"href":"https:\/\/deepseguros.com.br\/index.php?rest_route=\/wp\/v2\/users\/1"}],"replies":[{"embeddable":true,"href":"https:\/\/deepseguros.com.br\/index.php?rest_route=%2Fwp%2Fv2%2Fcomments&post=63"}],"version-history":[{"count":13,"href":"https:\/\/deepseguros.com.br\/index.php?rest_route=\/wp\/v2\/pages\/63\/revisions"}],"predecessor-version":[{"id":1488,"href":"https:\/\/deepseguros.com.br\/index.php?rest_route=\/wp\/v2\/pages\/63\/revisions\/1488"}],"wp:attachment":[{"href":"https:\/\/deepseguros.com.br\/index.php?rest_route=%2Fwp%2Fv2%2Fmedia&parent=63"}],"curies":[{"name":"wp","href":"https:\/\/api.w.org\/{rel}","templated":true}]}}